{"id":97359,"date":"2022-04-21T09:17:52","date_gmt":"2022-04-21T09:17:52","guid":{"rendered":"https:\/\/regenerative-agriculture.danone.com\/pagina-principala\/"},"modified":"2022-04-28T11:58:51","modified_gmt":"2022-04-28T11:58:51","slug":"pagina-principala","status":"publish","type":"page","link":"https:\/\/regenerative-agriculture.danone.com\/ro\/","title":{"rendered":"Pagina principal\u0103"},"content":{"rendered":"<style>#kt-layout-id_5fa697-10 > .kt-row-column-wrap{align-content:start;}:where(#kt-layout-id_5fa697-10 > .kt-row-column-wrap) > .wp-block-kadence-column{justify-content:start;}#kt-layout-id_5fa697-10 > .kt-row-column-wrap{column-gap:var(--global-kb-gap-md, 2rem);row-gap:var(--global-kb-gap-md, 2rem);padding-top:var( --global-kb-row-default-top, 25px );padding-bottom:var( --global-kb-row-default-bottom, 25px );padding-top:75px;grid-template-columns:minmax(0, 1fr);}#kt-layout-id_5fa697-10 > .kt-row-layout-overlay{opacity:0.30;}@media all and (max-width: 1024px){#kt-layout-id_5fa697-10 > .kt-row-column-wrap{grid-template-columns:minmax(0, 1fr);}}@media all and (max-width: 767px){#kt-layout-id_5fa697-10 > .kt-row-column-wrap{grid-template-columns:minmax(0, 1fr);}}<\/style>\n<div class=\"wp-block-kadence-rowlayout alignfull\"><div id=\"kt-layout-id_5fa697-10\" class=\"kt-row-layout-inner kt-layout-id_5fa697-10\"><div class=\"kt-row-column-wrap kt-has-1-columns kt-gutter-default kt-v-gutter-default kt-row-valign-top kt-row-layout-equal kt-tab-layout-inherit kt-m-colapse-left-to-right kt-mobile-layout-row\"><style>.kadence-column_fe069b-68 > .kt-inside-inner-col{border-top-width:0px;border-right-width:0px;border-bottom-width:0px;border-left-width:0px;}.kadence-column_fe069b-68 > .kt-inside-inner-col,.kadence-column_fe069b-68 > .kt-inside-inner-col:before{border-top-left-radius:0px;border-top-right-radius:0px;border-bottom-right-radius:0px;border-bottom-left-radius:0px;}.kadence-column_fe069b-68 > .kt-inside-inner-col{column-gap:var(--global-kb-gap-sm, 1rem);}.kadence-column_fe069b-68 > .kt-inside-inner-col{flex-direction:column;}.kadence-column_fe069b-68 > .kt-inside-inner-col > .aligncenter{width:100%;}.kadence-column_fe069b-68 > .kt-inside-inner-col:before{opacity:0.3;}.kadence-column_fe069b-68{position:relative;}@media all and (max-width: 1024px){.kadence-column_fe069b-68 > .kt-inside-inner-col{flex-direction:column;justify-content:center;}}@media all and (max-width: 767px){.kadence-column_fe069b-68 > .kt-inside-inner-col{flex-direction:column;justify-content:center;}}<\/style>\n<div class=\"wp-block-kadence-column inner-column-1 kadence-column_fe069b-68\"><div class=\"kt-inside-inner-col\">\n<h1 class=\"has-text-align-center has-blue-color has-text-color wp-block-heading\" id=\"from-the-field\">\u00cen centrul aten\u021biei.<\/h1>\n\n\n<\/div><\/div>\n<\/div><\/div><\/div>\n<style>#kt-layout-id_ff2bfd-41 > .kt-row-column-wrap{align-content:start;}:where(#kt-layout-id_ff2bfd-41 > .kt-row-column-wrap) > .wp-block-kadence-column{justify-content:start;}#kt-layout-id_ff2bfd-41 > .kt-row-column-wrap{column-gap:var(--global-kb-gap-md, 2rem);row-gap:var(--global-kb-gap-md, 2rem);padding-top:var( --global-kb-row-default-top, 25px );padding-bottom:var( --global-kb-row-default-bottom, 25px );padding-top:75px;grid-template-columns:minmax(0, 1fr);}#kt-layout-id_ff2bfd-41 > .kt-row-layout-overlay{opacity:0.30;}@media all and (max-width: 1024px){#kt-layout-id_ff2bfd-41 > .kt-row-column-wrap{grid-template-columns:minmax(0, 1fr);}}@media all and (max-width: 767px){#kt-layout-id_ff2bfd-41 > .kt-row-column-wrap{grid-template-columns:minmax(0, 1fr);}}<\/style>\n<div class=\"wp-block-kadence-rowlayout alignfull\"><div id=\"kt-layout-id_ff2bfd-41\" class=\"kt-row-layout-inner kt-layout-id_ff2bfd-41\"><div class=\"kt-row-column-wrap kt-has-1-columns kt-gutter-default kt-v-gutter-default kt-row-valign-top kt-row-layout-equal kt-tab-layout-inherit kt-m-colapse-left-to-right kt-mobile-layout-row\"><style>.kadence-column_082d29-02 > .kt-inside-inner-col{border-top-width:0px;border-right-width:0px;border-bottom-width:0px;border-left-width:0px;}.kadence-column_082d29-02 > .kt-inside-inner-col,.kadence-column_082d29-02 > .kt-inside-inner-col:before{border-top-left-radius:0px;border-top-right-radius:0px;border-bottom-right-radius:0px;border-bottom-left-radius:0px;}.kadence-column_082d29-02 > .kt-inside-inner-col{column-gap:var(--global-kb-gap-sm, 1rem);}.kadence-column_082d29-02 > .kt-inside-inner-col{flex-direction:column;}.kadence-column_082d29-02 > .kt-inside-inner-col > .aligncenter{width:100%;}.kadence-column_082d29-02 > .kt-inside-inner-col:before{opacity:0.3;}.kadence-column_082d29-02{position:relative;}@media all and (max-width: 1024px){.kadence-column_082d29-02 > .kt-inside-inner-col{flex-direction:column;justify-content:center;}}@media all and (max-width: 767px){.kadence-column_082d29-02 > .kt-inside-inner-col{flex-direction:column;justify-content:center;}}<\/style>\n<div class=\"wp-block-kadence-column inner-column-1 kadence-column_082d29-02\"><div class=\"kt-inside-inner-col\">\n<h1 class=\"has-text-align-center has-blue-color has-text-color wp-block-heading\" id=\"from-the-field\">De pe teren<\/h1>\n\n\n<section class=\"from-the-field\">\n    <div class=\"from-the-field__container\">\n        <div class=\"from-the-field__vak\">\n    <a href=\"https:\/\/regenerative-agriculture.danone.com\/ro\/projects\/grasime-suplimentara-in-proportie-pentru-cresterea-volumului-si-calitatii-laptelui\/\" class=\"imgbox\">\n      <img loading=\"lazy\" decoding=\"async\" width=\"1024\" height=\"683\" src=\"https:\/\/danoneregag.s3.eu-west-3.amazonaws.com\/2021\/07\/IMG_1564_R2-scaled.jpg\" class=\"attachment-project size-project wp-post-image\" alt=\"\" srcset=\"https:\/\/danoneregag.s3.eu-west-3.amazonaws.com\/2021\/07\/IMG_1564_R2-scaled.jpg 2560w, https:\/\/danoneregag.s3.eu-west-3.amazonaws.com\/2021\/07\/IMG_1564_R2-300x200.jpg 300w, https:\/\/danoneregag.s3.eu-west-3.amazonaws.com\/2021\/07\/IMG_1564_R2-1024x683.jpg 1024w, https:\/\/danoneregag.s3.eu-west-3.amazonaws.com\/2021\/07\/IMG_1564_R2-768x512.jpg 768w, https:\/\/danoneregag.s3.eu-west-3.amazonaws.com\/2021\/07\/IMG_1564_R2-1536x1024.jpg 1536w, https:\/\/danoneregag.s3.eu-west-3.amazonaws.com\/2021\/07\/IMG_1564_R2-2048x1365.jpg 2048w, https:\/\/danoneregag.s3.eu-west-3.amazonaws.com\/2021\/07\/IMG_1564_R2-350x233.jpg 350w\" sizes=\"auto, (max-width: 1024px) 100vw, 1024px\" \/>    <\/a>\n        <p>Rom\u00e2nia<\/p>\n    <h4>Gr\u0103sime suplimentar\u0103 \u00een propor\u021bie pentru cre\u0219terea volumului \u0219i calit\u0103\u021bii laptelui<\/h4>\n    <a href=\"https:\/\/regenerative-agriculture.danone.com\/ro\/projects\/grasime-suplimentara-in-proportie-pentru-cresterea-volumului-si-calitatii-laptelui\/\">\n        <span class=\"icon-arrow-right\"><\/span>\n        <span>descoperi\u021bi acum<\/span>\n    <\/a>\n<\/div><div class=\"from-the-field__vak\">\n    <a href=\"https:\/\/regenerative-agriculture.danone.com\/ro\/projects\/fertilizarea-de-precizie-si-sanatatea-solului\/\" class=\"imgbox\">\n      <img loading=\"lazy\" decoding=\"async\" width=\"1024\" height=\"576\" src=\"https:\/\/danoneregag.s3.eu-west-3.amazonaws.com\/2021\/05\/Muestras-3-1.jpg\" class=\"attachment-project size-project wp-post-image\" alt=\"\" srcset=\"https:\/\/danoneregag.s3.eu-west-3.amazonaws.com\/2021\/05\/Muestras-3-1.jpg 1920w, https:\/\/danoneregag.s3.eu-west-3.amazonaws.com\/2021\/05\/Muestras-3-1-300x169.jpg 300w, https:\/\/danoneregag.s3.eu-west-3.amazonaws.com\/2021\/05\/Muestras-3-1-1024x576.jpg 1024w, https:\/\/danoneregag.s3.eu-west-3.amazonaws.com\/2021\/05\/Muestras-3-1-768x432.jpg 768w, https:\/\/danoneregag.s3.eu-west-3.amazonaws.com\/2021\/05\/Muestras-3-1-1536x864.jpg 1536w, https:\/\/danoneregag.s3.eu-west-3.amazonaws.com\/2021\/05\/Muestras-3-1-350x197.jpg 350w\" sizes=\"auto, (max-width: 1024px) 100vw, 1024px\" \/>    <\/a>\n        <p>Spania<\/p>\n    <h4>Fertilizarea de precizie \u0219i s\u0103n\u0103tatea solului<\/h4>\n    <a href=\"https:\/\/regenerative-agriculture.danone.com\/ro\/projects\/fertilizarea-de-precizie-si-sanatatea-solului\/\">\n        <span class=\"icon-arrow-right\"><\/span>\n        <span>descoperi\u021bi acum<\/span>\n    <\/a>\n<\/div><div class=\"from-the-field__vak\">\n    <a href=\"https:\/\/regenerative-agriculture.danone.com\/ro\/projects\/prelungirea-perioadei-de-pasunat\/\" class=\"imgbox\">\n      <img loading=\"lazy\" decoding=\"async\" width=\"1024\" height=\"683\" src=\"https:\/\/danoneregag.s3.eu-west-3.amazonaws.com\/2021\/07\/Danone-Ecosystem_Normandie2-scaled.jpg\" class=\"attachment-project size-project wp-post-image\" alt=\"\" srcset=\"https:\/\/danoneregag.s3.eu-west-3.amazonaws.com\/2021\/07\/Danone-Ecosystem_Normandie2-scaled.jpg 2560w, https:\/\/danoneregag.s3.eu-west-3.amazonaws.com\/2021\/07\/Danone-Ecosystem_Normandie2-300x200.jpg 300w, https:\/\/danoneregag.s3.eu-west-3.amazonaws.com\/2021\/07\/Danone-Ecosystem_Normandie2-1024x683.jpg 1024w, https:\/\/danoneregag.s3.eu-west-3.amazonaws.com\/2021\/07\/Danone-Ecosystem_Normandie2-768x512.jpg 768w, https:\/\/danoneregag.s3.eu-west-3.amazonaws.com\/2021\/07\/Danone-Ecosystem_Normandie2-1536x1024.jpg 1536w, https:\/\/danoneregag.s3.eu-west-3.amazonaws.com\/2021\/07\/Danone-Ecosystem_Normandie2-2048x1365.jpg 2048w, https:\/\/danoneregag.s3.eu-west-3.amazonaws.com\/2021\/07\/Danone-Ecosystem_Normandie2-350x233.jpg 350w\" sizes=\"auto, (max-width: 1024px) 100vw, 1024px\" \/>    <\/a>\n        <p>Fran\u021ba<\/p>\n    <h4>Prelungirea perioadei de p\u0103\u0219unat<\/h4>\n    <a href=\"https:\/\/regenerative-agriculture.danone.com\/ro\/projects\/prelungirea-perioadei-de-pasunat\/\">\n        <span class=\"icon-arrow-right\"><\/span>\n        <span>descoperi\u021bi acum<\/span>\n    <\/a>\n<\/div><div class=\"from-the-field__vak\">\n    <a href=\"https:\/\/regenerative-agriculture.danone.com\/ro\/projects\/imbunatatirea-eficientei-hranei-si-a-nutrimentelor-pentru-obtinerea-unei-digestibilitati-superioare\/\" class=\"imgbox\">\n      <img loading=\"lazy\" decoding=\"async\" width=\"1024\" height=\"683\" src=\"https:\/\/danoneregag.s3.eu-west-3.amazonaws.com\/2021\/07\/DSM_TMR-feed-Cows-scaled.jpg\" class=\"attachment-project size-project wp-post-image\" alt=\"\" srcset=\"https:\/\/danoneregag.s3.eu-west-3.amazonaws.com\/2021\/07\/DSM_TMR-feed-Cows-scaled.jpg 2560w, https:\/\/danoneregag.s3.eu-west-3.amazonaws.com\/2021\/07\/DSM_TMR-feed-Cows-300x200.jpg 300w, https:\/\/danoneregag.s3.eu-west-3.amazonaws.com\/2021\/07\/DSM_TMR-feed-Cows-1024x683.jpg 1024w, https:\/\/danoneregag.s3.eu-west-3.amazonaws.com\/2021\/07\/DSM_TMR-feed-Cows-768x512.jpg 768w, https:\/\/danoneregag.s3.eu-west-3.amazonaws.com\/2021\/07\/DSM_TMR-feed-Cows-1536x1024.jpg 1536w, https:\/\/danoneregag.s3.eu-west-3.amazonaws.com\/2021\/07\/DSM_TMR-feed-Cows-2048x1365.jpg 2048w, https:\/\/danoneregag.s3.eu-west-3.amazonaws.com\/2021\/07\/DSM_TMR-feed-Cows-350x233.jpg 350w\" sizes=\"auto, (max-width: 1024px) 100vw, 1024px\" \/>    <\/a>\n        <p>Fran\u021ba<\/p>\n    <h4>\u00cembun\u0103t\u0103\u021birea eficien\u021bei hranei \u0219i a nutrimentelor pentru ob\u021binerea unei digestibilit\u0103\u021bi superioare<\/h4>\n    <a href=\"https:\/\/regenerative-agriculture.danone.com\/ro\/projects\/imbunatatirea-eficientei-hranei-si-a-nutrimentelor-pentru-obtinerea-unei-digestibilitati-superioare\/\">\n        <span class=\"icon-arrow-right\"><\/span>\n        <span>descoperi\u021bi acum<\/span>\n    <\/a>\n<\/div>    <\/div>\n<\/section>    \n<\/div><\/div>\n<\/div><\/div><\/div>\n<style>#kt-layout-id_6880af-58 > .kt-row-column-wrap{align-content:start;}:where(#kt-layout-id_6880af-58 > .kt-row-column-wrap) > .wp-block-kadence-column{justify-content:start;}#kt-layout-id_6880af-58 > .kt-row-column-wrap{column-gap:20px;row-gap:var(--global-kb-gap-md, 2rem);padding-top:var( --global-kb-row-default-top, 25px );padding-bottom:var( --global-kb-row-default-bottom, 25px );padding-top:var(--global-kb-spacing-sm, 1.5rem);padding-bottom:var(--global-kb-spacing-sm, 1.5rem);grid-template-columns:repeat(2, minmax(0, 1fr));}#kt-layout-id_6880af-58 > .kt-row-layout-overlay{opacity:0.30;}@media all and (max-width: 1024px){#kt-layout-id_6880af-58 > .kt-row-column-wrap{grid-template-columns:repeat(2, minmax(0, 1fr));}}@media all and (max-width: 767px){#kt-layout-id_6880af-58 > .kt-row-column-wrap{grid-template-columns:minmax(0, 1fr);}}<\/style>\n<div class=\"wp-block-kadence-rowlayout alignfull\"><div id=\"kt-layout-id_6880af-58\" class=\"kt-row-layout-inner kt-layout-id_6880af-58\"><div class=\"kt-row-column-wrap kt-has-2-columns kt-gutter-narrow kt-v-gutter-default kt-row-valign-top kt-row-layout-equal kt-tab-layout-inherit kt-m-colapse-left-to-right kt-mobile-layout-row\"><style>.kadence-column_b39ecd-1c > .kt-inside-inner-col{border-top-width:0px;border-right-width:0px;border-bottom-width:0px;border-left-width:0px;}.kadence-column_b39ecd-1c > .kt-inside-inner-col,.kadence-column_b39ecd-1c > .kt-inside-inner-col:before{border-top-left-radius:0px;border-top-right-radius:0px;border-bottom-right-radius:0px;border-bottom-left-radius:0px;}.kadence-column_b39ecd-1c > .kt-inside-inner-col{column-gap:var(--global-kb-gap-sm, 1rem);}.kadence-column_b39ecd-1c > .kt-inside-inner-col{flex-direction:column;}.kadence-column_b39ecd-1c > .kt-inside-inner-col > .aligncenter{width:100%;}.kadence-column_b39ecd-1c > .kt-inside-inner-col:before{opacity:0.3;}.kadence-column_b39ecd-1c{position:relative;}@media all and (max-width: 1024px){.kadence-column_b39ecd-1c > .kt-inside-inner-col{flex-direction:column;justify-content:center;}}@media all and (max-width: 767px){.kadence-column_b39ecd-1c > .kt-inside-inner-col{flex-direction:column;justify-content:center;}}<\/style>\n<div class=\"wp-block-kadence-column inner-column-1 kadence-column_b39ecd-1c\"><div class=\"kt-inside-inner-col\">                                  <section class=\"home-links\">\n                <a href=\"\/fermieri\" class=\"home-links__container img-purple\">\n                    <h3>Face\u021bi cuno\u0219tin\u021b\u0103 cu fermierii no\u0219tri<\/h3>\n                    <span class=\"icon-arrow-right\"><\/span>\n                <\/a>\n            <\/section>\n                                <\/div><\/div>\n\n\n<style>.kadence-column_2e71a6-e9 > .kt-inside-inner-col{border-top-width:0px;border-right-width:0px;border-bottom-width:0px;border-left-width:0px;}.kadence-column_2e71a6-e9 > .kt-inside-inner-col,.kadence-column_2e71a6-e9 > .kt-inside-inner-col:before{border-top-left-radius:0px;border-top-right-radius:0px;border-bottom-right-radius:0px;border-bottom-left-radius:0px;}.kadence-column_2e71a6-e9 > .kt-inside-inner-col{column-gap:var(--global-kb-gap-sm, 1rem);}.kadence-column_2e71a6-e9 > .kt-inside-inner-col{flex-direction:column;}.kadence-column_2e71a6-e9 > .kt-inside-inner-col > .aligncenter{width:100%;}.kadence-column_2e71a6-e9 > .kt-inside-inner-col:before{opacity:0.3;}.kadence-column_2e71a6-e9{position:relative;}@media all and (max-width: 1024px){.kadence-column_2e71a6-e9 > .kt-inside-inner-col{flex-direction:column;justify-content:center;}}@media all and (max-width: 767px){.kadence-column_2e71a6-e9 > .kt-inside-inner-col{flex-direction:column;justify-content:center;}}<\/style>\n<div class=\"wp-block-kadence-column inner-column-2 kadence-column_2e71a6-e9\"><div class=\"kt-inside-inner-col\">                                  <section class=\"home-links\">\n                <a href=\"\/proiecte\" class=\"home-links__container img-apblue\">\n                    <h3>Descoperi\u021bi practicile noastre optime<\/h3>\n                    <span class=\"icon-arrow-right\"><\/span>\n                <\/a>\n            <\/section>\n                                <\/div><\/div>\n<\/div><\/div><\/div>\n<style>#kt-layout-id_781d3a-99 > .kt-row-column-wrap{align-content:start;}:where(#kt-layout-id_781d3a-99 > .kt-row-column-wrap) > .wp-block-kadence-column{justify-content:start;}#kt-layout-id_781d3a-99 > .kt-row-column-wrap{column-gap:var(--global-kb-gap-md, 2rem);row-gap:var(--global-kb-gap-md, 2rem);padding-top:var( --global-kb-row-default-top, 25px );padding-bottom:var( --global-kb-row-default-bottom, 25px );padding-top:var(--global-kb-spacing-sm, 1.5rem);padding-bottom:var(--global-kb-spacing-sm, 1.5rem);grid-template-columns:minmax(0, 1fr);}#kt-layout-id_781d3a-99 > .kt-row-layout-overlay{opacity:0.30;}@media all and (max-width: 1024px){#kt-layout-id_781d3a-99 > .kt-row-column-wrap{grid-template-columns:minmax(0, 1fr);}}@media all and (max-width: 767px){#kt-layout-id_781d3a-99 > .kt-row-column-wrap{grid-template-columns:minmax(0, 1fr);}}<\/style>\n<div class=\"wp-block-kadence-rowlayout alignfull\"><div id=\"kt-layout-id_781d3a-99\" class=\"kt-row-layout-inner kt-layout-id_781d3a-99\"><div class=\"kt-row-column-wrap kt-has-1-columns kt-gutter-default kt-v-gutter-default kt-row-valign-top kt-row-layout-equal kt-tab-layout-inherit kt-m-colapse-left-to-right kt-mobile-layout-row\"><style>.kadence-column_2a3bd6-c9 > .kt-inside-inner-col{border-top-width:0px;border-right-width:0px;border-bottom-width:0px;border-left-width:0px;}.kadence-column_2a3bd6-c9 > .kt-inside-inner-col,.kadence-column_2a3bd6-c9 > .kt-inside-inner-col:before{border-top-left-radius:0px;border-top-right-radius:0px;border-bottom-right-radius:0px;border-bottom-left-radius:0px;}.kadence-column_2a3bd6-c9 > .kt-inside-inner-col{column-gap:var(--global-kb-gap-sm, 1rem);}.kadence-column_2a3bd6-c9 > .kt-inside-inner-col{flex-direction:column;}.kadence-column_2a3bd6-c9 > .kt-inside-inner-col > .aligncenter{width:100%;}.kadence-column_2a3bd6-c9 > .kt-inside-inner-col:before{opacity:0.3;}.kadence-column_2a3bd6-c9{position:relative;}@media all and (max-width: 1024px){.kadence-column_2a3bd6-c9 > .kt-inside-inner-col{flex-direction:column;justify-content:center;}}@media all and (max-width: 767px){.kadence-column_2a3bd6-c9 > .kt-inside-inner-col{flex-direction:column;justify-content:center;}}<\/style>\n<div class=\"wp-block-kadence-column inner-column-1 kadence-column_2a3bd6-c9\"><div class=\"kt-inside-inner-col\">          <section class=\"call-to-action\">\n              <div class=\"call-to-action_background\">\n                  <img loading=\"lazy\" decoding=\"async\" width=\"1320\" height=\"519\" src=\"https:\/\/danoneregag.s3.eu-west-3.amazonaws.com\/2021\/02\/joinus%402x-1.jpg\" class=\"attachment-header size-header wp-post-image\" alt=\"\" srcset=\"https:\/\/danoneregag.s3.eu-west-3.amazonaws.com\/2021\/02\/joinus%402x-1.jpg 1323w, https:\/\/danoneregag.s3.eu-west-3.amazonaws.com\/2021\/02\/joinus%402x-1-300x118.jpg 300w, https:\/\/danoneregag.s3.eu-west-3.amazonaws.com\/2021\/02\/joinus%402x-1-1024x402.jpg 1024w, https:\/\/danoneregag.s3.eu-west-3.amazonaws.com\/2021\/02\/joinus%402x-1-768x302.jpg 768w\" sizes=\"auto, (max-width: 1320px) 100vw, 1320px\" \/>                  <div class=\"call-to-action_inhoud\">\n                      <div class=\"call-to-action_icon\"><img loading=\"lazy\" decoding=\"async\" width=\"80\" height=\"75\" src=\"https:\/\/danoneregag.s3.eu-west-3.amazonaws.com\/2021\/02\/joinus_icon%402x.png\" class=\"attachment-icon size-icon\" alt=\"\" \/><\/div>                      <h1 class=\"call-to-action_slogan\">R\u0103m\u00e2ne\u021bi conectat<\/h1>\n                      <p>V\u0103 intereseaz\u0103 programul de agricultur\u0103 regenerabil\u0103?<\/p>\n                                            <a class=\"btn\" href=\"\/contact\/\" target=\"_self\">Abona\u021bi-v\u0103 la buletinul informativ<\/a>\n                                        <\/div>\n              <\/div>\n          <\/section>\n          <\/div><\/div>\n<\/div><\/div><\/div>\n<style>#kt-layout-id_6b799a-3f > .kt-row-column-wrap{align-content:start;}:where(#kt-layout-id_6b799a-3f > .kt-row-column-wrap) > .wp-block-kadence-column{justify-content:start;}#kt-layout-id_6b799a-3f > .kt-row-column-wrap{column-gap:var(--global-kb-gap-md, 2rem);row-gap:var(--global-kb-gap-md, 2rem);padding-top:var( --global-kb-row-default-top, 25px );padding-bottom:var( --global-kb-row-default-bottom, 25px );padding-top:var(--global-kb-spacing-sm, 1.5rem);padding-bottom:var(--global-kb-spacing-sm, 1.5rem);grid-template-columns:minmax(0, 1fr);}#kt-layout-id_6b799a-3f > .kt-row-layout-overlay{opacity:0.30;}@media all and (max-width: 1024px){#kt-layout-id_6b799a-3f > .kt-row-column-wrap{grid-template-columns:minmax(0, 1fr);}}@media all and (max-width: 767px){#kt-layout-id_6b799a-3f > .kt-row-column-wrap{grid-template-columns:minmax(0, 1fr);}}<\/style>\n<div class=\"wp-block-kadence-rowlayout alignfull\"><div id=\"kt-layout-id_6b799a-3f\" class=\"kt-row-layout-inner kt-layout-id_6b799a-3f\"><div class=\"kt-row-column-wrap kt-has-1-columns kt-gutter-default kt-v-gutter-default kt-row-valign-top kt-row-layout-equal kt-tab-layout-inherit kt-m-colapse-left-to-right kt-mobile-layout-row\"><style>.kadence-column_d893d3-e4 > .kt-inside-inner-col{border-top-width:0px;border-right-width:0px;border-bottom-width:0px;border-left-width:0px;}.kadence-column_d893d3-e4 > .kt-inside-inner-col,.kadence-column_d893d3-e4 > .kt-inside-inner-col:before{border-top-left-radius:0px;border-top-right-radius:0px;border-bottom-right-radius:0px;border-bottom-left-radius:0px;}.kadence-column_d893d3-e4 > .kt-inside-inner-col{column-gap:var(--global-kb-gap-sm, 1rem);}.kadence-column_d893d3-e4 > .kt-inside-inner-col{flex-direction:column;}.kadence-column_d893d3-e4 > .kt-inside-inner-col > .aligncenter{width:100%;}.kadence-column_d893d3-e4 > .kt-inside-inner-col:before{opacity:0.3;}.kadence-column_d893d3-e4{position:relative;}@media all and (max-width: 1024px){.kadence-column_d893d3-e4 > .kt-inside-inner-col{flex-direction:column;justify-content:center;}}@media all and (max-width: 767px){.kadence-column_d893d3-e4 > .kt-inside-inner-col{flex-direction:column;justify-content:center;}}<\/style>\n<div class=\"wp-block-kadence-column inner-column-1 kadence-column_d893d3-e4\"><div class=\"kt-inside-inner-col\">          <section class=\"call-to-action\">\n              <div class=\"call-to-action_background\">\n                  <img loading=\"lazy\" decoding=\"async\" width=\"1320\" height=\"519\" src=\"https:\/\/danoneregag.s3.eu-west-3.amazonaws.com\/2021\/02\/getaccess%402x-1.jpg\" class=\"attachment-header size-header wp-post-image\" alt=\"\" srcset=\"https:\/\/danoneregag.s3.eu-west-3.amazonaws.com\/2021\/02\/getaccess%402x-1.jpg 1323w, https:\/\/danoneregag.s3.eu-west-3.amazonaws.com\/2021\/02\/getaccess%402x-1-300x118.jpg 300w, https:\/\/danoneregag.s3.eu-west-3.amazonaws.com\/2021\/02\/getaccess%402x-1-1024x402.jpg 1024w, https:\/\/danoneregag.s3.eu-west-3.amazonaws.com\/2021\/02\/getaccess%402x-1-768x302.jpg 768w\" sizes=\"auto, (max-width: 1320px) 100vw, 1320px\" \/>                  <div class=\"call-to-action_inhoud\">\n                      <div class=\"call-to-action_icon\"><img loading=\"lazy\" decoding=\"async\" width=\"80\" height=\"80\" src=\"https:\/\/danoneregag.s3.eu-west-3.amazonaws.com\/2021\/02\/getacces.png\" class=\"attachment-icon size-icon\" alt=\"\" \/><\/div>                      <h1 class=\"call-to-action_slogan\">Accesa\u021bi noile cuno\u0219tin\u021be \u00een domeniul agricol<\/h1>\n                                                                  <a class=\"btn\" href=\"\/instrumente\" target=\"_self\">Desc\u0103rca\u021bi instrumentele<\/a>\n                                        <\/div>\n              <\/div>\n          <\/section>\n          <\/div><\/div>\n<\/div><\/div><\/div>\n<style>#kt-layout-id_a5bbfe-50 > .kt-row-column-wrap{align-content:start;}:where(#kt-layout-id_a5bbfe-50 > .kt-row-column-wrap) > .wp-block-kadence-column{justify-content:start;}#kt-layout-id_a5bbfe-50 > .kt-row-column-wrap{column-gap:var(--global-kb-gap-md, 2rem);row-gap:var(--global-kb-gap-md, 2rem);padding-top:var( --global-kb-row-default-top, 25px );padding-bottom:var( --global-kb-row-default-bottom, 25px );padding-top:var(--global-kb-spacing-sm, 1.5rem);padding-bottom:var(--global-kb-spacing-sm, 1.5rem);grid-template-columns:minmax(0, 1fr);}#kt-layout-id_a5bbfe-50 > .kt-row-layout-overlay{opacity:0.30;}@media all and (max-width: 1024px){#kt-layout-id_a5bbfe-50 > .kt-row-column-wrap{grid-template-columns:minmax(0, 1fr);}}@media all and (max-width: 767px){#kt-layout-id_a5bbfe-50 > .kt-row-column-wrap{grid-template-columns:minmax(0, 1fr);}}<\/style>\n<div class=\"wp-block-kadence-rowlayout alignfull\"><div id=\"kt-layout-id_a5bbfe-50\" class=\"kt-row-layout-inner kt-layout-id_a5bbfe-50\"><div class=\"kt-row-column-wrap kt-has-1-columns kt-gutter-default kt-v-gutter-default kt-row-valign-top kt-row-layout-equal kt-tab-layout-inherit kt-m-colapse-left-to-right kt-mobile-layout-row\"><style>.kadence-column_d3c86e-07 > .kt-inside-inner-col{border-top-width:0px;border-right-width:0px;border-bottom-width:0px;border-left-width:0px;}.kadence-column_d3c86e-07 > .kt-inside-inner-col,.kadence-column_d3c86e-07 > .kt-inside-inner-col:before{border-top-left-radius:0px;border-top-right-radius:0px;border-bottom-right-radius:0px;border-bottom-left-radius:0px;}.kadence-column_d3c86e-07 > .kt-inside-inner-col{column-gap:var(--global-kb-gap-sm, 1rem);}.kadence-column_d3c86e-07 > .kt-inside-inner-col{flex-direction:column;}.kadence-column_d3c86e-07 > .kt-inside-inner-col > .aligncenter{width:100%;}.kadence-column_d3c86e-07 > .kt-inside-inner-col:before{opacity:0.3;}.kadence-column_d3c86e-07{position:relative;}@media all and (max-width: 1024px){.kadence-column_d3c86e-07 > .kt-inside-inner-col{flex-direction:column;justify-content:center;}}@media all and (max-width: 767px){.kadence-column_d3c86e-07 > .kt-inside-inner-col{flex-direction:column;justify-content:center;}}<\/style>\n<div class=\"wp-block-kadence-column inner-column-1 kadence-column_d3c86e-07\"><div class=\"kt-inside-inner-col\"><\/div><\/div>\n<\/div><\/div><\/div>\n","protected":false},"excerpt":{"rendered":"<p>\u00cen centrul aten\u021biei. De pe teren<\/p>\n","protected":false},"author":1,"featured_media":3450,"parent":0,"menu_order":84,"comment_status":"closed","ping_status":"closed","template":"","meta":{"_acf_changed":false,"footnotes":""},"class_list":["post-97359","page","type-page","status-publish","has-post-thumbnail","hentry"],"acf":[],"_links":{"self":[{"href":"https:\/\/regenerative-agriculture.danone.com\/ro\/wp-json\/wp\/v2\/pages\/97359","targetHints":{"allow":["GET"]}}],"collection":[{"href":"https:\/\/regenerative-agriculture.danone.com\/ro\/wp-json\/wp\/v2\/pages"}],"about":[{"href":"https:\/\/regenerative-agriculture.danone.com\/ro\/wp-json\/wp\/v2\/types\/page"}],"author":[{"embeddable":true,"href":"https:\/\/regenerative-agriculture.danone.com\/ro\/wp-json\/wp\/v2\/users\/1"}],"replies":[{"embeddable":true,"href":"https:\/\/regenerative-agriculture.danone.com\/ro\/wp-json\/wp\/v2\/comments?post=97359"}],"version-history":[{"count":2,"href":"https:\/\/regenerative-agriculture.danone.com\/ro\/wp-json\/wp\/v2\/pages\/97359\/revisions"}],"predecessor-version":[{"id":127130,"href":"https:\/\/regenerative-agriculture.danone.com\/ro\/wp-json\/wp\/v2\/pages\/97359\/revisions\/127130"}],"wp:featuredmedia":[{"embeddable":true,"href":"https:\/\/regenerative-agriculture.danone.com\/ro\/wp-json\/wp\/v2\/media\/3450"}],"wp:attachment":[{"href":"https:\/\/regenerative-agriculture.danone.com\/ro\/wp-json\/wp\/v2\/media?parent=97359"}],"curies":[{"name":"wp","href":"https:\/\/api.w.org\/{rel}","templated":true}]}}