{"id":37648,"date":"2022-04-06T10:30:23","date_gmt":"2022-04-06T10:30:23","guid":{"rendered":"https:\/\/regenerative-agriculture.danone.com\/intrebari-frecvente\/"},"modified":"2022-04-06T10:30:24","modified_gmt":"2022-04-06T10:30:24","slug":"intrebari-frecvente","status":"publish","type":"page","link":"https:\/\/regenerative-agriculture.danone.com\/ro\/intrebari-frecvente\/","title":{"rendered":"\u00centreb\u0103ri frecvente"},"content":{"rendered":"\n<h1 class=\"wp-block-heading\">\u00a0\u00centreb\u0103ri \u0219i r\u0103spunsuri\u00a0<\/h1>\n\n<div style=\"height:50px\" aria-hidden=\"true\" class=\"wp-block-spacer\"><\/div>\n<style>.kt-accordion-id_554655-0a .kt-accordion-inner-wrap{column-gap:var(--global-kb-gap-md, 2rem);row-gap:0px;}.kt-accordion-id_554655-0a .kt-accordion-panel-inner{border-top-width:0px;border-right-width:0px;border-bottom-width:0px;border-left-width:0px;padding-top:var(--global-kb-spacing-sm, 1.5rem);padding-right:var(--global-kb-spacing-sm, 1.5rem);padding-bottom:var(--global-kb-spacing-sm, 1.5rem);padding-left:var(--global-kb-spacing-sm, 1.5rem);}.kt-accordion-id_554655-0a > .kt-accordion-inner-wrap > .wp-block-kadence-pane > .kt-accordion-header-wrap > .kt-blocks-accordion-header{border-top-color:#555555;border-right-color:#555555;border-bottom-color:#555555;border-left-color:#555555;border-top-width:0px;border-right-width:0px;border-bottom-width:0px;border-left-width:0px;border-top-left-radius:0px;border-top-right-radius:0px;border-bottom-right-radius:0px;border-bottom-left-radius:0px;background:#f2f2f2;font-size:18px;line-height:24px;color:#555555;padding-top:10px;padding-right:14px;padding-bottom:10px;padding-left:14px;}.kt-accordion-id_554655-0a:not( .kt-accodion-icon-style-basiccircle ):not( .kt-accodion-icon-style-xclosecircle ):not( .kt-accodion-icon-style-arrowcircle )  > .kt-accordion-inner-wrap > .wp-block-kadence-pane > .kt-accordion-header-wrap .kt-blocks-accordion-icon-trigger:after, .kt-accordion-id_554655-0a:not( .kt-accodion-icon-style-basiccircle ):not( .kt-accodion-icon-style-xclosecircle ):not( .kt-accodion-icon-style-arrowcircle )  > .kt-accordion-inner-wrap > .wp-block-kadence-pane > .kt-accordion-header-wrap .kt-blocks-accordion-icon-trigger:before{background:#555555;}.kt-accordion-id_554655-0a:not( .kt-accodion-icon-style-basic ):not( .kt-accodion-icon-style-xclose ):not( .kt-accodion-icon-style-arrow ) .kt-blocks-accordion-icon-trigger{background:#555555;}.kt-accordion-id_554655-0a:not( .kt-accodion-icon-style-basic ):not( .kt-accodion-icon-style-xclose ):not( .kt-accodion-icon-style-arrow ) .kt-blocks-accordion-icon-trigger:after, .kt-accordion-id_554655-0a:not( .kt-accodion-icon-style-basic ):not( .kt-accodion-icon-style-xclose ):not( .kt-accodion-icon-style-arrow ) .kt-blocks-accordion-icon-trigger:before{background:#f2f2f2;}.kt-accordion-id_554655-0a > .kt-accordion-inner-wrap > .wp-block-kadence-pane > .kt-accordion-header-wrap > .kt-blocks-accordion-header:hover, \n\t\t\t\tbody:not(.hide-focus-outline) .kt-accordion-id_554655-0a .kt-blocks-accordion-header:focus-visible{color:#444444;background:#eeeeee;border-top-color:#eeeeee;border-right-color:#eeeeee;border-bottom-color:#eeeeee;border-left-color:#eeeeee;}.kt-accordion-id_554655-0a:not( .kt-accodion-icon-style-basiccircle ):not( .kt-accodion-icon-style-xclosecircle ):not( .kt-accodion-icon-style-arrowcircle ) .kt-accordion-header-wrap .kt-blocks-accordion-header:hover .kt-blocks-accordion-icon-trigger:after, .kt-accordion-id_554655-0a:not( .kt-accodion-icon-style-basiccircle ):not( .kt-accodion-icon-style-xclosecircle ):not( .kt-accodion-icon-style-arrowcircle ) .kt-accordion-header-wrap .kt-blocks-accordion-header:hover .kt-blocks-accordion-icon-trigger:before, body:not(.hide-focus-outline) .kt-accordion-id_554655-0a:not( .kt-accodion-icon-style-basiccircle ):not( .kt-accodion-icon-style-xclosecircle ):not( .kt-accodion-icon-style-arrowcircle ) .kt-blocks-accordion--visible .kt-blocks-accordion-icon-trigger:after, body:not(.hide-focus-outline) .kt-accordion-id_554655-0a:not( .kt-accodion-icon-style-basiccircle ):not( .kt-accodion-icon-style-xclosecircle ):not( .kt-accodion-icon-style-arrowcircle ) .kt-blocks-accordion-header:focus-visible .kt-blocks-accordion-icon-trigger:before{background:#444444;}.kt-accordion-id_554655-0a:not( .kt-accodion-icon-style-basic ):not( .kt-accodion-icon-style-xclose ):not( .kt-accodion-icon-style-arrow ) .kt-accordion-header-wrap .kt-blocks-accordion-header:hover .kt-blocks-accordion-icon-trigger, body:not(.hide-focus-outline) .kt-accordion-id_554655-0a:not( .kt-accodion-icon-style-basic ):not( .kt-accodion-icon-style-xclose ):not( .kt-accodion-icon-style-arrow ) .kt-accordion-header-wrap .kt-blocks-accordion-header:focus-visible .kt-blocks-accordion-icon-trigger{background:#444444;}.kt-accordion-id_554655-0a:not( .kt-accodion-icon-style-basic ):not( .kt-accodion-icon-style-xclose ):not( .kt-accodion-icon-style-arrow ) .kt-accordion-header-wrap .kt-blocks-accordion-header:hover .kt-blocks-accordion-icon-trigger:after, .kt-accordion-id_554655-0a:not( .kt-accodion-icon-style-basic ):not( .kt-accodion-icon-style-xclose ):not( .kt-accodion-icon-style-arrow ) .kt-accordion-header-wrap .kt-blocks-accordion-header:hover .kt-blocks-accordion-icon-trigger:before, body:not(.hide-focus-outline) .kt-accordion-id_554655-0a:not( .kt-accodion-icon-style-basic ):not( .kt-accodion-icon-style-xclose ):not( .kt-accodion-icon-style-arrow ) .kt-accordion-header-wrap .kt-blocks-accordion-header:focus-visible .kt-blocks-accordion-icon-trigger:after, body:not(.hide-focus-outline) .kt-accordion-id_554655-0a:not( .kt-accodion-icon-style-basic ):not( .kt-accodion-icon-style-xclose ):not( .kt-accodion-icon-style-arrow ) .kt-accordion-header-wrap .kt-blocks-accordion-header:focus-visible .kt-blocks-accordion-icon-trigger:before{background:#eeeeee;}.kt-accordion-id_554655-0a .kt-accordion-header-wrap .kt-blocks-accordion-header:focus-visible,\n\t\t\t\t.kt-accordion-id_554655-0a > .kt-accordion-inner-wrap > .wp-block-kadence-pane > .kt-accordion-header-wrap > .kt-blocks-accordion-header.kt-accordion-panel-active{color:#ffffff;background:#444444;border-top-color:#444444;border-right-color:#444444;border-bottom-color:#444444;border-left-color:#444444;}.kt-accordion-id_554655-0a:not( .kt-accodion-icon-style-basiccircle ):not( .kt-accodion-icon-style-xclosecircle ):not( .kt-accodion-icon-style-arrowcircle )  > .kt-accordion-inner-wrap > .wp-block-kadence-pane > .kt-accordion-header-wrap > .kt-blocks-accordion-header.kt-accordion-panel-active .kt-blocks-accordion-icon-trigger:after, .kt-accordion-id_554655-0a:not( .kt-accodion-icon-style-basiccircle ):not( .kt-accodion-icon-style-xclosecircle ):not( .kt-accodion-icon-style-arrowcircle )  > .kt-accordion-inner-wrap > .wp-block-kadence-pane > .kt-accordion-header-wrap > .kt-blocks-accordion-header.kt-accordion-panel-active .kt-blocks-accordion-icon-trigger:before{background:#ffffff;}.kt-accordion-id_554655-0a:not( .kt-accodion-icon-style-basic ):not( .kt-accodion-icon-style-xclose ):not( .kt-accodion-icon-style-arrow ) .kt-blocks-accordion-header.kt-accordion-panel-active .kt-blocks-accordion-icon-trigger{background:#ffffff;}.kt-accordion-id_554655-0a:not( .kt-accodion-icon-style-basic ):not( .kt-accodion-icon-style-xclose ):not( .kt-accodion-icon-style-arrow ) .kt-blocks-accordion-header.kt-accordion-panel-active .kt-blocks-accordion-icon-trigger:after, .kt-accordion-id_554655-0a:not( .kt-accodion-icon-style-basic ):not( .kt-accodion-icon-style-xclose ):not( .kt-accodion-icon-style-arrow ) .kt-blocks-accordion-header.kt-accordion-panel-active .kt-blocks-accordion-icon-trigger:before{background:#444444;}@media all and (max-width: 767px){.kt-accordion-id_554655-0a .kt-accordion-inner-wrap{display:block;}.kt-accordion-id_554655-0a .kt-accordion-inner-wrap .kt-accordion-pane:not(:first-child){margin-top:0px;}}<\/style>\n<div class=\"wp-block-kadence-accordion alignnone\"><div class=\"kt-accordion-wrap kt-accordion-wrap kt-accordion-id_554655-0a kt-accordion-has-20-panes kt-active-pane-0 kt-accordion-block kt-pane-header-alignment-left kt-accodion-icon-style-basic kt-accodion-icon-side-right\" style=\"max-width:none\"><div class=\"kt-accordion-inner-wrap\" data-allow-multiple-open=\"false\" data-start-open=\"0\">\n<div class=\"wp-block-kadence-pane kt-accordion-pane kt-accordion-pane-17 kt-pane_3ddc90-37\"><div class=\"kt-accordion-header-wrap\"><button class=\"kt-blocks-accordion-header kt-acccordion-button-label-show\"><span class=\"kt-blocks-accordion-title-wrap\"><span class=\"kt-blocks-accordion-title\">1. Este agricultura regeneratoare o simpl\u0103 revenire la practicile str\u0103vechi?<\/span><\/span><span class=\"kt-blocks-accordion-icon-trigger\"><\/span><\/button><\/div><div class=\"kt-accordion-panel kt-accordion-panel-hidden\"><div class=\"kt-accordion-panel-inner\">\n<p>Agricultura regeneratoare combin\u0103 practicile agricole tradi\u021bionale cu inova\u021bii tehnologice moderne, pentru optimizarea produc\u021biei alimentare \u00eentr-un mod respectuos \u0219i sustenabil. Agricultura regeneratoare sus\u021bine practicile care asigur\u0103 hrana s\u0103n\u0103toas\u0103 \u0219i de calitate unei popula\u021bii \u00een cre\u0219tere, simultan cu conservarea resurselor planetei, respectarea st\u0103rii de bine a animalelor \u0219i asigurarea viabilit\u0103\u021bii fermelor pe termen lung.<\/p>\n\n\n\n<p><strong>Inova\u021bia are un rol central de jucat \u00een transformarea activit\u0103\u021bilor agricole cu precizie mai mare \u0219i eficientizarea acesteia.<\/strong><\/p>\n\n\n\n<p>Iat\u0103 ce facem deja:<\/p>\n\n\n\n<p>\u2022 \u00cembun\u0103t\u0103\u021birea st\u0103rii de bine a animalelor \u0219i a productivit\u0103\u021bii fermei cu senzori \u0219i zg\u0103rzi pentru bovine (Margarita \u00een Mexic, cu IDB)<br\/>\u2022 Utilizarea imaginilor satelitare \u0219i a euristicii artificiale pentru colectarea \u0219i procesarea datelor privind s\u0103n\u0103tatea solului \u0219i urm\u0103rirea practicilor agricole (\u00een SUA, cu Sustainable Environment Consultants)<br\/>\u2022 Sus\u021binerea startup-urilor (Connectera, Sowit) care asigur\u0103 fermierilor instrumente noi, pe baz\u0103 de date, pentru adoptarea deciziilor.<\/p>\n<\/div><\/div><\/div>\n\n\n\n<div class=\"wp-block-kadence-pane kt-accordion-pane kt-accordion-pane-18 kt-pane_98ef4a-51\"><div class=\"kt-accordion-header-wrap\"><button class=\"kt-blocks-accordion-header kt-acccordion-button-label-show\"><span class=\"kt-blocks-accordion-title-wrap\"><span class=\"kt-blocks-accordion-title\">2. Glifosatul \u0219i neonicotinoidele: care este pozi\u021bia real\u0103 a companiei Danone?<\/span><\/span><span class=\"kt-blocks-accordion-icon-trigger\"><\/span><\/button><\/div><div class=\"kt-accordion-panel kt-accordion-panel-hidden\"><div class=\"kt-accordion-panel-inner\">\n<p>Definim agricultura regeneratoare ca un set de practici care:<\/p>\n\n\n\n<p>\u2022 protejeaz\u0103 solul, apa \u0219i biodiversitatea<br\/>\u2022 respect\u0103 starea de bine a animalelor<br\/>\u2022 recunoa\u0219te rolul esen\u021bial al fermierilor \u0219i efectul pozitiv asupra agriculturii, simultan cu luarea \u00een calcul a viabilit\u0103\u021bii economice.<\/p>\n\n\n\n<p>Practicile de agricultur\u0103 regeneratoare includ reducerea ar\u0103turilor \u0219i utiliz\u0103rii substan\u021belor chimice (precum pesticide \u0219i ierbicide), \u00eembun\u0103t\u0103\u021birea gestion\u0103rii apei prin reducerea utiliz\u0103rii acesteia \u0219i cre\u0219terea calit\u0103\u021bii apei, cre\u0219terea rota\u021biei culturilor \u0219i a folosirii culturilor de acoperire \u0219i instalarea de zone tampon \u0219i garduri vii. Atunci c\u00e2nd aceste practici sunt implementate \u00eempreun\u0103 refac s\u0103n\u0103tatea solului \u0219i permit agriculturii s\u0103 se comporte ca un bazin de sechestare a carbonului.<\/p>\n\n\n\n<p>Colabor\u0103m cu fermieri \u0219i al\u021bi parteneri pentru a-i ajuta s\u0103 g\u0103seasc\u0103 echilibrul corect \u00eentre reducerea ar\u0103turilor \u0219i a folosirii substan\u021belor chimice. Uneori este posibil ca fermierii s\u0103 trebuiasc\u0103 s\u0103 foloseasc\u0103 ierbicide \u00een cantit\u0103\u021bi limitate, \u00een func\u021bie de culturi, tipul solului \u0219i clim\u0103. Fiecare ferm\u0103 este diferit\u0103, iar scopul nostru este sus\u021binerea fermierilor s\u0103 treac\u0103 la agricultura regeneratoare \u00eentr-un mod echilibrat \u0219i sustenabil \u00een propriile lor contexte.<\/p>\n<\/div><\/div><\/div>\n\n\n\n<div class=\"wp-block-kadence-pane kt-accordion-pane kt-accordion-pane-19 kt-pane_5fb624-a6\"><div class=\"kt-accordion-header-wrap\"><button class=\"kt-blocks-accordion-header kt-acccordion-button-label-show\"><span class=\"kt-blocks-accordion-title-wrap\"><span class=\"kt-blocks-accordion-title\">3. Regenerative Agriculture \u2014 great for farmers, but does it interest<br\/>consumers?<\/span><\/span><span class=\"kt-blocks-accordion-icon-trigger\"><\/span><\/button><\/div><div class=\"kt-accordion-panel kt-accordion-panel-hidden\"><div class=\"kt-accordion-panel-inner\">\n<p>Nu este niciun secret c\u0103 din ce \u00een ce mai mul\u021bi consumatori revin la produsele care-i reconecteaz\u0103 cu natura. Aceast\u0103 tendin\u021b\u0103 se accelereaz\u0103 \u00een contextul actual.<\/p>\n\n\n\n<p>\u00cen ultimii ani de lockdown, 22% dintre consumatorii europeni \u0219i-au schimbat obiceiurile de achizi\u021bie, orient\u00e2ndu-\u0219i cheltuielile spre produse mai naturale \u0219i mai organice. \u00cen plus, 19% dintre ace\u0219tia \u0219i-au exprimat dorin\u021ba de a consuma produse mai sustenabile (sursa: raportul consumatorilor McKinsey).<\/p>\n\n\n\n<p>Astfel, agricultura regeneratoare reprezint\u0103 un avantaj unic pentru firme de a se reconecta cu dorin\u021bele consumatorilor pentru sustenabilitate \u0219i conectare local\u0103 cu alimentele consumate.<\/p>\n\n\n\n<p>Ca exemplu, Bl\u00e9dina, marca de \u00eenceput a Danone \u00een Fran\u021ba, a investit masiv \u00een practici regeneratoare \u0219i organice Ast\u0103zi se afl\u0103 \u00een topul clasamentelor de apreciere a consumatorilor, iar acest succes este dovada clar\u0103 a poten\u021bialului reprezentat de investi\u021biile \u00een capitalul natural.<\/p>\n<\/div><\/div><\/div>\n\n\n\n<div class=\"wp-block-kadence-pane kt-accordion-pane kt-accordion-pane-20 kt-pane_5e42c3-45\"><div class=\"kt-accordion-header-wrap\"><button class=\"kt-blocks-accordion-header kt-acccordion-button-label-show\"><span class=\"kt-blocks-accordion-title-wrap\"><span class=\"kt-blocks-accordion-title\">4. Agricultura regeneratoare amenin\u021b\u0103 mentalitatea local\u0103?<\/span><\/span><span class=\"kt-blocks-accordion-icon-trigger\"><\/span><\/button><\/div><div class=\"kt-accordion-panel kt-accordion-panel-hidden\"><div class=\"kt-accordion-panel-inner\">\n<p>Agricultura regeneratoare \u0219i dorin\u021ba de alimente crescute local sunt, de fapt, dou\u0103 fe\u021be ale aceleia\u0219i monezi: consumatorii doresc s\u0103 se reconecteze cu alimentele consumate \u0219tiind c\u0103 au fost crescute sustenabil. Aceasta \u00eenseamn\u0103 o schimbare a modului de cre\u0219tere a hranei \u0219i a c\u0103ii parcurse de la ferm\u0103 pe mas\u0103.<\/p>\n\n\n\n<p>Sistemul nostru alimentar este responsabil pentru aproximativ 26% din emisiile de gaze cu efect de ser\u0103. Din acestea, transporturile (6%) \u0219i lan\u021burile de aprovizionare (18%) constituie aproximativ un sfert dintre emisiile rezultate din alimenta\u021bia omenirii, iar produc\u021bia de hran\u0103 \u00een sine (inclusiv \u0219epteluri, pesc\u0103rii \u0219i produc\u021bia agricol\u0103) contribuie cu 60%.[ https:\/\/ourworldindata.org\/environmental-impacts-of-food]<\/p>\n\n\n\n<p>Dac\u0103 este satisf\u0103cut doar unul dintre cele dou\u0103 aspecte ale problemei (hrana produs\u0103 local, dar \u00eentr-un mod generator intensiv de emisii de gaze cu efect de ser\u0103 \/ hran\u0103 produs\u0103 sustenabil, dar transportat\u0103 distan\u021be lungi), dorin\u021bele reale ale consumatorilor nu sunt satisf\u0103cute. Modul \u00een care se poate c\u00e2\u0219tiga \u00eencrederea \u0219i loialitatea consumatorilor este abordarea frontal\u0103 a ambelor probleme, trecerea produc\u021biei alimentare la practicile regeneratoare, simultan su ob\u021binerea ingredientelor din zone c\u00e2t mai apropiate.<\/p>\n<\/div><\/div><\/div>\n\n\n\n<div class=\"wp-block-kadence-pane kt-accordion-pane kt-accordion-pane-20 kt-pane_68d0e5-5b\"><div class=\"kt-accordion-header-wrap\"><button class=\"kt-blocks-accordion-header kt-acccordion-button-label-show\"><span class=\"kt-blocks-accordion-title-wrap\"><span class=\"kt-blocks-accordion-title\">5. Cine pl\u0103te\u0219te pentru aceast\u0103 transformare major\u0103? Cu ce instrumente?<\/span><\/span><span class=\"kt-blocks-accordion-icon-trigger\"><\/span><\/button><\/div><div class=\"kt-accordion-panel kt-accordion-panel-hidden\"><div class=\"kt-accordion-panel-inner\">\n<p><strong>Pentru finan\u021barea tranzi\u021biei la agricultura regeneratoare <br\/>avem nevoie de implicarea actorilor prezen\u021bi \u00een tot lan\u021bul de aprovizionare.<\/strong><\/p>\n\n\n\n<p>Danone \u00ee\u0219i face partea sa datorit\u0103:<\/p>\n\n\n\n<p>\u2022 Unui fond intern special menit a sus\u021bine implementarea noilor practici<br\/>\u2022 Parteneriatelor cu b\u0103nci, ONG-uri \u0219i platforme de crowdfunding pentru dezvoltarea comun\u0103 a instrumentelor de finan\u021bare<\/p>\n\n\n\n<p>De exemplu, \u00een Fran\u021ba am investit peste 40 de milioane de Euro \u00eencep\u00e2nd cu 2016 pentru a acoperi costurile, pe m\u0103sur\u0103 ce mai mul\u021bi fermieri trec la practicile de agricultur\u0103 regeneratoare. Suntem pe cale de a acoperi 100% din ingredientele din Fran\u021ba, inclusiv lapte proasp\u0103t, fructe \u0219i legume, sfecl\u0103 de zah\u0103r, din agricultura regeneratoare, p\u00e2n\u0103 \u00een 2025.<\/p>\n\n\n\n<p>\u00cen Mexic, colabor\u0103m cu Inter-American Development Bank pentru transformarea practicilor din fermele de lactate, echip\u00e2nd 2.000 de vaci din 40 de ferme cu senzori \u0219i zg\u0103rzi conectate, pentru optimizarea st\u0103rii lor de bine \u0219i a productivit\u0103\u021bii. De asemenea, colabor\u0103m cu fermierii de c\u0103p\u0219uni pentru a le facilita tranzi\u021bia la practicile regeneratoare. P\u00e2n\u0103 la aceast\u0103 dat\u0103, proiectul a produs venituri cu 30% mai mari pentru fermieri, a sporit conservarea solului cu 50% \u0219i s-au utilizat cu 15% mai pu\u021bine pesticide.<\/p>\n<\/div><\/div><\/div>\n\n\n\n<div class=\"wp-block-kadence-pane kt-accordion-pane kt-accordion-pane-20 kt-pane_c5d3c0-4a\"><div class=\"kt-accordion-header-wrap\"><button class=\"kt-blocks-accordion-header kt-acccordion-button-label-show\"><span class=\"kt-blocks-accordion-title-wrap\"><span class=\"kt-blocks-accordion-title\">6. What\u2019s the difference between Regenerative Agriculture and<br\/>Sustainable agriculture?<\/span><\/span><span class=\"kt-blocks-accordion-icon-trigger\"><\/span><\/button><\/div><div class=\"kt-accordion-panel kt-accordion-panel-hidden\"><div class=\"kt-accordion-panel-inner\">\n<p>Diferen\u021ba este constituit\u0103 de inten\u021bia agriculturii regeneratoare de a regenera (sau re\u00eennoi) productivitatea \u0219i poten\u021bialul de cre\u0219tere al elementelor regenerate. Prin defini\u021bie, practicile sustenabile \u00eencearc\u0103 s\u0103 men\u021bin\u0103 la fel situa\u021bia, \u00een timp ce practicile regeneratoare recunosc faptul c\u0103 sistemele naturale actuale sunt afectate \u0219i aplic\u0103 tehnici de gestionare pentru refacerea acestora <sup><a href=\"https:\/\/ourworldindata.org\/environmental-impacts-of-food\" data-type=\"URL\" data-id=\"https:\/\/ourworldindata.org\/environmental-impacts-of-food\" target=\"_blank\" rel=\"noreferrer noopener\">1<\/a><\/sup>. <\/p>\n<\/div><\/div><\/div>\n\n\n\n<div class=\"wp-block-kadence-pane kt-accordion-pane kt-accordion-pane-20 kt-pane_9f1fe2-81\"><div class=\"kt-accordion-header-wrap\"><button class=\"kt-blocks-accordion-header kt-acccordion-button-label-show\"><span class=\"kt-blocks-accordion-title-wrap\"><span class=\"kt-blocks-accordion-title\">7. Difer\u0103 agricultura regeneratoare de cea organic\u0103?<\/span><\/span><span class=\"kt-blocks-accordion-icon-trigger\"><\/span><\/button><\/div><div class=\"kt-accordion-panel kt-accordion-panel-hidden\"><div class=\"kt-accordion-panel-inner\">\n<p>Mentalitatea este alta. Cea organic\u0103 \u00eencearc\u0103 s\u0103 reduc\u0103 elementele negative (substan\u021be chimice, organisme modificate genetic, etc.) Agricultura regeneratoare merge mai departe prin ac\u021biuni pentru s\u0103n\u0103tatea solului (reducerea ar\u0103turilor, promovarea culturilor de acoperire \u0219i rota\u021biei culturilor), pentru promovarea biodiversit\u0103\u021bii \u0219i apei (inclusiv a cantit\u0103\u021bii).<\/p>\n\n\n\n<p>Unele practici sunt similare, dar agricultura regeneratoare integreaz\u0103 mai multe dimensiuni.<\/p>\n<\/div><\/div><\/div>\n\n\n\n<div class=\"wp-block-kadence-pane kt-accordion-pane kt-accordion-pane-20 kt-pane_642a19-eb\"><div class=\"kt-accordion-header-wrap\"><button class=\"kt-blocks-accordion-header kt-acccordion-button-label-show\"><span class=\"kt-blocks-accordion-title-wrap\"><span class=\"kt-blocks-accordion-title\">8. Zootehnia nu afecteaz\u0103 mediul?<\/span><\/span><span class=\"kt-blocks-accordion-icon-trigger\"><\/span><\/button><\/div><div class=\"kt-accordion-panel kt-accordion-panel-hidden\"><div class=\"kt-accordion-panel-inner\">\n<p>Efectul zootehniei asupra schimb\u0103rilor climatice \u0219i biodiversit\u0103\u021bii depinde \u00een mare m\u0103sur\u0103 de sistemul agricol \u0219i de modul \u00een care este crescut \u0219eptelul. Produc\u021bia zootehnic\u0103 industrial\u0103 alimenteaz\u0103 cereri imense de culturi pentru hran\u0103, care necesit\u0103 utilizarea intensiv\u0103 a terenului \u0219i adesea rezult\u0103 \u00eentr-o pleiad\u0103 de costuri de mediu, de la desp\u0103duriri, eroziunea \u0219i pierderea fertilit\u0103\u021bii \u0219i biodiversit\u0103\u021bii solului p\u00e2n\u0103 la poluarea p\u00e2nzei freatice, scurgerea apelor poluate de agricultur\u0103 \u00een r\u00e2uri \u0219i lacuri \u0219i emisii generate de transport. <sup><a href=\"https:\/\/link.springer.com\/chapter\/10.1007\/978-3-319-18002-1_1\" data-type=\"URL\" data-id=\"https:\/\/link.springer.com\/chapter\/10.1007\/978-3-319-18002-1_1\" target=\"_blank\" rel=\"noreferrer noopener\">2<\/a><\/sup><\/p>\n\n\n\n<p>Dar zootehnia poate avea un efect pozitiv dac\u0103 este integrat\u0103 \u00een sisteme agricole sustenabile precum p\u0103\u0219unatul pe culturi de acoperire, generarea de gunoi de grajd care poate fi folosit ca \u00eengr\u0103\u0219\u0103m\u00e2nt natural \u0219i chiar pentru controlul buruienilor. Integrarea sustenabil\u0103 a \u0219eptelului \u00eentr-o ferm\u0103 poate ajuta la reducerea necesit\u0103\u021bii aplic\u0103rii de substan\u021be chimice \u0219i ierbicide.<sup><a href=\"http:\/\/www.fao.org\/3\/V8180T\/v8180T14.htm#integrated%20livestockagriculture%20production%20systems)\" data-type=\"URL\" data-id=\"http:\/\/www.fao.org\/3\/V8180T\/v8180T14.htm#integrated%20livestockagriculture%20production%20systems)\" target=\"_blank\" rel=\"noreferrer noopener\">3<\/a><\/sup> Acesta este obiectivul Danone \u00een viziunea sa despre agricultura regeneratoare<\/p>\n\n\n\n<p>Anumite practici au poten\u021bialul de a reduce emisiile de gaze cu efect de ser\u0103 din zootehnie, de\u0219i acestea nu sunt utilizate la scar\u0103 larg\u0103 ast\u0103zi (Gerber et al., 2013). Unele dintre op\u021biunile tehnice de gestionare a impactului zootehniei asupra schimb\u0103rilor climatice includ \u00eenmagazinarea carbonului, \u00eembun\u0103t\u0103\u021birea hranei pentru a reduce fermenta\u021bia enteric\u0103, \u00eembun\u0103t\u0103\u021birea gestion\u0103rii gunoiului de grajd \u0219i utilizarea mai eficient\u0103 a \u00eengr\u0103\u0219\u0103mintelor (Steinfeld et al., 2006, Thornton and Gerber, 2010, UNFCCC, 2008).<\/p>\n<\/div><\/div><\/div>\n<\/div><\/div><\/div>\n\n<div style=\"height:50px\" aria-hidden=\"true\" class=\"wp-block-spacer\"><\/div>\n","protected":false},"excerpt":{"rendered":"<p>\u00a0\u00centreb\u0103ri \u0219i r\u0103spunsuri\u00a0<\/p>\n","protected":false},"author":1,"featured_media":0,"parent":0,"menu_order":40,"comment_status":"closed","ping_status":"closed","template":"","meta":{"_acf_changed":false,"footnotes":""},"class_list":["post-37648","page","type-page","status-publish","hentry"],"acf":[],"_links":{"self":[{"href":"https:\/\/regenerative-agriculture.danone.com\/ro\/wp-json\/wp\/v2\/pages\/37648","targetHints":{"allow":["GET"]}}],"collection":[{"href":"https:\/\/regenerative-agriculture.danone.com\/ro\/wp-json\/wp\/v2\/pages"}],"about":[{"href":"https:\/\/regenerative-agriculture.danone.com\/ro\/wp-json\/wp\/v2\/types\/page"}],"author":[{"embeddable":true,"href":"https:\/\/regenerative-agriculture.danone.com\/ro\/wp-json\/wp\/v2\/users\/1"}],"replies":[{"embeddable":true,"href":"https:\/\/regenerative-agriculture.danone.com\/ro\/wp-json\/wp\/v2\/comments?post=37648"}],"version-history":[{"count":1,"href":"https:\/\/regenerative-agriculture.danone.com\/ro\/wp-json\/wp\/v2\/pages\/37648\/revisions"}],"predecessor-version":[{"id":37649,"href":"https:\/\/regenerative-agriculture.danone.com\/ro\/wp-json\/wp\/v2\/pages\/37648\/revisions\/37649"}],"wp:attachment":[{"href":"https:\/\/regenerative-agriculture.danone.com\/ro\/wp-json\/wp\/v2\/media?parent=37648"}],"curies":[{"name":"wp","href":"https:\/\/api.w.org\/{rel}","templated":true}]}}