{"id":88939,"date":"2022-04-19T13:53:28","date_gmt":"2022-04-19T13:53:28","guid":{"rendered":"https:\/\/regenerative-agriculture.danone.com\/perguntas-e-respostas-mais-frequentes\/"},"modified":"2022-04-19T13:53:29","modified_gmt":"2022-04-19T13:53:29","slug":"perguntas-e-respostas-mais-frequentes","status":"publish","type":"page","link":"https:\/\/regenerative-agriculture.danone.com\/pt-br\/perguntas-e-respostas-mais-frequentes\/","title":{"rendered":"Perguntas e respostas mais frequentes"},"content":{"rendered":"\n<h1 class=\"wp-block-heading\">\u00a0Perguntas e respostas\u00a0<\/h1>\n\n<div style=\"height:50px\" aria-hidden=\"true\" class=\"wp-block-spacer\"><\/div>\n<style>.kt-accordion-id_554655-0a .kt-accordion-inner-wrap{column-gap:var(--global-kb-gap-md, 2rem);row-gap:0px;}.kt-accordion-id_554655-0a .kt-accordion-panel-inner{border-top-width:0px;border-right-width:0px;border-bottom-width:0px;border-left-width:0px;padding-top:var(--global-kb-spacing-sm, 1.5rem);padding-right:var(--global-kb-spacing-sm, 1.5rem);padding-bottom:var(--global-kb-spacing-sm, 1.5rem);padding-left:var(--global-kb-spacing-sm, 1.5rem);}.kt-accordion-id_554655-0a > .kt-accordion-inner-wrap > .wp-block-kadence-pane > .kt-accordion-header-wrap > .kt-blocks-accordion-header{border-top-color:#555555;border-right-color:#555555;border-bottom-color:#555555;border-left-color:#555555;border-top-width:0px;border-right-width:0px;border-bottom-width:0px;border-left-width:0px;border-top-left-radius:0px;border-top-right-radius:0px;border-bottom-right-radius:0px;border-bottom-left-radius:0px;background:#f2f2f2;font-size:18px;line-height:24px;color:#555555;padding-top:10px;padding-right:14px;padding-bottom:10px;padding-left:14px;}.kt-accordion-id_554655-0a:not( .kt-accodion-icon-style-basiccircle ):not( .kt-accodion-icon-style-xclosecircle ):not( .kt-accodion-icon-style-arrowcircle )  > .kt-accordion-inner-wrap > .wp-block-kadence-pane > .kt-accordion-header-wrap .kt-blocks-accordion-icon-trigger:after, .kt-accordion-id_554655-0a:not( .kt-accodion-icon-style-basiccircle ):not( .kt-accodion-icon-style-xclosecircle ):not( .kt-accodion-icon-style-arrowcircle )  > .kt-accordion-inner-wrap > .wp-block-kadence-pane > .kt-accordion-header-wrap .kt-blocks-accordion-icon-trigger:before{background:#555555;}.kt-accordion-id_554655-0a:not( .kt-accodion-icon-style-basic ):not( .kt-accodion-icon-style-xclose ):not( .kt-accodion-icon-style-arrow ) .kt-blocks-accordion-icon-trigger{background:#555555;}.kt-accordion-id_554655-0a:not( .kt-accodion-icon-style-basic ):not( .kt-accodion-icon-style-xclose ):not( .kt-accodion-icon-style-arrow ) .kt-blocks-accordion-icon-trigger:after, .kt-accordion-id_554655-0a:not( .kt-accodion-icon-style-basic ):not( .kt-accodion-icon-style-xclose ):not( .kt-accodion-icon-style-arrow ) .kt-blocks-accordion-icon-trigger:before{background:#f2f2f2;}.kt-accordion-id_554655-0a > .kt-accordion-inner-wrap > .wp-block-kadence-pane > .kt-accordion-header-wrap > .kt-blocks-accordion-header:hover, \n\t\t\t\tbody:not(.hide-focus-outline) .kt-accordion-id_554655-0a .kt-blocks-accordion-header:focus-visible{color:#444444;background:#eeeeee;border-top-color:#eeeeee;border-right-color:#eeeeee;border-bottom-color:#eeeeee;border-left-color:#eeeeee;}.kt-accordion-id_554655-0a:not( .kt-accodion-icon-style-basiccircle ):not( .kt-accodion-icon-style-xclosecircle ):not( .kt-accodion-icon-style-arrowcircle ) .kt-accordion-header-wrap .kt-blocks-accordion-header:hover .kt-blocks-accordion-icon-trigger:after, .kt-accordion-id_554655-0a:not( .kt-accodion-icon-style-basiccircle ):not( .kt-accodion-icon-style-xclosecircle ):not( .kt-accodion-icon-style-arrowcircle ) .kt-accordion-header-wrap .kt-blocks-accordion-header:hover .kt-blocks-accordion-icon-trigger:before, body:not(.hide-focus-outline) .kt-accordion-id_554655-0a:not( .kt-accodion-icon-style-basiccircle ):not( .kt-accodion-icon-style-xclosecircle ):not( .kt-accodion-icon-style-arrowcircle ) .kt-blocks-accordion--visible .kt-blocks-accordion-icon-trigger:after, body:not(.hide-focus-outline) .kt-accordion-id_554655-0a:not( .kt-accodion-icon-style-basiccircle ):not( .kt-accodion-icon-style-xclosecircle ):not( .kt-accodion-icon-style-arrowcircle ) .kt-blocks-accordion-header:focus-visible .kt-blocks-accordion-icon-trigger:before{background:#444444;}.kt-accordion-id_554655-0a:not( .kt-accodion-icon-style-basic ):not( .kt-accodion-icon-style-xclose ):not( .kt-accodion-icon-style-arrow ) .kt-accordion-header-wrap .kt-blocks-accordion-header:hover .kt-blocks-accordion-icon-trigger, body:not(.hide-focus-outline) .kt-accordion-id_554655-0a:not( .kt-accodion-icon-style-basic ):not( .kt-accodion-icon-style-xclose ):not( .kt-accodion-icon-style-arrow ) .kt-accordion-header-wrap .kt-blocks-accordion-header:focus-visible .kt-blocks-accordion-icon-trigger{background:#444444;}.kt-accordion-id_554655-0a:not( .kt-accodion-icon-style-basic ):not( .kt-accodion-icon-style-xclose ):not( .kt-accodion-icon-style-arrow ) .kt-accordion-header-wrap .kt-blocks-accordion-header:hover .kt-blocks-accordion-icon-trigger:after, .kt-accordion-id_554655-0a:not( .kt-accodion-icon-style-basic ):not( .kt-accodion-icon-style-xclose ):not( .kt-accodion-icon-style-arrow ) .kt-accordion-header-wrap .kt-blocks-accordion-header:hover .kt-blocks-accordion-icon-trigger:before, body:not(.hide-focus-outline) .kt-accordion-id_554655-0a:not( .kt-accodion-icon-style-basic ):not( .kt-accodion-icon-style-xclose ):not( .kt-accodion-icon-style-arrow ) .kt-accordion-header-wrap .kt-blocks-accordion-header:focus-visible .kt-blocks-accordion-icon-trigger:after, body:not(.hide-focus-outline) .kt-accordion-id_554655-0a:not( .kt-accodion-icon-style-basic ):not( .kt-accodion-icon-style-xclose ):not( .kt-accodion-icon-style-arrow ) .kt-accordion-header-wrap .kt-blocks-accordion-header:focus-visible .kt-blocks-accordion-icon-trigger:before{background:#eeeeee;}.kt-accordion-id_554655-0a .kt-accordion-header-wrap .kt-blocks-accordion-header:focus-visible,\n\t\t\t\t.kt-accordion-id_554655-0a > .kt-accordion-inner-wrap > .wp-block-kadence-pane > .kt-accordion-header-wrap > .kt-blocks-accordion-header.kt-accordion-panel-active{color:#ffffff;background:#444444;border-top-color:#444444;border-right-color:#444444;border-bottom-color:#444444;border-left-color:#444444;}.kt-accordion-id_554655-0a:not( .kt-accodion-icon-style-basiccircle ):not( .kt-accodion-icon-style-xclosecircle ):not( .kt-accodion-icon-style-arrowcircle )  > .kt-accordion-inner-wrap > .wp-block-kadence-pane > .kt-accordion-header-wrap > .kt-blocks-accordion-header.kt-accordion-panel-active .kt-blocks-accordion-icon-trigger:after, .kt-accordion-id_554655-0a:not( .kt-accodion-icon-style-basiccircle ):not( .kt-accodion-icon-style-xclosecircle ):not( .kt-accodion-icon-style-arrowcircle )  > .kt-accordion-inner-wrap > .wp-block-kadence-pane > .kt-accordion-header-wrap > .kt-blocks-accordion-header.kt-accordion-panel-active .kt-blocks-accordion-icon-trigger:before{background:#ffffff;}.kt-accordion-id_554655-0a:not( .kt-accodion-icon-style-basic ):not( .kt-accodion-icon-style-xclose ):not( .kt-accodion-icon-style-arrow ) .kt-blocks-accordion-header.kt-accordion-panel-active .kt-blocks-accordion-icon-trigger{background:#ffffff;}.kt-accordion-id_554655-0a:not( .kt-accodion-icon-style-basic ):not( .kt-accodion-icon-style-xclose ):not( .kt-accodion-icon-style-arrow ) .kt-blocks-accordion-header.kt-accordion-panel-active .kt-blocks-accordion-icon-trigger:after, .kt-accordion-id_554655-0a:not( .kt-accodion-icon-style-basic ):not( .kt-accodion-icon-style-xclose ):not( .kt-accodion-icon-style-arrow ) .kt-blocks-accordion-header.kt-accordion-panel-active .kt-blocks-accordion-icon-trigger:before{background:#444444;}@media all and (max-width: 767px){.kt-accordion-id_554655-0a .kt-accordion-inner-wrap{display:block;}.kt-accordion-id_554655-0a .kt-accordion-inner-wrap .kt-accordion-pane:not(:first-child){margin-top:0px;}}<\/style>\n<div class=\"wp-block-kadence-accordion alignnone\"><div class=\"kt-accordion-wrap kt-accordion-wrap kt-accordion-id_554655-0a kt-accordion-has-20-panes kt-active-pane-0 kt-accordion-block kt-pane-header-alignment-left kt-accodion-icon-style-basic kt-accodion-icon-side-right\" style=\"max-width:none\"><div class=\"kt-accordion-inner-wrap\" data-allow-multiple-open=\"false\" data-start-open=\"0\">\n<div class=\"wp-block-kadence-pane kt-accordion-pane kt-accordion-pane-17 kt-pane_3ddc90-37\"><div class=\"kt-accordion-header-wrap\"><button class=\"kt-blocks-accordion-header kt-acccordion-button-label-show\"><span class=\"kt-blocks-accordion-title-wrap\"><span class=\"kt-blocks-accordion-title\">1. A agricultura regeneradora \u00e9 simplesmente uma volta a pr\u00e1ticas antigas?<\/span><\/span><span class=\"kt-blocks-accordion-icon-trigger\"><\/span><\/button><\/div><div class=\"kt-accordion-panel kt-accordion-panel-hidden\"><div class=\"kt-accordion-panel-inner\">\n<p>A agricultura regeneradora combina pr\u00e1ticas da agricultura tradicional com aspectos modernos e inova\u00e7\u00f5es tecnol\u00f3gicas para otimizar a produ\u00e7\u00e3o de alimentos de forma respeitosa e sustent\u00e1vel. A agricultura regeneradora encoraja pr\u00e1ticas que fornecem alimentos saud\u00e1veis e de qualidade para uma popula\u00e7\u00e3o crescente, ao mesmo tempo em que preserva os recursos do planeta, respeita o bem-estar animal e garante a viabilidade a longo prazo das explora\u00e7\u00f5es agr\u00edcolas.<\/p>\n\n\n\n<p><strong>A inova\u00e7\u00e3o tem um papel fundamental a desempenhar para que a agricultura seja mais precisa e eficiente.<\/strong><\/p>\n\n\n\n<p>Eis o que j\u00e1 estamos fazendo:<\/p>\n\n\n\n<p>\u2022 Melhorando o bem-estar animal e a produtividade das fazendas com sensores e colares conectados colocados nas vacas (Margarita no M\u00e9xico, com o BID)<br\/> \u2022 usando imagens de sat\u00e9lite e aprendizagem autom\u00e1tica para reunir e processar dados sobre a sa\u00fade do solo e para rastrear pr\u00e1ticas agr\u00edcolas (nos EUA, com Sustainable Environment Consultants)<br\/> \u2022 apoiando startups (Connectera, Sowit) que fornecem aos agricultores novas ferramentas baseadas em dados para ajud\u00e1-los a tomar decis\u00f5es.<\/p>\n<\/div><\/div><\/div>\n\n\n\n<div class=\"wp-block-kadence-pane kt-accordion-pane kt-accordion-pane-18 kt-pane_98ef4a-51\"><div class=\"kt-accordion-header-wrap\"><button class=\"kt-blocks-accordion-header kt-acccordion-button-label-show\"><span class=\"kt-blocks-accordion-title-wrap\"><span class=\"kt-blocks-accordion-title\">2. Glifosato e neonicotinoides &#8211; qual \u00e9 a verdadeira posi\u00e7\u00e3o da Danone?<\/span><\/span><span class=\"kt-blocks-accordion-icon-trigger\"><\/span><\/button><\/div><div class=\"kt-accordion-panel kt-accordion-panel-hidden\"><div class=\"kt-accordion-panel-inner\">\n<p>Definimos a agricultura regeneradora como uma s\u00e9rie de pr\u00e1ticas que:<\/p>\n\n\n\n<p>\u2022 protegem o solo, a \u00e1gua e a biodiversidade<br\/> \u2022 respeitam o bem-estar animal<br\/> \u2022 reconhecem o papel fundamental dos agricultores e o impacto positivo da agricultura, ao mesmo tempo em que leva em conta a sua viabilidade econ\u00f4mica.<\/p>\n\n\n\n<p>Pr\u00e1ticas da agricultura regeneradora incluem a redu\u00e7\u00e3o do arado e dos insumos qu\u00edmicos (como pesticidas e herbicidas), a melhoria da gest\u00e3o h\u00eddrica reduzindo o uso de \u00e1gua e promovendo a qualidade da \u00e1gua, o aumento da rota\u00e7\u00e3o de culturas e do uso de culturas de cobertura, e a instala\u00e7\u00e3o de zonas-tamp\u00e3o e de sebes. Quando implementadas juntas, essas pr\u00e1ticas restauram a sa\u00fade do solo e permitem \u00e0 agricultura agir como um sumidouro de carbono.<\/p>\n\n\n\n<p>Trabalhamos com agricultores e outros parceiros para apoi\u00e1-los a encontrar o bom equil\u00edbrio entre a redu\u00e7\u00e3o do arado e dos insumos qu\u00edmicos. \u00c0s vezes, os agricultores ainda precisam usar herbicidas em quantidades limitadas, dependendo do tipo de cultura, do solo e do clima. Cada explora\u00e7\u00e3o agr\u00edcola \u00e9 diferente e o nosso objetivo \u00e9 apoiar os agricultores na transi\u00e7\u00e3o para a agricultura regeneradora de uma forma equilibrada e sustent\u00e1vel segundo o seu contexto.<\/p>\n<\/div><\/div><\/div>\n\n\n\n<div class=\"wp-block-kadence-pane kt-accordion-pane kt-accordion-pane-19 kt-pane_5fb624-a6\"><div class=\"kt-accordion-header-wrap\"><button class=\"kt-blocks-accordion-header kt-acccordion-button-label-show\"><span class=\"kt-blocks-accordion-title-wrap\"><span class=\"kt-blocks-accordion-title\">3. Regenerative Agriculture \u2014 great for farmers, but does it interest<br\/>consumers?<\/span><\/span><span class=\"kt-blocks-accordion-icon-trigger\"><\/span><\/button><\/div><div class=\"kt-accordion-panel kt-accordion-panel-hidden\"><div class=\"kt-accordion-panel-inner\">\n<p>N\u00e3o \u00e9 segredo que cada vez mais os consumidores buscam produtos que os reconectem \u00e0 natureza. Isso est\u00e1 apenas acelerando no atual contexto.<\/p>\n\n\n\n<p>Durante os confinamentos do ano passado, 22% dos consumidores europeus mudaram os seus h\u00e1bitos de compra, direcionando os seus gastos para produtos mais naturais e org\u00e2nicos. Ademais, 19% deles expressaram o desejo de encontrar produtos mais sustent\u00e1veis (fonte: relat\u00f3rio sobre o consumidor da McKinsey).<\/p>\n\n\n\n<p>Portanto, a agricultura regeneradora representa um trunfo \u00fanico para as marcas se conectarem aos desejos dos consumidores de maior sustentabilidade e conex\u00e3o local com aquilo que comem.<\/p>\n\n\n\n<p>Por exemplo, a Bl\u00e9dina, a marca da Danone na Fran\u00e7a para os primeiros anos de vida, tem investido muito em pr\u00e1ticas regeneradoras e org\u00e2nicas. Hoje, \u00e9 uma das marcas mais apreciadas pelos consumidores e esse sucesso demonstra o potencial de se investir no capital natural.<\/p>\n<\/div><\/div><\/div>\n\n\n\n<div class=\"wp-block-kadence-pane kt-accordion-pane kt-accordion-pane-20 kt-pane_5e42c3-45\"><div class=\"kt-accordion-header-wrap\"><button class=\"kt-blocks-accordion-header kt-acccordion-button-label-show\"><span class=\"kt-blocks-accordion-title-wrap\"><span class=\"kt-blocks-accordion-title\">4. A agricultura regeneradora amea\u00e7a o foco no aspecto local?<\/span><\/span><span class=\"kt-blocks-accordion-icon-trigger\"><\/span><\/button><\/div><div class=\"kt-accordion-panel kt-accordion-panel-hidden\"><div class=\"kt-accordion-panel-inner\">\n<p>A agricultura regeneradora e a busca por alimentos produzidos a n\u00edvel local s\u00e3o dois lados da mesma moeda: os consumidores querem se reconectar com aquilo que comem sabendo que o alimento foi produzido de forma sustent\u00e1vel. Isso significa uma mudan\u00e7a na forma como os alimentos s\u00e3o produzidos e o caminho que percorrem do prado ao prato.<\/p>\n\n\n\n<p>O nosso sistema alimentar \u00e9 respons\u00e1vel por aproximadamente 26% das emiss\u00f5es globais de gases de efeito estufa. Assim, o transporte (6%) e as cadeias de abastecimento (18%) equivalem a um quarto das emiss\u00f5es que resultam do fornecimento de alimentos, sendo que a produ\u00e7\u00e3o de alimentos em si (incluindo a pecu\u00e1ria, a pesca e a agricultura) corresponde a 60%.[ https:\/\/ourworldindata.org\/environmental-impacts-of-food]<\/p>\n\n\n\n<p>Cumprir apenas um lado da moeda (alimentos produzidos localmente mas com muitas emiss\u00f5es de gases de efeito estufa \/ alimentos produzidos de forma sustent\u00e1vel mas transportados a longas dist\u00e2ncias) n\u00e3o corresponde verdadeiramente aos desejos dos consumidores. A forma de conquistar os cora\u00e7\u00f5es, as mentes e a lealdade dos consumidores \u00e9 combater ambos esses desafios de frente: com a transi\u00e7\u00e3o para pr\u00e1ticas regeneradoras e o abastecimento de ingredientes locais tanto quanto poss\u00edvel.<\/p>\n<\/div><\/div><\/div>\n\n\n\n<div class=\"wp-block-kadence-pane kt-accordion-pane kt-accordion-pane-20 kt-pane_68d0e5-5b\"><div class=\"kt-accordion-header-wrap\"><button class=\"kt-blocks-accordion-header kt-acccordion-button-label-show\"><span class=\"kt-blocks-accordion-title-wrap\"><span class=\"kt-blocks-accordion-title\">5. Quem vai pagar por essa grande transforma\u00e7\u00e3o? Com quais ferramentas?<\/span><\/span><span class=\"kt-blocks-accordion-icon-trigger\"><\/span><\/button><\/div><div class=\"kt-accordion-panel kt-accordion-panel-hidden\"><div class=\"kt-accordion-panel-inner\">\n<p><strong>Precisamos da participa\u00e7\u00e3o de protagonistas de toda a cadeia de abastecimento a fim de<br\/> financiar a transi\u00e7\u00e3o para a agricultura regeneradora.<\/strong><\/p>\n\n\n\n<p>A Danone est\u00e1 fazendo a sua parte gra\u00e7as a:<\/p>\n\n\n\n<p>\u2022 Um fundo interno espec\u00edfico para apoiar a implementa\u00e7\u00e3o de novas pr\u00e1ticas<br\/> \u2022 Parcerias com bancos, ONGs e plataformas de financiamento coletivo para co-construir novas ferramentas de financiamento<\/p>\n\n\n\n<p>Por exemplo, na Fran\u00e7a, investimos mais de 40 milh\u00f5es de euros desde 2016 para ajudar a cobrir os custos a medida que mais agricultores fazem a transi\u00e7\u00e3o para pr\u00e1ticas regeneradoras. Estamos perto de alcan\u00e7ar a meta de obter 100% dos ingredientes na Fran\u00e7a &#8211; incluindo leite fresco, frutas, legumes e beterrabas &#8211; da agricultura regeneradora at\u00e9 2025.<\/p>\n\n\n\n<p>No M\u00e9xico, estamos trabalhando com o Banco Interamericano de Desenvolvimento para transformar as pr\u00e1ticas da cria\u00e7\u00e3o de gado leiteiro &#8211; colocando sensores e colares conectados em 2.000 vacas em 40 explora\u00e7\u00f5es agr\u00edcolas para otimizar o seu bem-estar e produtividade. Tamb\u00e9m estamos trabalhando com produtores de morangos para permitir a sua transi\u00e7\u00e3o para pr\u00e1ticas regeneradoras. At\u00e9 hoje, o projeto resultou no aumento de 30% do rendimento dos agricultores, de 50% da preserva\u00e7\u00e3o do solo, e na redu\u00e7\u00e3o de 15% do uso de pesticidas.<\/p>\n<\/div><\/div><\/div>\n\n\n\n<div class=\"wp-block-kadence-pane kt-accordion-pane kt-accordion-pane-20 kt-pane_c5d3c0-4a\"><div class=\"kt-accordion-header-wrap\"><button class=\"kt-blocks-accordion-header kt-acccordion-button-label-show\"><span class=\"kt-blocks-accordion-title-wrap\"><span class=\"kt-blocks-accordion-title\">6. What\u2019s the difference between Regenerative Agriculture and<br\/>Sustainable agriculture?<\/span><\/span><span class=\"kt-blocks-accordion-icon-trigger\"><\/span><\/button><\/div><div class=\"kt-accordion-panel kt-accordion-panel-hidden\"><div class=\"kt-accordion-panel-inner\">\n<p>A principal diferen\u00e7a \u00e9 a inten\u00e7\u00e3o da agricultura regeneradora de regenerar (ou renovar) a produtividade e o potencial de crescimento daquilo que \u00e9 regenerado. As pr\u00e1ticas sustent\u00e1veis por defini\u00e7\u00e3o buscam manter o status quo, enquanto as pr\u00e1ticas regeneradoras reconhecem que os sistemas naturais est\u00e3o sendo afetados e aplica t\u00e9cnicas de gest\u00e3o para restaur\u00e1-los<sup><a href=\"https:\/\/ourworldindata.org\/environmental-impacts-of-food\" data-type=\"URL\" data-id=\"https:\/\/ourworldindata.org\/environmental-impacts-of-food\" target=\"_blank\" rel=\"noreferrer noopener\">1<\/a><\/sup>. <\/p>\n<\/div><\/div><\/div>\n\n\n\n<div class=\"wp-block-kadence-pane kt-accordion-pane kt-accordion-pane-20 kt-pane_9f1fe2-81\"><div class=\"kt-accordion-header-wrap\"><button class=\"kt-blocks-accordion-header kt-acccordion-button-label-show\"><span class=\"kt-blocks-accordion-title-wrap\"><span class=\"kt-blocks-accordion-title\">7. A agricultura regeneradora \u00e9 diferente da agricultura org\u00e2nica?<\/span><\/span><span class=\"kt-blocks-accordion-icon-trigger\"><\/span><\/button><\/div><div class=\"kt-accordion-panel kt-accordion-panel-hidden\"><div class=\"kt-accordion-panel-inner\">\n<p>A mentalidade \u00e9 diferente. A agricultura org\u00e2nica tenta reduzir os insumos negativos (produtos qu\u00edmicos, OGMs, etc.). A agricultura regeneradora vai al\u00e9m focando na sa\u00fade do solo (reduzindo o arado, promovendo o uso de culturas de cobertura e da rota\u00e7\u00e3o de culturas), na biodiversidade e na \u00e1gua (inclusive na sua quantidade).<\/p>\n\n\n\n<p>Algumas pr\u00e1ticas s\u00e3o semelhantes, mas a agricultura regeneradora integra outras dimens\u00f5es.<\/p>\n<\/div><\/div><\/div>\n\n\n\n<div class=\"wp-block-kadence-pane kt-accordion-pane kt-accordion-pane-20 kt-pane_642a19-eb\"><div class=\"kt-accordion-header-wrap\"><button class=\"kt-blocks-accordion-header kt-acccordion-button-label-show\"><span class=\"kt-blocks-accordion-title-wrap\"><span class=\"kt-blocks-accordion-title\">8. A pecu\u00e1ria n\u00e3o prejudica o meio ambiente?<\/span><\/span><span class=\"kt-blocks-accordion-icon-trigger\"><\/span><\/button><\/div><div class=\"kt-accordion-panel kt-accordion-panel-hidden\"><div class=\"kt-accordion-panel-inner\">\n<p>O impacto da pecu\u00e1ria nas mudan\u00e7as clim\u00e1ticas e na biodiversidade depende do tipo de cria\u00e7\u00e3o e na forma como os animais s\u00e3o criados. A pecu\u00e1ria industrial gera uma enorme demanda por culturas forrageiras, o que requer um uso intensivo da terra e, frequentemente, resulta em v\u00e1rios custos ambientais, incluindo o desmatamento, a eros\u00e3o do solo, a perda de fertilidade do solo e da biodiversidade, a polui\u00e7\u00e3o das \u00e1guas subterr\u00e2neas, o escoamento de produtos para rios e lagos, e as emiss\u00f5es ligadas ao transporte.<sup><a href=\"https:\/\/link.springer.com\/chapter\/10.1007\/978-3-319-18002-1_1\" data-type=\"URL\" data-id=\"https:\/\/link.springer.com\/chapter\/10.1007\/978-3-319-18002-1_1\" target=\"_blank\" rel=\"noreferrer noopener\">2<\/a><\/sup><\/p>\n\n\n\n<p>Mas os animais podem ter um impacto positivo quando s\u00e3o integrados a sistemas agr\u00edcolas sustent\u00e1veis, pastando em \u00e1reas com culturas de cobertura, fornecendo esterco que pode ser usado como fertilizante natural, e at\u00e9 para o controle de ervas daninhas. A integra\u00e7\u00e3o sustent\u00e1vel dos animais numa fazenda pode ajudar a reduzir a necessidade de insumos qu\u00edmicos e herbicidas. <sup><a href=\"http:\/\/www.fao.org\/3\/V8180T\/v8180T14.htm#integrated%20livestockagriculture%20production%20systems)\" data-type=\"URL\" data-id=\"http:\/\/www.fao.org\/3\/V8180T\/v8180T14.htm#integrated%20livestockagriculture%20production%20systems)\" target=\"_blank\" rel=\"noreferrer noopener\">3<\/a><\/sup> Esse \u00e9 o objetivo da Danone na sua abordagem com rela\u00e7\u00e3o \u00e0 agricultura regeneradora<\/p>\n\n\n\n<p>Certas pr\u00e1ticas t\u00eam o potencial de reduzir as emiss\u00f5es de gases de feito estufa dos animais, embora n\u00e3o sejam muito usadas hoje em dia (Gerber et al., 2013). Algumas das op\u00e7\u00f5es t\u00e9cnicas para mitigar o impacto dos animais nas mudan\u00e7as clim\u00e1ticas incluem o sequestro de carbono, a melhoria das dietas para reduzir a fermenta\u00e7\u00e3o ent\u00e9rica, a melhoria da gest\u00e3o do esterco, e o uso mais eficiente de fertilizantes (Steinfeld et al., 2006, Thornton and Gerber, 2010, UNFCCC, 2008).<\/p>\n<\/div><\/div><\/div>\n<\/div><\/div><\/div>\n\n<div style=\"height:50px\" aria-hidden=\"true\" class=\"wp-block-spacer\"><\/div>\n","protected":false},"excerpt":{"rendered":"<p>\u00a0Perguntas e respostas\u00a0<\/p>\n","protected":false},"author":1,"featured_media":0,"parent":0,"menu_order":43,"comment_status":"closed","ping_status":"closed","template":"","meta":{"_acf_changed":false,"footnotes":""},"class_list":["post-88939","page","type-page","status-publish","hentry"],"acf":[],"_links":{"self":[{"href":"https:\/\/regenerative-agriculture.danone.com\/pt-br\/wp-json\/wp\/v2\/pages\/88939","targetHints":{"allow":["GET"]}}],"collection":[{"href":"https:\/\/regenerative-agriculture.danone.com\/pt-br\/wp-json\/wp\/v2\/pages"}],"about":[{"href":"https:\/\/regenerative-agriculture.danone.com\/pt-br\/wp-json\/wp\/v2\/types\/page"}],"author":[{"embeddable":true,"href":"https:\/\/regenerative-agriculture.danone.com\/pt-br\/wp-json\/wp\/v2\/users\/1"}],"replies":[{"embeddable":true,"href":"https:\/\/regenerative-agriculture.danone.com\/pt-br\/wp-json\/wp\/v2\/comments?post=88939"}],"version-history":[{"count":1,"href":"https:\/\/regenerative-agriculture.danone.com\/pt-br\/wp-json\/wp\/v2\/pages\/88939\/revisions"}],"predecessor-version":[{"id":88940,"href":"https:\/\/regenerative-agriculture.danone.com\/pt-br\/wp-json\/wp\/v2\/pages\/88939\/revisions\/88940"}],"wp:attachment":[{"href":"https:\/\/regenerative-agriculture.danone.com\/pt-br\/wp-json\/wp\/v2\/media?parent=88939"}],"curies":[{"name":"wp","href":"https:\/\/api.w.org\/{rel}","templated":true}]}}