{"id":89365,"date":"2022-04-19T15:09:50","date_gmt":"2022-04-19T15:09:50","guid":{"rendered":"https:\/\/regenerative-agriculture.danone.com\/faq\/"},"modified":"2022-04-19T15:09:52","modified_gmt":"2022-04-19T15:09:52","slug":"faq","status":"publish","type":"page","link":"https:\/\/regenerative-agriculture.danone.com\/pl\/faq\/","title":{"rendered":"FAQ"},"content":{"rendered":"\n<h1 class=\"wp-block-heading\">\u00a0Pytania i odpowiedzi\u00a0<\/h1>\n\n<div style=\"height:50px\" aria-hidden=\"true\" class=\"wp-block-spacer\"><\/div>\n<style>.kt-accordion-id_554655-0a .kt-accordion-inner-wrap{column-gap:var(--global-kb-gap-md, 2rem);row-gap:0px;}.kt-accordion-id_554655-0a .kt-accordion-panel-inner{border-top-width:0px;border-right-width:0px;border-bottom-width:0px;border-left-width:0px;padding-top:var(--global-kb-spacing-sm, 1.5rem);padding-right:var(--global-kb-spacing-sm, 1.5rem);padding-bottom:var(--global-kb-spacing-sm, 1.5rem);padding-left:var(--global-kb-spacing-sm, 1.5rem);}.kt-accordion-id_554655-0a > .kt-accordion-inner-wrap > .wp-block-kadence-pane > .kt-accordion-header-wrap > .kt-blocks-accordion-header{border-top-color:#555555;border-right-color:#555555;border-bottom-color:#555555;border-left-color:#555555;border-top-width:0px;border-right-width:0px;border-bottom-width:0px;border-left-width:0px;border-top-left-radius:0px;border-top-right-radius:0px;border-bottom-right-radius:0px;border-bottom-left-radius:0px;background:#f2f2f2;font-size:18px;line-height:24px;color:#555555;padding-top:10px;padding-right:14px;padding-bottom:10px;padding-left:14px;}.kt-accordion-id_554655-0a:not( .kt-accodion-icon-style-basiccircle ):not( .kt-accodion-icon-style-xclosecircle ):not( .kt-accodion-icon-style-arrowcircle )  > .kt-accordion-inner-wrap > .wp-block-kadence-pane > .kt-accordion-header-wrap .kt-blocks-accordion-icon-trigger:after, .kt-accordion-id_554655-0a:not( .kt-accodion-icon-style-basiccircle ):not( .kt-accodion-icon-style-xclosecircle ):not( .kt-accodion-icon-style-arrowcircle )  > .kt-accordion-inner-wrap > .wp-block-kadence-pane > .kt-accordion-header-wrap .kt-blocks-accordion-icon-trigger:before{background:#555555;}.kt-accordion-id_554655-0a:not( .kt-accodion-icon-style-basic ):not( .kt-accodion-icon-style-xclose ):not( .kt-accodion-icon-style-arrow ) .kt-blocks-accordion-icon-trigger{background:#555555;}.kt-accordion-id_554655-0a:not( .kt-accodion-icon-style-basic ):not( .kt-accodion-icon-style-xclose ):not( .kt-accodion-icon-style-arrow ) .kt-blocks-accordion-icon-trigger:after, .kt-accordion-id_554655-0a:not( .kt-accodion-icon-style-basic ):not( .kt-accodion-icon-style-xclose ):not( .kt-accodion-icon-style-arrow ) .kt-blocks-accordion-icon-trigger:before{background:#f2f2f2;}.kt-accordion-id_554655-0a > .kt-accordion-inner-wrap > .wp-block-kadence-pane > .kt-accordion-header-wrap > .kt-blocks-accordion-header:hover, \n\t\t\t\tbody:not(.hide-focus-outline) .kt-accordion-id_554655-0a .kt-blocks-accordion-header:focus-visible{color:#444444;background:#eeeeee;border-top-color:#eeeeee;border-right-color:#eeeeee;border-bottom-color:#eeeeee;border-left-color:#eeeeee;}.kt-accordion-id_554655-0a:not( .kt-accodion-icon-style-basiccircle ):not( .kt-accodion-icon-style-xclosecircle ):not( .kt-accodion-icon-style-arrowcircle ) .kt-accordion-header-wrap .kt-blocks-accordion-header:hover .kt-blocks-accordion-icon-trigger:after, .kt-accordion-id_554655-0a:not( .kt-accodion-icon-style-basiccircle ):not( .kt-accodion-icon-style-xclosecircle ):not( .kt-accodion-icon-style-arrowcircle ) .kt-accordion-header-wrap .kt-blocks-accordion-header:hover .kt-blocks-accordion-icon-trigger:before, body:not(.hide-focus-outline) .kt-accordion-id_554655-0a:not( .kt-accodion-icon-style-basiccircle ):not( .kt-accodion-icon-style-xclosecircle ):not( .kt-accodion-icon-style-arrowcircle ) .kt-blocks-accordion--visible .kt-blocks-accordion-icon-trigger:after, body:not(.hide-focus-outline) .kt-accordion-id_554655-0a:not( .kt-accodion-icon-style-basiccircle ):not( .kt-accodion-icon-style-xclosecircle ):not( .kt-accodion-icon-style-arrowcircle ) .kt-blocks-accordion-header:focus-visible .kt-blocks-accordion-icon-trigger:before{background:#444444;}.kt-accordion-id_554655-0a:not( .kt-accodion-icon-style-basic ):not( .kt-accodion-icon-style-xclose ):not( .kt-accodion-icon-style-arrow ) .kt-accordion-header-wrap .kt-blocks-accordion-header:hover .kt-blocks-accordion-icon-trigger, body:not(.hide-focus-outline) .kt-accordion-id_554655-0a:not( .kt-accodion-icon-style-basic ):not( .kt-accodion-icon-style-xclose ):not( .kt-accodion-icon-style-arrow ) .kt-accordion-header-wrap .kt-blocks-accordion-header:focus-visible .kt-blocks-accordion-icon-trigger{background:#444444;}.kt-accordion-id_554655-0a:not( .kt-accodion-icon-style-basic ):not( .kt-accodion-icon-style-xclose ):not( .kt-accodion-icon-style-arrow ) .kt-accordion-header-wrap .kt-blocks-accordion-header:hover .kt-blocks-accordion-icon-trigger:after, .kt-accordion-id_554655-0a:not( .kt-accodion-icon-style-basic ):not( .kt-accodion-icon-style-xclose ):not( .kt-accodion-icon-style-arrow ) .kt-accordion-header-wrap .kt-blocks-accordion-header:hover .kt-blocks-accordion-icon-trigger:before, body:not(.hide-focus-outline) .kt-accordion-id_554655-0a:not( .kt-accodion-icon-style-basic ):not( .kt-accodion-icon-style-xclose ):not( .kt-accodion-icon-style-arrow ) .kt-accordion-header-wrap .kt-blocks-accordion-header:focus-visible .kt-blocks-accordion-icon-trigger:after, body:not(.hide-focus-outline) .kt-accordion-id_554655-0a:not( .kt-accodion-icon-style-basic ):not( .kt-accodion-icon-style-xclose ):not( .kt-accodion-icon-style-arrow ) .kt-accordion-header-wrap .kt-blocks-accordion-header:focus-visible .kt-blocks-accordion-icon-trigger:before{background:#eeeeee;}.kt-accordion-id_554655-0a .kt-accordion-header-wrap .kt-blocks-accordion-header:focus-visible,\n\t\t\t\t.kt-accordion-id_554655-0a > .kt-accordion-inner-wrap > .wp-block-kadence-pane > .kt-accordion-header-wrap > .kt-blocks-accordion-header.kt-accordion-panel-active{color:#ffffff;background:#444444;border-top-color:#444444;border-right-color:#444444;border-bottom-color:#444444;border-left-color:#444444;}.kt-accordion-id_554655-0a:not( .kt-accodion-icon-style-basiccircle ):not( .kt-accodion-icon-style-xclosecircle ):not( .kt-accodion-icon-style-arrowcircle )  > .kt-accordion-inner-wrap > .wp-block-kadence-pane > .kt-accordion-header-wrap > .kt-blocks-accordion-header.kt-accordion-panel-active .kt-blocks-accordion-icon-trigger:after, .kt-accordion-id_554655-0a:not( .kt-accodion-icon-style-basiccircle ):not( .kt-accodion-icon-style-xclosecircle ):not( .kt-accodion-icon-style-arrowcircle )  > .kt-accordion-inner-wrap > .wp-block-kadence-pane > .kt-accordion-header-wrap > .kt-blocks-accordion-header.kt-accordion-panel-active .kt-blocks-accordion-icon-trigger:before{background:#ffffff;}.kt-accordion-id_554655-0a:not( .kt-accodion-icon-style-basic ):not( .kt-accodion-icon-style-xclose ):not( .kt-accodion-icon-style-arrow ) .kt-blocks-accordion-header.kt-accordion-panel-active .kt-blocks-accordion-icon-trigger{background:#ffffff;}.kt-accordion-id_554655-0a:not( .kt-accodion-icon-style-basic ):not( .kt-accodion-icon-style-xclose ):not( .kt-accodion-icon-style-arrow ) .kt-blocks-accordion-header.kt-accordion-panel-active .kt-blocks-accordion-icon-trigger:after, .kt-accordion-id_554655-0a:not( .kt-accodion-icon-style-basic ):not( .kt-accodion-icon-style-xclose ):not( .kt-accodion-icon-style-arrow ) .kt-blocks-accordion-header.kt-accordion-panel-active .kt-blocks-accordion-icon-trigger:before{background:#444444;}@media all and (max-width: 767px){.kt-accordion-id_554655-0a .kt-accordion-inner-wrap{display:block;}.kt-accordion-id_554655-0a .kt-accordion-inner-wrap .kt-accordion-pane:not(:first-child){margin-top:0px;}}<\/style>\n<div class=\"wp-block-kadence-accordion alignnone\"><div class=\"kt-accordion-wrap kt-accordion-wrap kt-accordion-id_554655-0a kt-accordion-has-20-panes kt-active-pane-0 kt-accordion-block kt-pane-header-alignment-left kt-accodion-icon-style-basic kt-accodion-icon-side-right\" style=\"max-width:none\"><div class=\"kt-accordion-inner-wrap\" data-allow-multiple-open=\"false\" data-start-open=\"0\">\n<div class=\"wp-block-kadence-pane kt-accordion-pane kt-accordion-pane-17 kt-pane_3ddc90-37\"><div class=\"kt-accordion-header-wrap\"><button class=\"kt-blocks-accordion-header kt-acccordion-button-label-show\"><span class=\"kt-blocks-accordion-title-wrap\"><span class=\"kt-blocks-accordion-title\">1. Czy rolnictwo regeneracyjne to po prostu powr\u00f3t do starych praktyk?<\/span><\/span><span class=\"kt-blocks-accordion-icon-trigger\"><\/span><\/button><\/div><div class=\"kt-accordion-panel kt-accordion-panel-hidden\"><div class=\"kt-accordion-panel-inner\">\n<p>Rolnictwo regeneracyjne \u0142\u0105czy tradycyjne praktyki rolnicze ze wsp\u00f3\u0142czesnymi i technologicznymi innowacjami, aby optymalizowa\u0107 produkcj\u0119 \u017cywno\u015bci z poszanowaniem i w zr\u00f3wnowa\u017cony spos\u00f3b. Rolnictwo regeneracyjne wspomaga praktyki, kt\u00f3re dostarczaj\u0105 rosn\u0105cej populacji zdrowej \u017cywno\u015bci wysokiej jako\u015bci i jednocze\u015bnie chroni\u0105 zasoby planety, dbaj\u0105 o dobrostan zwierz\u0105t i zapewniaj\u0105 d\u0142ugofalow\u0105 rentowno\u015b\u0107 gospodarstw rolnych.<\/p>\n\n\n\n<p><strong>Innowacje maj\u0105 do odegrania kluczow\u0105 rol\u0119 w podnoszeniu precyzji i wydajno\u015bci rolnictwa.<\/strong><\/p>\n\n\n\n<p>Oto, co ju\u017c robimy:<\/p>\n\n\n\n<p>\u2022 Poprawa dobrostanu zwierz\u0105t i wydajno\u015bci gospodarstw rolnych za pomoc\u0105 zak\u0142adanych krowom czujnik\u00f3w i obro\u017cy pod\u0142\u0105czonych do Internetu (Margarita w Meksyku wraz z Mi\u0119dzyameryka\u0144skim Bankiem Rozwoju, IDB)<br\/>\u2022 Wykorzystywanie obraz\u00f3w satelitarnych i uczenia maszynowego do gromadzenia i przetwarzania danych o stanie gleby oraz \u015bledzenie praktyk rolniczych (w USA wraz z Sustainable Environment Consultants)<br\/>\u2022 Wspomaganie przedsi\u0119biorstw typu start-up (Connectera, Sowit), kt\u00f3re wyposa\u017caj\u0105 rolnik\u00f3w w nowe narz\u0119dzia decyzyjne oparte na danych.<\/p>\n<\/div><\/div><\/div>\n\n\n\n<div class=\"wp-block-kadence-pane kt-accordion-pane kt-accordion-pane-18 kt-pane_98ef4a-51\"><div class=\"kt-accordion-header-wrap\"><button class=\"kt-blocks-accordion-header kt-acccordion-button-label-show\"><span class=\"kt-blocks-accordion-title-wrap\"><span class=\"kt-blocks-accordion-title\">2. Glifosat i neonikotynoidy \u2014 jakie jest faktyczne stanowisko Danone?<\/span><\/span><span class=\"kt-blocks-accordion-icon-trigger\"><\/span><\/button><\/div><div class=\"kt-accordion-panel kt-accordion-panel-hidden\"><div class=\"kt-accordion-panel-inner\">\n<p>Definiujemy rolnictwo regeneracyjne jako zestaw praktyk, kt\u00f3re:<\/p>\n\n\n\n<p>\u2022 chroni\u0105 gleb\u0119, wod\u0119 i bior\u00f3\u017cnorodno\u015b\u0107<br\/>\u2022 dbaj\u0105 o dobrostan zwierz\u0105t<br\/>\u2022 uznaj\u0105 kluczow\u0105 rol\u0119 rolnik\u00f3w i pozytywny wp\u0142yw rolnictwa przy uwzgl\u0119dnieniu op\u0142acalno\u015bci ekonomicznej.<\/p>\n\n\n\n<p>Praktyki rolnictwa regeneracyjnego obejmuj\u0105 ograniczanie orki i nak\u0142ad\u00f3w chemicznych (takich jak pestycydy i herbicydy), popraw\u0119 gospodarowania wod\u0105 poprzez obni\u017cenie zu\u017cycia i popraw\u0119 jako\u015bci wody, zwi\u0119kszanie p\u0142odozmianu oraz tworzenie stref buforowych i \u017cywop\u0142ot\u00f3w. Ich \u0142\u0105czne wdra\u017canie pozwala poprawi\u0107 stan gleby i sprawi\u0107, \u017ce rolnictwo pe\u0142ni rol\u0119 poch\u0142aniacza dwutlenku w\u0119gla.<\/p>\n\n\n\n<p>Wsp\u00f3\u0142pracujemy z rolnikami i innymi partnerami, wspieraj\u0105c ich w poszukiwaniach odpowiedniej r\u00f3wnowagi mi\u0119dzy ork\u0105 a ograniczaniem nak\u0142ad\u00f3w chemicznych. Czasami rolnicy mog\u0105 nadal stosowa\u0107 herbicydy w ograniczonych ilo\u015bciach w zale\u017cno\u015bci od uprawianych ro\u015blin, rodzaju gleby i klimatu. Ka\u017cde gospodarstwo rolne jest inne, a naszym celem jest wspieranie rolnik\u00f3w w przechodzeniu na rolnictwo regeneracyjne w spos\u00f3b, kt\u00f3ry jest zbilansowany i zr\u00f3wnowa\u017cony w ich konkretnym kontek\u015bcie.<\/p>\n<\/div><\/div><\/div>\n\n\n\n<div class=\"wp-block-kadence-pane kt-accordion-pane kt-accordion-pane-19 kt-pane_5fb624-a6\"><div class=\"kt-accordion-header-wrap\"><button class=\"kt-blocks-accordion-header kt-acccordion-button-label-show\"><span class=\"kt-blocks-accordion-title-wrap\"><span class=\"kt-blocks-accordion-title\">3. Regenerative Agriculture \u2014 great for farmers, but does it interest<br\/>consumers?<\/span><\/span><span class=\"kt-blocks-accordion-icon-trigger\"><\/span><\/button><\/div><div class=\"kt-accordion-panel kt-accordion-panel-hidden\"><div class=\"kt-accordion-panel-inner\">\n<p>Nie jest tajemnic\u0105, \u017ce coraz wi\u0119cej konsument\u00f3w zwraca si\u0119 w kierunku produkt\u00f3w, kt\u00f3re umo\u017cliwiaj\u0105 im ponowne nawi\u0105zanie kontaktu z natur\u0105. W obecnym kontek\u015bcie ta tendencja przybiera na sile.<\/p>\n\n\n\n<p>W ci\u0105gu ubieg\u0142ego roku, kiedy wprowadzano ograniczenia w przemieszczaniu si\u0119, 22% europejskich konsument\u00f3w zmieni\u0142o swoje nawyki zakupowe, ukierunkowuj\u0105c wydatki na bardziej naturalne i organiczne produkty. Co wi\u0119cej 19% z nich wyrazi\u0142o zainteresowanie bardziej zr\u00f3wnowa\u017conymi produktami (\u017ar\u00f3d\u0142o: Raport konsumencki McKinsey).<\/p>\n\n\n\n<p>Rolnictwo regeneracyjne stanowi zatem unikatowy atut, kt\u00f3ry umo\u017cliwia markom nawi\u0105zanie do potrzeb konsument\u00f3w w zakresie zr\u00f3wnowa\u017cenia i lokalnego zwi\u0105zku ze spo\u017cywan\u0105 \u017cywno\u015bci\u0105.<\/p>\n\n\n\n<p>Na przyk\u0142ad Bl\u00e9dina, jedna z pierwszych marek Danone we Francji, przeznacza ogromne nak\u0142ady inwestycyjne na praktyki regeneracyjne i organiczne. Obecnie plasuje si\u0119 na czo\u0142owych miejscach w rankingach uznania konsument\u00f3w \u2013 ten sukces wiele m\u00f3wi o potencjale inwestowania w kapita\u0142 naturalny.<\/p>\n<\/div><\/div><\/div>\n\n\n\n<div class=\"wp-block-kadence-pane kt-accordion-pane kt-accordion-pane-20 kt-pane_5e42c3-45\"><div class=\"kt-accordion-header-wrap\"><button class=\"kt-blocks-accordion-header kt-acccordion-button-label-show\"><span class=\"kt-blocks-accordion-title-wrap\"><span class=\"kt-blocks-accordion-title\">4. Czy rolnictwo regeneracyjne zagra\u017ca lokalnej mentalno\u015bci?<\/span><\/span><span class=\"kt-blocks-accordion-icon-trigger\"><\/span><\/button><\/div><div class=\"kt-accordion-panel kt-accordion-panel-hidden\"><div class=\"kt-accordion-panel-inner\">\n<p>Rolnictwo regeneracyjne i zapotrzebowanie na lokalnie uprawian\u0105 \u017cywno\u015b\u0107 to dwie strony tego samego medalu: konsumenci chc\u0105 ponownie nawi\u0105za\u0107 kontakt ze spo\u017cywan\u0105 \u017cywno\u015bci\u0105, wiedz\u0105c \u017ce by\u0142a uprawiana w zr\u00f3wnowa\u017cony spos\u00f3b. To oznacza zmian\u0119 zar\u00f3wno sposobu uprawy \u017cywno\u015bci, jak i drogi, jak\u0105 przebywa od pola do sto\u0142u.<\/p>\n\n\n\n<p>Nasz system \u017cywno\u015bci odpowiada za oko\u0142o 26% globalnych emisji gaz\u00f3w cieplarnianych \u2013 w tym transport (6%) i \u0142a\u0144cuchy dostaw (18%) odpowiadaj\u0105 mniej wi\u0119cej za jedn\u0105 czwart\u0105 emisji, kt\u00f3re wynikaj\u0105 z \u017cywienia \u015bwiata, gdzie sama produkcja \u017cywno\u015bci (mi\u0119dzy innymi inwentarz \u017cywy, rybo\u0142\u00f3wstwo i produkcja ro\u015blinna) stanowi 60%.[ https:\/\/ourworldindata.org\/environmental-impacts-of-food]<\/p>\n\n\n\n<p>Uporanie si\u0119 tylko z jednym z dw\u00f3ch wyzwa\u0144 (\u017cywno\u015b\u0107 produkowana lokalnie, ale w spos\u00f3b generuj\u0105cy intensywne emisje gaz\u00f3w cieplarnianych \/ \u017cywno\u015b\u0107 produkowana w spos\u00f3b zr\u00f3wnowa\u017cony, ale transportowana na du\u017ce odleg\u0142o\u015bci) nie odpowiada prawdziwym aspiracjom konsument\u00f3w. Sposobem na zdobycie serc, umys\u0142\u00f3w i lojalno\u015bci konsument\u00f3w jest stawienie czo\u0142a obydwu wyzwaniom \u2013 przestawienie produkcji \u017cywno\u015bci na praktyki regeneracyjne przy jednoczesnym pozyskiwaniu sk\u0142adnik\u00f3w na tyle lokalnie, na ile to mo\u017cliwe.<\/p>\n<\/div><\/div><\/div>\n\n\n\n<div class=\"wp-block-kadence-pane kt-accordion-pane kt-accordion-pane-20 kt-pane_68d0e5-5b\"><div class=\"kt-accordion-header-wrap\"><button class=\"kt-blocks-accordion-header kt-acccordion-button-label-show\"><span class=\"kt-blocks-accordion-title-wrap\"><span class=\"kt-blocks-accordion-title\">5. Kto ponosi koszty tej ogromnej transformacji? Z wykorzystaniem jakich narz\u0119dzi?<\/span><\/span><span class=\"kt-blocks-accordion-icon-trigger\"><\/span><\/button><\/div><div class=\"kt-accordion-panel kt-accordion-panel-hidden\"><div class=\"kt-accordion-panel-inner\">\n<p><strong>Potrzebujemy udzia\u0142u podmiot\u00f3w z ca\u0142ego \u0142a\u0144cucha dostaw, aby <br\/>sfinansowa\u0107 przechodzenie na rolnictwo regeneracyjne.<\/strong><\/p>\n\n\n\n<p>Danone wywi\u0105zuje si\u0119 ze swojej cz\u0119\u015bci zobowi\u0105zania za po\u015brednictwem:<\/p>\n\n\n\n<p>\u2022 Specjalnego funduszu wewn\u0119trznego na wspomaganie wdra\u017cania nowych praktyk<br\/>\u2022 Partnerstwa z bankami, NGO i platformami crowdfundingowymi na rzecz wsp\u00f3lnego budowania nowych narz\u0119dzi finansowych<\/p>\n\n\n\n<p>Na przyk\u0142ad we Francji zainwestowali\u015bmy od 2016 roku ponad 40 milion\u00f3w euro w pomoc w pokrywaniu koszt\u00f3w w obliczu rosn\u0105cej liczby rolnik\u00f3w przechodz\u0105cych na praktyki regeneracyjne. Jeste\u015bmy na dobrej drodze do pozyskiwania 100 procent sk\u0142adnik\u00f3w do roku 2025 we Francji \u2013 w tym \u015bwie\u017cego mleka, owoc\u00f3w i warzyw oraz burak\u00f3w cukrowych \u2013 z rolnictwa regeneracyjnego.<\/p>\n\n\n\n<p>W Meksyku wsp\u00f3\u0142pracujemy z Inter-American Development Bank nad przekszta\u0142caniem praktyk gospodarstw mleczarskich \u2013 wyposa\u017cenie 2000 kr\u00f3w w 40 gospodarstwach w czujniki i obro\u017ce pod\u0142\u0105czone do Internetu w celu optymalizacji ich dobrostanu i wydajno\u015bci. Wsp\u00f3\u0142pracujemy tak\u017ce z rolnikami uprawiaj\u0105cymi truskawki nad umo\u017cliwieniem im przechodzenia na praktyki regeneracyjne. Do tej pory projekt zapewni\u0142 rolnikom 30% wzrost dochod\u00f3w, 50% wi\u0119ksz\u0105 ochron\u0119 gleby oraz 15% spadek u\u017cycia pestycyd\u00f3w.<\/p>\n<\/div><\/div><\/div>\n\n\n\n<div class=\"wp-block-kadence-pane kt-accordion-pane kt-accordion-pane-20 kt-pane_c5d3c0-4a\"><div class=\"kt-accordion-header-wrap\"><button class=\"kt-blocks-accordion-header kt-acccordion-button-label-show\"><span class=\"kt-blocks-accordion-title-wrap\"><span class=\"kt-blocks-accordion-title\">6. What\u2019s the difference between Regenerative Agriculture and<br\/>Sustainable agriculture?<\/span><\/span><span class=\"kt-blocks-accordion-icon-trigger\"><\/span><\/button><\/div><div class=\"kt-accordion-panel kt-accordion-panel-hidden\"><div class=\"kt-accordion-panel-inner\">\n<p>Kluczow\u0105 r\u00f3\u017cnic\u0105 jest d\u0105\u017cenie rolnictwa regeneracyjnego do regeneracji (czy odnowienia) wydajno\u015bci i potencja\u0142u wzrostu wszystkiego, co podlega regeneracji. Praktyki zr\u00f3wnowa\u017cone z definicji d\u0105\u017c\u0105 do utrzymania tego samego stanu, podczas gdy wed\u0142ug praktyk regeneracyjnych systemy naturalne s\u0105 obecnie obci\u0105\u017cone i nale\u017cy wykorzysta\u0107 techniki zarz\u0105dzania w celu odbudowy systemu <sup><a href=\"https:\/\/ourworldindata.org\/environmental-impacts-of-food\" data-type=\"URL\" data-id=\"https:\/\/ourworldindata.org\/environmental-impacts-of-food\" target=\"_blank\" rel=\"noreferrer noopener\">1<\/a><\/sup>. <\/p>\n<\/div><\/div><\/div>\n\n\n\n<div class=\"wp-block-kadence-pane kt-accordion-pane kt-accordion-pane-20 kt-pane_9f1fe2-81\"><div class=\"kt-accordion-header-wrap\"><button class=\"kt-blocks-accordion-header kt-acccordion-button-label-show\"><span class=\"kt-blocks-accordion-title-wrap\"><span class=\"kt-blocks-accordion-title\">7. Czy rolnictwo regeneracyjne r\u00f3\u017cni si\u0119 od rolnictwa ekologicznego?<\/span><\/span><span class=\"kt-blocks-accordion-icon-trigger\"><\/span><\/button><\/div><div class=\"kt-accordion-panel kt-accordion-panel-hidden\"><div class=\"kt-accordion-panel-inner\">\n<p>Spos\u00f3b my\u015blenia jest odmienny. Podej\u015bcie organiczne d\u0105\u017cy do ograniczenia negatywnego oddzia\u0142ywania (chemikalia, GMO itp.). Rolnictwo regeneracyjne idzie dalej, pracuj\u0105c nad stanem gleby (ograniczenie orki, upowszechnianie upraw okrywowych i p\u0142odozmianu), bior\u00f3\u017cnorodno\u015bci\u0105 i wod\u0105 (w tym jej ilo\u015bci\u0105).<\/p>\n\n\n\n<p>Niekt\u00f3re praktyki s\u0105 podobne, ale rolnictwo regeneracyjne obejmuje wi\u0119cej wymiar\u00f3w.<\/p>\n<\/div><\/div><\/div>\n\n\n\n<div class=\"wp-block-kadence-pane kt-accordion-pane kt-accordion-pane-20 kt-pane_642a19-eb\"><div class=\"kt-accordion-header-wrap\"><button class=\"kt-blocks-accordion-header kt-acccordion-button-label-show\"><span class=\"kt-blocks-accordion-title-wrap\"><span class=\"kt-blocks-accordion-title\">8. Czy hodowla zwierz\u0105t nie szkodzi \u015brodowisku?<\/span><\/span><span class=\"kt-blocks-accordion-icon-trigger\"><\/span><\/button><\/div><div class=\"kt-accordion-panel kt-accordion-panel-hidden\"><div class=\"kt-accordion-panel-inner\">\n<p>Wp\u0142yw \u017cywego inwentarza na zmian\u0119 klimatu i bior\u00f3\u017cnorodno\u015b\u0107 w du\u017cej mierze zale\u017cy od systemu rolniczego i sposobu, w jaki prowadzona jest hodowla. Przemys\u0142owa produkcja zwierz\u0119ca generuje ogromne zapotrzebowanie na ro\u015bliny pastewne, kt\u00f3re wymagaj\u0105 intensywnego u\u017cytkowania grunt\u00f3w i cz\u0119sto skutkuj\u0105 szeregiem koszt\u00f3w \u015brodowiskowych, od wylesiania, erozji gleby i utraty \u017cyzno\u015bci gleby oraz bior\u00f3\u017cnorodno\u015bci po zanieczyszczenie w\u00f3d gruntowych, odp\u0142ywy z p\u00f3l do rzek i jezior oraz emisje ze \u015brodk\u00f3w transportu. <sup><a href=\"https:\/\/link.springer.com\/chapter\/10.1007\/978-3-319-18002-1_1\" data-type=\"URL\" data-id=\"https:\/\/link.springer.com\/chapter\/10.1007\/978-3-319-18002-1_1\" target=\"_blank\" rel=\"noreferrer noopener\">2<\/a><\/sup><\/p>\n\n\n\n<p>Niemniej \u017cywy inwentarz mo\u017ce mie\u0107 pozytywny wp\u0142yw w przypadku w\u0142\u0105czenia go do system\u00f3w rolnictwa zr\u00f3wnowa\u017conego \u2013 \u017cywienie w systemie wypasowym ro\u015blinami okrywowymi, dostarczanie obornika, kt\u00f3ry mo\u017ce zosta\u0107 wykorzystany jako naw\u00f3z naturalny, a nawet do zwalczania chwast\u00f3w. Zr\u00f3wnowa\u017cone w\u0142\u0105czenie \u017cywego inwentarza w gospodarstwie rolnym mo\u017ce pom\u00f3c w obni\u017ceniu \u015brodk\u00f3w chemicznych i herbicyd\u00f3w.<sup><a href=\"http:\/\/www.fao.org\/3\/V8180T\/v8180T14.htm#integrated%20livestockagriculture%20production%20systems)\" data-type=\"URL\" data-id=\"http:\/\/www.fao.org\/3\/V8180T\/v8180T14.htm#integrated%20livestockagriculture%20production%20systems)\" target=\"_blank\" rel=\"noreferrer noopener\">3<\/a><\/sup> To w\u0142a\u015bnie do czego d\u0105\u017cy Danone w swoim podej\u015bciu do rolnictwa regeneracyjnego.<\/p>\n\n\n\n<p>Niekt\u00f3re praktyki mog\u0105 potencjalnie ograniczy\u0107 emisje gaz\u00f3w cieplarnianych z hodowli, niemniej nie s\u0105 obecnie powszechnie stosowane (Gerber et al., 2013). Do opcji technicznych \u0142agodzenia wp\u0142ywu inwentarza \u017cywego na zmian\u0119 klimatu zalicza si\u0119 mi\u0119dzy innymi sekwestracj\u0119 dwutlenku w\u0119gla, popraw\u0119 diety w celu ograniczania fermentacji jelitowej, popraw\u0119 gospodarowania obornikiem i efektywniejsze wykorzystywanie nawoz\u00f3w (Steinfeld et al., 2006, Thornton and Gerber, 2010, UNFCCC, 2008).<\/p>\n<\/div><\/div><\/div>\n<\/div><\/div><\/div>\n\n<div style=\"height:50px\" aria-hidden=\"true\" class=\"wp-block-spacer\"><\/div>\n","protected":false},"excerpt":{"rendered":"<p>\u00a0Pytania i odpowiedzi\u00a0<\/p>\n","protected":false},"author":1,"featured_media":0,"parent":0,"menu_order":44,"comment_status":"closed","ping_status":"closed","template":"","meta":{"_acf_changed":false,"footnotes":""},"class_list":["post-89365","page","type-page","status-publish","hentry"],"acf":[],"_links":{"self":[{"href":"https:\/\/regenerative-agriculture.danone.com\/pl\/wp-json\/wp\/v2\/pages\/89365","targetHints":{"allow":["GET"]}}],"collection":[{"href":"https:\/\/regenerative-agriculture.danone.com\/pl\/wp-json\/wp\/v2\/pages"}],"about":[{"href":"https:\/\/regenerative-agriculture.danone.com\/pl\/wp-json\/wp\/v2\/types\/page"}],"author":[{"embeddable":true,"href":"https:\/\/regenerative-agriculture.danone.com\/pl\/wp-json\/wp\/v2\/users\/1"}],"replies":[{"embeddable":true,"href":"https:\/\/regenerative-agriculture.danone.com\/pl\/wp-json\/wp\/v2\/comments?post=89365"}],"version-history":[{"count":1,"href":"https:\/\/regenerative-agriculture.danone.com\/pl\/wp-json\/wp\/v2\/pages\/89365\/revisions"}],"predecessor-version":[{"id":89366,"href":"https:\/\/regenerative-agriculture.danone.com\/pl\/wp-json\/wp\/v2\/pages\/89365\/revisions\/89366"}],"wp:attachment":[{"href":"https:\/\/regenerative-agriculture.danone.com\/pl\/wp-json\/wp\/v2\/media?parent=89365"}],"curies":[{"name":"wp","href":"https:\/\/api.w.org\/{rel}","templated":true}]}}