{"id":1345,"date":"2021-05-11T09:48:06","date_gmt":"2021-05-11T09:48:06","guid":{"rendered":"https:\/\/regenerative-agriculture.danone.com\/mission\/"},"modified":"2021-08-20T07:53:04","modified_gmt":"2021-08-20T07:53:04","slug":"mission","status":"publish","type":"page","link":"https:\/\/regenerative-agriculture.danone.com\/fr\/mission\/","title":{"rendered":"Mission"},"content":{"rendered":"<style>#kt-layout-id_537089-af > .kt-row-column-wrap{align-content:start;}:where(#kt-layout-id_537089-af > .kt-row-column-wrap) > .wp-block-kadence-column{justify-content:start;}#kt-layout-id_537089-af > .kt-row-column-wrap{column-gap:var(--global-kb-gap-md, 2rem);row-gap:var(--global-kb-gap-md, 2rem);padding-top:var( --global-kb-row-default-top, 25px );padding-bottom:var( --global-kb-row-default-bottom, 25px );padding-top:var(--global-kb-spacing-sm, 1.5rem);padding-bottom:var(--global-kb-spacing-sm, 1.5rem);grid-template-columns:minmax(0, 1fr) minmax(0, 2fr);}#kt-layout-id_537089-af > .kt-row-layout-overlay{opacity:0.30;}@media all and (max-width: 1024px){#kt-layout-id_537089-af > .kt-row-column-wrap{grid-template-columns:minmax(0, 1fr) minmax(0, 2fr);}}@media all and (max-width: 767px){#kt-layout-id_537089-af > .kt-row-column-wrap{grid-template-columns:minmax(0, 1fr);}}<\/style>\n<div class=\"wp-block-kadence-rowlayout alignwide\"><div id=\"kt-layout-id_537089-af\" class=\"kt-row-layout-inner kt-layout-id_537089-af\"><div class=\"kt-row-column-wrap kt-has-2-columns kt-gutter-default kt-v-gutter-default kt-row-valign-top kt-row-layout-right-golden kt-tab-layout-inherit kt-m-colapse-left-to-right kt-mobile-layout-row\"><style>.kadence-column_16a9e0-2b > .kt-inside-inner-col{border-top-width:0px;border-right-width:0px;border-bottom-width:0px;border-left-width:0px;}.kadence-column_16a9e0-2b > .kt-inside-inner-col,.kadence-column_16a9e0-2b > .kt-inside-inner-col:before{border-top-left-radius:0px;border-top-right-radius:0px;border-bottom-right-radius:0px;border-bottom-left-radius:0px;}.kadence-column_16a9e0-2b > .kt-inside-inner-col{column-gap:var(--global-kb-gap-sm, 1rem);}.kadence-column_16a9e0-2b > .kt-inside-inner-col{flex-direction:column;}.kadence-column_16a9e0-2b > .kt-inside-inner-col > .aligncenter{width:100%;}.kadence-column_16a9e0-2b > .kt-inside-inner-col:before{opacity:0.3;}.kadence-column_16a9e0-2b{position:relative;}@media all and (max-width: 1024px){.kadence-column_16a9e0-2b > .kt-inside-inner-col{flex-direction:column;justify-content:center;}}@media all and (max-width: 767px){.kadence-column_16a9e0-2b > .kt-inside-inner-col{flex-direction:column;justify-content:center;}}<\/style>\n<div class=\"wp-block-kadence-column inner-column-1 kadence-column_16a9e0-2b\"><div class=\"kt-inside-inner-col\">\n<h1 class=\"wp-block-heading\">Agriculture r\u00e9g\u00e9n\u00e9ratrice<\/h1>\n\n\n\n<p>En tant qu\u2019entreprise agroalimentaire, le mod\u00e8le agricole que nous avons choisi est un des moyens les plus importants pour avoir un impact soci\u00e9tal. Aujourd\u2019hui, l\u2019agriculture repr\u00e9sente les 2\/3 de nos \u00e9missions en gaz \u00e0 effet de serre, et environ 90 % de notre empreinte eau.<\/p>\n\n\n\n<div style=\"height:31px\" aria-hidden=\"true\" class=\"wp-block-spacer\"><\/div>\n\n\n\n<p>La d\u00e9cision de Danone est sans \u00e9quivoque. Nous nous engageons \u00e0 produire des aliments d\u2019une mani\u00e8re qui r\u00e9g\u00e9n\u00e8re les \u00e9cosyst\u00e8mes naturels, en commen\u00e7ant par le sol, et \u00e0 am\u00e9liorer le bien-\u00eatre des agriculteurs, du b\u00e9tail, des communaut\u00e9s locales et des consommateurs.<\/p>\n\n\n\n<div style=\"height:31px\" aria-hidden=\"true\" class=\"wp-block-spacer\"><\/div>\n\n\n\n<p>Avec plus de 50 000 agriculteurs et partenaires, nous voulons amplifier le mouvement de l\u2019agriculture r\u00e9g\u00e9n\u00e9ratrice et am\u00e9liorer son impact.<\/p>\n<\/div><\/div>\n\n\n<style>.kadence-column_7dd634-a8 > .kt-inside-inner-col{border-top-width:0px;border-right-width:0px;border-bottom-width:0px;border-left-width:0px;}.kadence-column_7dd634-a8 > .kt-inside-inner-col,.kadence-column_7dd634-a8 > .kt-inside-inner-col:before{border-top-left-radius:0px;border-top-right-radius:0px;border-bottom-right-radius:0px;border-bottom-left-radius:0px;}.kadence-column_7dd634-a8 > .kt-inside-inner-col{column-gap:var(--global-kb-gap-sm, 1rem);}.kadence-column_7dd634-a8 > .kt-inside-inner-col{flex-direction:column;}.kadence-column_7dd634-a8 > .kt-inside-inner-col > .aligncenter{width:100%;}.kadence-column_7dd634-a8 > .kt-inside-inner-col:before{opacity:0.3;}.kadence-column_7dd634-a8{position:relative;}@media all and (max-width: 1024px){.kadence-column_7dd634-a8 > .kt-inside-inner-col{flex-direction:column;justify-content:center;}}@media all and (max-width: 767px){.kadence-column_7dd634-a8 > .kt-inside-inner-col{flex-direction:column;justify-content:center;}}<\/style>\n<div class=\"wp-block-kadence-column inner-column-2 kadence-column_7dd634-a8\"><div class=\"kt-inside-inner-col\"><figure class=\"wp-block-embed is-type-video is-provider-youtube wp-block-embed-youtube wp-embed-aspect-16-9 wp-has-aspect-ratio\"><div class=\"wp-block-embed__wrapper\">\r\n<iframe loading=\"lazy\" title=\"The Soil Story narrated by Larry Kopald\" width=\"1364\" height=\"767\" src=\"https:\/\/www.youtube.com\/embed\/08TI1RKj54g?feature=oembed\" frameborder=\"0\" allow=\"accelerometer; autoplay; clipboard-write; encrypted-media; gyroscope; picture-in-picture\" allowfullscreen><\/iframe>\r\n<\/div><\/figure>\r\n<\/div><\/div>\n<\/div><\/div><\/div>\n<style>#kt-layout-id_772add-59 > .kt-row-column-wrap{align-content:start;}:where(#kt-layout-id_772add-59 > .kt-row-column-wrap) > .wp-block-kadence-column{justify-content:start;}#kt-layout-id_772add-59 > .kt-row-column-wrap{column-gap:var(--global-kb-gap-md, 2rem);row-gap:var(--global-kb-gap-md, 2rem);padding-top:var( --global-kb-row-default-top, 25px );padding-bottom:var( --global-kb-row-default-bottom, 25px );padding-top:var(--global-kb-spacing-sm, 1.5rem);padding-bottom:var(--global-kb-spacing-sm, 1.5rem);grid-template-columns:minmax(0, 1fr);}#kt-layout-id_772add-59 > .kt-row-layout-overlay{opacity:0.30;}@media all and (max-width: 1024px){#kt-layout-id_772add-59 > .kt-row-column-wrap{grid-template-columns:minmax(0, 1fr);}}@media all and (max-width: 767px){#kt-layout-id_772add-59 > .kt-row-column-wrap{grid-template-columns:minmax(0, 1fr);}}<\/style>\n<div class=\"wp-block-kadence-rowlayout aligncenter\"><div id=\"kt-layout-id_772add-59\" class=\"kt-row-layout-inner kt-layout-id_772add-59\"><div class=\"kt-row-column-wrap kt-has-1-columns kt-gutter-default kt-v-gutter-default kt-row-valign-top kt-row-layout-equal kt-tab-layout-inherit kt-m-colapse-left-to-right kt-mobile-layout-row\"><style>.kadence-column_e84420-47 > .kt-inside-inner-col{border-top-width:0px;border-right-width:0px;border-bottom-width:0px;border-left-width:0px;}.kadence-column_e84420-47 > .kt-inside-inner-col,.kadence-column_e84420-47 > .kt-inside-inner-col:before{border-top-left-radius:0px;border-top-right-radius:0px;border-bottom-right-radius:0px;border-bottom-left-radius:0px;}.kadence-column_e84420-47 > .kt-inside-inner-col{column-gap:var(--global-kb-gap-sm, 1rem);}.kadence-column_e84420-47 > .kt-inside-inner-col{flex-direction:column;}.kadence-column_e84420-47 > .kt-inside-inner-col > .aligncenter{width:100%;}.kadence-column_e84420-47 > .kt-inside-inner-col:before{opacity:0.3;}.kadence-column_e84420-47{position:relative;}@media all and (max-width: 1024px){.kadence-column_e84420-47 > .kt-inside-inner-col{flex-direction:column;justify-content:center;}}@media all and (max-width: 767px){.kadence-column_e84420-47 > .kt-inside-inner-col{flex-direction:column;justify-content:center;}}<\/style>\n<div class=\"wp-block-kadence-column inner-column-1 kadence-column_e84420-47\"><div class=\"kt-inside-inner-col\">\n<h1 class=\"alignwide has-text-align-center wp-block-heading\">Objectifs \u00e0 3 niveaux<\/h1>\n\n\n\n<p class=\"has-text-align-center\">Pour mener notre mission \u00e0 bien, nous souhaitons am\u00e9liorer la vie des agriculteurs et \u00e9leveurs, la vie de leur troupeau, et l\u2019impact que nous avons sur la plan\u00e8te qui est un bien commun.<\/p>\n<\/div><\/div>\n<\/div><\/div><\/div>\n<style>#kt-layout-id_469bb4-72 > .kt-row-column-wrap{align-content:start;}:where(#kt-layout-id_469bb4-72 > .kt-row-column-wrap) > .wp-block-kadence-column{justify-content:start;}#kt-layout-id_469bb4-72 > .kt-row-column-wrap{column-gap:var(--global-kb-gap-md, 2rem);row-gap:var(--global-kb-gap-md, 2rem);padding-top:var( --global-kb-row-default-top, 25px );padding-bottom:var( --global-kb-row-default-bottom, 25px );padding-top:var(--global-kb-spacing-sm, 1.5rem);padding-bottom:var(--global-kb-spacing-sm, 1.5rem);grid-template-columns:minmax(0, 1fr);}#kt-layout-id_469bb4-72 > .kt-row-layout-overlay{opacity:0.30;}@media all and (max-width: 1024px){#kt-layout-id_469bb4-72 > .kt-row-column-wrap{grid-template-columns:minmax(0, 1fr);}}@media all and (max-width: 767px){#kt-layout-id_469bb4-72 > .kt-row-column-wrap{grid-template-columns:minmax(0, 1fr);}}<\/style>\n<div class=\"wp-block-kadence-rowlayout alignfull\"><div id=\"kt-layout-id_469bb4-72\" class=\"kt-row-layout-inner kt-layout-id_469bb4-72\"><div class=\"kt-row-column-wrap kt-has-1-columns kt-gutter-default kt-v-gutter-default kt-row-valign-top kt-row-layout-equal kt-tab-layout-inherit kt-m-colapse-left-to-right kt-mobile-layout-row\"><style>.kadence-column_b33073-69 > .kt-inside-inner-col{border-top-width:0px;border-right-width:0px;border-bottom-width:0px;border-left-width:0px;}.kadence-column_b33073-69 > .kt-inside-inner-col,.kadence-column_b33073-69 > .kt-inside-inner-col:before{border-top-left-radius:0px;border-top-right-radius:0px;border-bottom-right-radius:0px;border-bottom-left-radius:0px;}.kadence-column_b33073-69 > .kt-inside-inner-col{column-gap:var(--global-kb-gap-sm, 1rem);}.kadence-column_b33073-69 > .kt-inside-inner-col{flex-direction:column;}.kadence-column_b33073-69 > .kt-inside-inner-col > .aligncenter{width:100%;}.kadence-column_b33073-69 > .kt-inside-inner-col:before{opacity:0.3;}.kadence-column_b33073-69{position:relative;}@media all and (max-width: 1024px){.kadence-column_b33073-69 > .kt-inside-inner-col{flex-direction:column;justify-content:center;}}@media all and (max-width: 767px){.kadence-column_b33073-69 > .kt-inside-inner-col{flex-direction:column;justify-content:center;}}<\/style>\n<div class=\"wp-block-kadence-column inner-column-1 kadence-column_b33073-69\"><div class=\"kt-inside-inner-col\"><div class=\"goals__container\">\n        <div class=\"goals__vak\">\n        <div class=\"imgbox border-yellow\">\n            <img loading=\"lazy\" decoding=\"async\" width=\"200\" height=\"133\" src=\"https:\/\/danoneregag.s3.eu-west-3.amazonaws.com\/2021\/02\/juanjose2%402x.jpg\" class=\"attachment-goal size-goal wp-post-image\" alt=\"\" srcset=\"https:\/\/danoneregag.s3.eu-west-3.amazonaws.com\/2021\/02\/juanjose2%402x.jpg 538w, https:\/\/danoneregag.s3.eu-west-3.amazonaws.com\/2021\/02\/juanjose2%402x-300x200.jpg 300w\" sizes=\"auto, (max-width: 200px) 100vw, 200px\" \/>        <\/div>\n        <h3 class=\"yellow\">Agriculteurs<\/h3>\n        <p><p>Afin de valoriser les agriculteurs, nous\u00a0: leur donnons les connaissances et les outils dont ils ont besoin pour effectuer la transition vers l&#8217;agriculture r\u00e9g\u00e9n\u00e9ratrice, veillons \u00e0 ce que leur exploitation soit \u00e9conomiquement viable et leurs travailleurs prot\u00e9g\u00e9s.<\/p>\n<\/p>\n        <a data-id=\"1349\">\n            <span class=\"yellow\">en savoir plus<\/span>\n            <span class=\"icon-plus yellow\"><\/span>\n        <\/a>\n    <\/div>        \n        <div class=\"goals__vak\">\n        <div class=\"imgbox border-green\">\n            <img loading=\"lazy\" decoding=\"async\" width=\"200\" height=\"157\" src=\"https:\/\/danoneregag.s3.eu-west-3.amazonaws.com\/2021\/02\/discoverourprojects%402x-1.jpg\" class=\"attachment-goal size-goal wp-post-image\" alt=\"\" srcset=\"https:\/\/danoneregag.s3.eu-west-3.amazonaws.com\/2021\/02\/discoverourprojects%402x-1.jpg 662w, https:\/\/danoneregag.s3.eu-west-3.amazonaws.com\/2021\/02\/discoverourprojects%402x-1-300x235.jpg 300w\" sizes=\"auto, (max-width: 200px) 100vw, 200px\" \/>        <\/div>\n        <h3 class=\"green\">Environnement<\/h3>\n        <p><p>Nous restaurons la sant\u00e9 des sols pour recr\u00e9er les cycles naturels du carbone d\u00e9truits par l&#8217;agriculture conventionnelle, nous renfor\u00e7ons la biodiversit\u00e9 et prot\u00e9geons nos ressources en eau.<\/p>\n<\/p>\n        <a data-id=\"1350\">\n            <span class=\"green\">en savoir plus<\/span>\n            <span class=\"icon-plus green\"><\/span>\n        <\/a>\n    <\/div>        \n        <div class=\"goals__vak\">\n        <div class=\"imgbox border-orange\">\n            <img loading=\"lazy\" decoding=\"async\" width=\"200\" height=\"80\" src=\"https:\/\/danoneregag.s3.eu-west-3.amazonaws.com\/2021\/02\/cows%402x-1.jpg\" class=\"attachment-goal size-goal wp-post-image\" alt=\"\" srcset=\"https:\/\/danoneregag.s3.eu-west-3.amazonaws.com\/2021\/02\/cows%402x-1.jpg 1322w, https:\/\/danoneregag.s3.eu-west-3.amazonaws.com\/2021\/02\/cows%402x-1-300x120.jpg 300w, https:\/\/danoneregag.s3.eu-west-3.amazonaws.com\/2021\/02\/cows%402x-1-1024x411.jpg 1024w, https:\/\/danoneregag.s3.eu-west-3.amazonaws.com\/2021\/02\/cows%402x-1-768x308.jpg 768w\" sizes=\"auto, (max-width: 200px) 100vw, 200px\" \/>        <\/div>\n        <h3 class=\"orange\">Animaux<\/h3>\n        <p><p>Nous assurons le bien-\u00eatre de tous les animaux, depuis les pollinisateurs jusqu&#8217;aux vaches laiti\u00e8res. Chacun d&#8217;entre eux joue un r\u00f4le cl\u00e9 dans la pr\u00e9servation d&#8217;\u00e9cosyst\u00e8mes sains. <\/p>\n<\/p>\n        <a data-id=\"1351\">\n            <span class=\"orange\">en savoir plus<\/span>\n            <span class=\"icon-plus orange\"><\/span>\n        <\/a>\n    <\/div>        \n    <\/div>\n<\/div><\/div>\n<\/div><\/div><\/div>\n<style>#kt-layout-id_3ba540-08 > .kt-row-column-wrap{align-content:start;}:where(#kt-layout-id_3ba540-08 > .kt-row-column-wrap) > .wp-block-kadence-column{justify-content:start;}#kt-layout-id_3ba540-08 > .kt-row-column-wrap{column-gap:var(--global-kb-gap-md, 2rem);row-gap:var(--global-kb-gap-md, 2rem);padding-top:var( --global-kb-row-default-top, 25px );padding-bottom:var( --global-kb-row-default-bottom, 25px );padding-top:var(--global-kb-spacing-sm, 1.5rem);padding-bottom:var(--global-kb-spacing-sm, 1.5rem);grid-template-columns:minmax(0, 1fr);}#kt-layout-id_3ba540-08 > .kt-row-layout-overlay{opacity:0.30;}@media all and (max-width: 1024px){#kt-layout-id_3ba540-08 > .kt-row-column-wrap{grid-template-columns:minmax(0, 1fr);}}@media all and (max-width: 767px){#kt-layout-id_3ba540-08 > .kt-row-column-wrap{grid-template-columns:minmax(0, 1fr);}}<\/style>\n<div class=\"wp-block-kadence-rowlayout alignfull\"><div id=\"kt-layout-id_3ba540-08\" class=\"kt-row-layout-inner kt-layout-id_3ba540-08\"><div class=\"kt-row-column-wrap kt-has-1-columns kt-gutter-default kt-v-gutter-default kt-row-valign-top kt-row-layout-equal kt-tab-layout-inherit kt-m-colapse-left-to-right kt-mobile-layout-row\"><style>.kadence-column_734a7c-db > .kt-inside-inner-col{border-top-width:0px;border-right-width:0px;border-bottom-width:0px;border-left-width:0px;}.kadence-column_734a7c-db > .kt-inside-inner-col,.kadence-column_734a7c-db > .kt-inside-inner-col:before{border-top-left-radius:0px;border-top-right-radius:0px;border-bottom-right-radius:0px;border-bottom-left-radius:0px;}.kadence-column_734a7c-db > .kt-inside-inner-col{column-gap:var(--global-kb-gap-sm, 1rem);}.kadence-column_734a7c-db > .kt-inside-inner-col{flex-direction:column;}.kadence-column_734a7c-db > .kt-inside-inner-col > .aligncenter{width:100%;}.kadence-column_734a7c-db > .kt-inside-inner-col:before{opacity:0.3;}.kadence-column_734a7c-db{position:relative;}@media all and (max-width: 1024px){.kadence-column_734a7c-db > .kt-inside-inner-col{flex-direction:column;justify-content:center;}}@media all and (max-width: 767px){.kadence-column_734a7c-db > .kt-inside-inner-col{flex-direction:column;justify-content:center;}}<\/style>\n<div class=\"wp-block-kadence-column inner-column-1 kadence-column_734a7c-db\"><div class=\"kt-inside-inner-col\">                                  <section class=\"linkbox\">\n                <div class=\"linkbox__anchor\">\n                    <div class=\"linkbox__left\">\n                        <img loading=\"lazy\" decoding=\"async\" width=\"665\" height=\"530\" src=\"https:\/\/danoneregag.s3.eu-west-3.amazonaws.com\/2021\/02\/Ginggs-2018_haying-IMG_0959-665x530.jpg\" class=\"attachment-cta size-cta wp-post-image\" alt=\"\" \/>                    <\/div>\n                    <div class=\"linkbox__right img-purple\">\n                        <h3>Rencontrez nos agriculteurs<\/h3>\n                        <p>Nous travaillons en \u00e9troite collaboration avec les agriculteurs, les encourageons \u00e0 adopter des pratiques d&#8217;agriculture r\u00e9g\u00e9n\u00e9ratrice, soutenons leurs op\u00e9rations et luttons \u00e0 leurs c\u00f4t\u00e9s contre le changement climatique.<\/p>\n                                                <a class=\"btn purple\" href=\"\/farmers\" target=\"_self\">En savoir plus<\/a>\n                                            <\/div>\n                <\/div>\n            <\/section> \n                                <\/div><\/div>\n<\/div><\/div><\/div>\n<style>#kt-layout-id_565ad2-1c > .kt-row-column-wrap{align-content:start;}:where(#kt-layout-id_565ad2-1c > .kt-row-column-wrap) > .wp-block-kadence-column{justify-content:start;}#kt-layout-id_565ad2-1c > .kt-row-column-wrap{column-gap:var(--global-kb-gap-md, 2rem);row-gap:var(--global-kb-gap-md, 2rem);padding-top:var( --global-kb-row-default-top, 25px );padding-bottom:var( --global-kb-row-default-bottom, 25px );padding-top:var(--global-kb-spacing-sm, 1.5rem);padding-bottom:var(--global-kb-spacing-sm, 1.5rem);grid-template-columns:minmax(0, 1fr);}#kt-layout-id_565ad2-1c > .kt-row-layout-overlay{opacity:0.30;}@media all and (max-width: 1024px){#kt-layout-id_565ad2-1c > .kt-row-column-wrap{grid-template-columns:minmax(0, 1fr);}}@media all and (max-width: 767px){#kt-layout-id_565ad2-1c > .kt-row-column-wrap{grid-template-columns:minmax(0, 1fr);}}<\/style>\n<div class=\"wp-block-kadence-rowlayout alignfull\"><div id=\"kt-layout-id_565ad2-1c\" class=\"kt-row-layout-inner kt-layout-id_565ad2-1c\"><div class=\"kt-row-column-wrap kt-has-1-columns kt-gutter-default kt-v-gutter-default kt-row-valign-top kt-row-layout-equal kt-tab-layout-inherit kt-m-colapse-left-to-right kt-mobile-layout-row\"><style>.kadence-column_9b5ba1-32 > .kt-inside-inner-col{border-top-width:0px;border-right-width:0px;border-bottom-width:0px;border-left-width:0px;}.kadence-column_9b5ba1-32 > .kt-inside-inner-col,.kadence-column_9b5ba1-32 > .kt-inside-inner-col:before{border-top-left-radius:0px;border-top-right-radius:0px;border-bottom-right-radius:0px;border-bottom-left-radius:0px;}.kadence-column_9b5ba1-32 > .kt-inside-inner-col{column-gap:var(--global-kb-gap-sm, 1rem);}.kadence-column_9b5ba1-32 > .kt-inside-inner-col{flex-direction:column;}.kadence-column_9b5ba1-32 > .kt-inside-inner-col > .aligncenter{width:100%;}.kadence-column_9b5ba1-32 > .kt-inside-inner-col:before{opacity:0.3;}.kadence-column_9b5ba1-32{position:relative;}@media all and (max-width: 1024px){.kadence-column_9b5ba1-32 > .kt-inside-inner-col{flex-direction:column;justify-content:center;}}@media all and (max-width: 767px){.kadence-column_9b5ba1-32 > .kt-inside-inner-col{flex-direction:column;justify-content:center;}}<\/style>\n<div class=\"wp-block-kadence-column inner-column-1 kadence-column_9b5ba1-32\"><div class=\"kt-inside-inner-col\">                                  <section class=\"linkbox\">\n                <div class=\"linkbox__anchor\">\n                    <div class=\"linkbox__left\">\n                        <img loading=\"lazy\" decoding=\"async\" width=\"662\" height=\"519\" src=\"https:\/\/danoneregag.s3.eu-west-3.amazonaws.com\/2021\/02\/discoverourprojects%402x-1.jpg\" class=\"attachment-cta size-cta wp-post-image\" alt=\"\" srcset=\"https:\/\/danoneregag.s3.eu-west-3.amazonaws.com\/2021\/02\/discoverourprojects%402x-1.jpg 662w, https:\/\/danoneregag.s3.eu-west-3.amazonaws.com\/2021\/02\/discoverourprojects%402x-1-300x235.jpg 300w\" sizes=\"auto, (max-width: 662px) 100vw, 662px\" \/>                    <\/div>\n                    <div class=\"linkbox__right img-apblue\">\n                        <h3>D\u00e9couvrez nos bonnes pratiques<\/h3>\n                        <p>Nous sommes pr\u00e9sents dans le monde entier. Et mettons toute notre \u00e9nergie \u00e0 soutenir les agriculteurs qui font le choix de l&#8217;agriculture r\u00e9g\u00e9n\u00e9ratrice. D\u00e9couvrez nos bonnes pratiques pour voir comment nous nous engageons.<\/p>\n                                                <a class=\"btn apblue\" href=\"\/projects\" target=\"_self\">En savoir plus<\/a>\n                                            <\/div>\n                <\/div>\n            <\/section> \n                                <\/div><\/div>\n<\/div><\/div><\/div>\n<style>#kt-layout-id_73de53-a4 > .kt-row-column-wrap{align-content:start;}:where(#kt-layout-id_73de53-a4 > .kt-row-column-wrap) > .wp-block-kadence-column{justify-content:start;}#kt-layout-id_73de53-a4 > .kt-row-column-wrap{column-gap:var(--global-kb-gap-md, 2rem);row-gap:var(--global-kb-gap-md, 2rem);padding-top:var( --global-kb-row-default-top, 25px );padding-bottom:var( --global-kb-row-default-bottom, 25px );padding-top:var(--global-kb-spacing-sm, 1.5rem);padding-bottom:var(--global-kb-spacing-sm, 1.5rem);grid-template-columns:minmax(0, 1fr);}#kt-layout-id_73de53-a4 > .kt-row-layout-overlay{opacity:0.30;}@media all and (max-width: 1024px){#kt-layout-id_73de53-a4 > .kt-row-column-wrap{grid-template-columns:minmax(0, 1fr);}}@media all and (max-width: 767px){#kt-layout-id_73de53-a4 > .kt-row-column-wrap{grid-template-columns:minmax(0, 1fr);}}<\/style>\n<div class=\"wp-block-kadence-rowlayout alignfull\"><div id=\"kt-layout-id_73de53-a4\" class=\"kt-row-layout-inner kt-layout-id_73de53-a4\"><div class=\"kt-row-column-wrap kt-has-1-columns kt-gutter-default kt-v-gutter-default kt-row-valign-top kt-row-layout-equal kt-tab-layout-inherit kt-m-colapse-left-to-right kt-mobile-layout-row\"><style>.kadence-column_61166f-4c > .kt-inside-inner-col{border-top-width:0px;border-right-width:0px;border-bottom-width:0px;border-left-width:0px;}.kadence-column_61166f-4c > .kt-inside-inner-col,.kadence-column_61166f-4c > .kt-inside-inner-col:before{border-top-left-radius:0px;border-top-right-radius:0px;border-bottom-right-radius:0px;border-bottom-left-radius:0px;}.kadence-column_61166f-4c > .kt-inside-inner-col{column-gap:var(--global-kb-gap-sm, 1rem);}.kadence-column_61166f-4c > .kt-inside-inner-col{flex-direction:column;}.kadence-column_61166f-4c > .kt-inside-inner-col > .aligncenter{width:100%;}.kadence-column_61166f-4c > .kt-inside-inner-col:before{opacity:0.3;}.kadence-column_61166f-4c{position:relative;}@media all and (max-width: 1024px){.kadence-column_61166f-4c > .kt-inside-inner-col{flex-direction:column;justify-content:center;}}@media all and (max-width: 767px){.kadence-column_61166f-4c > .kt-inside-inner-col{flex-direction:column;justify-content:center;}}<\/style>\n<div class=\"wp-block-kadence-column inner-column-1 kadence-column_61166f-4c\"><div class=\"kt-inside-inner-col\"><\/div><\/div>\n<\/div><\/div><\/div>\n","protected":false},"excerpt":{"rendered":"<p>Agriculture r\u00e9g\u00e9n\u00e9ratrice En tant qu\u2019entreprise agroalimentaire, le mod\u00e8le agricole que nous avons choisi est un des moyens les plus importants pour avoir un impact soci\u00e9tal. Aujourd\u2019hui, l\u2019agriculture repr\u00e9sente les 2\/3 de nos \u00e9missions en gaz [&hellip;]<\/p>\n","protected":false},"author":1,"featured_media":215,"parent":0,"menu_order":97,"comment_status":"closed","ping_status":"closed","template":"","meta":{"_acf_changed":false,"footnotes":""},"class_list":["post-1345","page","type-page","status-publish","has-post-thumbnail","hentry"],"acf":[],"_links":{"self":[{"href":"https:\/\/regenerative-agriculture.danone.com\/fr\/wp-json\/wp\/v2\/pages\/1345","targetHints":{"allow":["GET"]}}],"collection":[{"href":"https:\/\/regenerative-agriculture.danone.com\/fr\/wp-json\/wp\/v2\/pages"}],"about":[{"href":"https:\/\/regenerative-agriculture.danone.com\/fr\/wp-json\/wp\/v2\/types\/page"}],"author":[{"embeddable":true,"href":"https:\/\/regenerative-agriculture.danone.com\/fr\/wp-json\/wp\/v2\/users\/1"}],"replies":[{"embeddable":true,"href":"https:\/\/regenerative-agriculture.danone.com\/fr\/wp-json\/wp\/v2\/comments?post=1345"}],"version-history":[{"count":8,"href":"https:\/\/regenerative-agriculture.danone.com\/fr\/wp-json\/wp\/v2\/pages\/1345\/revisions"}],"predecessor-version":[{"id":2414,"href":"https:\/\/regenerative-agriculture.danone.com\/fr\/wp-json\/wp\/v2\/pages\/1345\/revisions\/2414"}],"wp:featuredmedia":[{"embeddable":true,"href":"https:\/\/regenerative-agriculture.danone.com\/fr\/wp-json\/wp\/v2\/media\/215"}],"wp:attachment":[{"href":"https:\/\/regenerative-agriculture.danone.com\/fr\/wp-json\/wp\/v2\/media?parent=1345"}],"curies":[{"name":"wp","href":"https:\/\/api.w.org\/{rel}","templated":true}]}}