{"id":1536,"date":"2021-05-18T12:09:55","date_gmt":"2021-05-18T12:09:55","guid":{"rendered":"https:\/\/regenerative-agriculture.danone.com\/mision\/"},"modified":"2021-06-30T08:37:18","modified_gmt":"2021-06-30T08:37:18","slug":"mision","status":"publish","type":"page","link":"https:\/\/regenerative-agriculture.danone.com\/es\/mision\/","title":{"rendered":"Misi\u00f3n"},"content":{"rendered":"<style>#kt-layout-id_537089-af > .kt-row-column-wrap{align-content:start;}:where(#kt-layout-id_537089-af > .kt-row-column-wrap) > .wp-block-kadence-column{justify-content:start;}#kt-layout-id_537089-af > .kt-row-column-wrap{column-gap:var(--global-kb-gap-md, 2rem);row-gap:var(--global-kb-gap-md, 2rem);padding-top:var( --global-kb-row-default-top, 25px );padding-bottom:var( --global-kb-row-default-bottom, 25px );padding-top:var(--global-kb-spacing-sm, 1.5rem);padding-bottom:var(--global-kb-spacing-sm, 1.5rem);grid-template-columns:minmax(0, 1fr) minmax(0, 2fr);}#kt-layout-id_537089-af > .kt-row-layout-overlay{opacity:0.30;}@media all and (max-width: 1024px){#kt-layout-id_537089-af > .kt-row-column-wrap{grid-template-columns:minmax(0, 1fr) minmax(0, 2fr);}}@media all and (max-width: 767px){#kt-layout-id_537089-af > .kt-row-column-wrap{grid-template-columns:minmax(0, 1fr);}}<\/style>\n<div class=\"wp-block-kadence-rowlayout alignwide\"><div id=\"kt-layout-id_537089-af\" class=\"kt-row-layout-inner kt-layout-id_537089-af\"><div class=\"kt-row-column-wrap kt-has-2-columns kt-gutter-default kt-v-gutter-default kt-row-valign-top kt-row-layout-right-golden kt-tab-layout-inherit kt-m-colapse-left-to-right kt-mobile-layout-row\"><style>.kadence-column_16a9e0-2b > .kt-inside-inner-col{border-top-width:0px;border-right-width:0px;border-bottom-width:0px;border-left-width:0px;}.kadence-column_16a9e0-2b > .kt-inside-inner-col,.kadence-column_16a9e0-2b > .kt-inside-inner-col:before{border-top-left-radius:0px;border-top-right-radius:0px;border-bottom-right-radius:0px;border-bottom-left-radius:0px;}.kadence-column_16a9e0-2b > .kt-inside-inner-col{column-gap:var(--global-kb-gap-sm, 1rem);}.kadence-column_16a9e0-2b > .kt-inside-inner-col{flex-direction:column;}.kadence-column_16a9e0-2b > .kt-inside-inner-col > .aligncenter{width:100%;}.kadence-column_16a9e0-2b > .kt-inside-inner-col:before{opacity:0.3;}.kadence-column_16a9e0-2b{position:relative;}@media all and (max-width: 1024px){.kadence-column_16a9e0-2b > .kt-inside-inner-col{flex-direction:column;justify-content:center;}}@media all and (max-width: 767px){.kadence-column_16a9e0-2b > .kt-inside-inner-col{flex-direction:column;justify-content:center;}}<\/style>\n<div class=\"wp-block-kadence-column inner-column-1 kadence-column_16a9e0-2b\"><div class=\"kt-inside-inner-col\">\n<h1 class=\"wp-block-heading\">Agricultura regenerativa<\/h1>\n\n\n\n<p>Como empresa de alimentos, una de las formas m\u00e1s importantes de lograr impacto social es a trav\u00e9s del modelo agr\u00edcola y ganadero que elegimos. La agricultura actual representa 2\/3 de nuestras emisiones de gases efecto invernadero, y aproximadamente el 90 % de nuestra huella h\u00eddrica.<\/p>\n\n\n\n<div style=\"height:31px\" aria-hidden=\"true\" class=\"wp-block-spacer\"><\/div>\n\n\n\n<p>La decisi\u00f3n de Danone es clara. Nuestro compromiso es el de cultivar alimentos de forma que se regeneren los ecosistemas naturales, empezando con el suelo, y de que se refuerce el bienestar de agricultores, ganado, comunidades locales y consumidores.<\/p>\n\n\n\n<div style=\"height:31px\" aria-hidden=\"true\" class=\"wp-block-spacer\"><\/div>\n\n\n\n<p>Junto con m\u00e1s de 50 000 agricultores y socios, expandimos el movimiento de la agricultura regenerativa y generamos impacto.<\/p>\n<\/div><\/div>\n\n\n<style>.kadence-column_7dd634-a8 > .kt-inside-inner-col{border-top-width:0px;border-right-width:0px;border-bottom-width:0px;border-left-width:0px;}.kadence-column_7dd634-a8 > .kt-inside-inner-col,.kadence-column_7dd634-a8 > .kt-inside-inner-col:before{border-top-left-radius:0px;border-top-right-radius:0px;border-bottom-right-radius:0px;border-bottom-left-radius:0px;}.kadence-column_7dd634-a8 > .kt-inside-inner-col{column-gap:var(--global-kb-gap-sm, 1rem);}.kadence-column_7dd634-a8 > .kt-inside-inner-col{flex-direction:column;}.kadence-column_7dd634-a8 > .kt-inside-inner-col > .aligncenter{width:100%;}.kadence-column_7dd634-a8 > .kt-inside-inner-col:before{opacity:0.3;}.kadence-column_7dd634-a8{position:relative;}@media all and (max-width: 1024px){.kadence-column_7dd634-a8 > .kt-inside-inner-col{flex-direction:column;justify-content:center;}}@media all and (max-width: 767px){.kadence-column_7dd634-a8 > .kt-inside-inner-col{flex-direction:column;justify-content:center;}}<\/style>\n<div class=\"wp-block-kadence-column inner-column-2 kadence-column_7dd634-a8\"><div class=\"kt-inside-inner-col\"><figure class=\"wp-block-embed is-type-video is-provider-youtube wp-block-embed-youtube wp-embed-aspect-16-9 wp-has-aspect-ratio\"><div class=\"wp-block-embed__wrapper\">\r\n<iframe loading=\"lazy\" title=\"The Soil Story narrated by Larry Kopald\" width=\"1364\" height=\"767\" src=\"https:\/\/www.youtube.com\/embed\/08TI1RKj54g?feature=oembed\" frameborder=\"0\" allow=\"accelerometer; autoplay; clipboard-write; encrypted-media; gyroscope; picture-in-picture\" allowfullscreen><\/iframe>\r\n<\/div><\/figure>\r\n<\/div><\/div>\n<\/div><\/div><\/div>\n<style>#kt-layout-id_772add-59 > .kt-row-column-wrap{align-content:start;}:where(#kt-layout-id_772add-59 > .kt-row-column-wrap) > .wp-block-kadence-column{justify-content:start;}#kt-layout-id_772add-59 > .kt-row-column-wrap{column-gap:var(--global-kb-gap-md, 2rem);row-gap:var(--global-kb-gap-md, 2rem);padding-top:var( --global-kb-row-default-top, 25px );padding-bottom:var( --global-kb-row-default-bottom, 25px );padding-top:var(--global-kb-spacing-sm, 1.5rem);padding-bottom:var(--global-kb-spacing-sm, 1.5rem);grid-template-columns:minmax(0, 1fr);}#kt-layout-id_772add-59 > .kt-row-layout-overlay{opacity:0.30;}@media all and (max-width: 1024px){#kt-layout-id_772add-59 > .kt-row-column-wrap{grid-template-columns:minmax(0, 1fr);}}@media all and (max-width: 767px){#kt-layout-id_772add-59 > .kt-row-column-wrap{grid-template-columns:minmax(0, 1fr);}}<\/style>\n<div class=\"wp-block-kadence-rowlayout aligncenter\"><div id=\"kt-layout-id_772add-59\" class=\"kt-row-layout-inner kt-layout-id_772add-59\"><div class=\"kt-row-column-wrap kt-has-1-columns kt-gutter-default kt-v-gutter-default kt-row-valign-top kt-row-layout-equal kt-tab-layout-inherit kt-m-colapse-left-to-right kt-mobile-layout-row\"><style>.kadence-column_e84420-47 > .kt-inside-inner-col{border-top-width:0px;border-right-width:0px;border-bottom-width:0px;border-left-width:0px;}.kadence-column_e84420-47 > .kt-inside-inner-col,.kadence-column_e84420-47 > .kt-inside-inner-col:before{border-top-left-radius:0px;border-top-right-radius:0px;border-bottom-right-radius:0px;border-bottom-left-radius:0px;}.kadence-column_e84420-47 > .kt-inside-inner-col{column-gap:var(--global-kb-gap-sm, 1rem);}.kadence-column_e84420-47 > .kt-inside-inner-col{flex-direction:column;}.kadence-column_e84420-47 > .kt-inside-inner-col > .aligncenter{width:100%;}.kadence-column_e84420-47 > .kt-inside-inner-col:before{opacity:0.3;}.kadence-column_e84420-47{position:relative;}@media all and (max-width: 1024px){.kadence-column_e84420-47 > .kt-inside-inner-col{flex-direction:column;justify-content:center;}}@media all and (max-width: 767px){.kadence-column_e84420-47 > .kt-inside-inner-col{flex-direction:column;justify-content:center;}}<\/style>\n<div class=\"wp-block-kadence-column inner-column-1 kadence-column_e84420-47\"><div class=\"kt-inside-inner-col\">\n<h1 class=\"alignwide has-text-align-center wp-block-heading\">Objetivos en 3 niveles<\/h1>\n\n\n\n<p class=\"has-text-align-center\">Para que nuestra misi\u00f3n tenga \u00e9xito, deseamos mejorar la vida de los agricultores y ganaderos, las vidas de su ganado y nuestro impacto en este planeta que todos compartimos.<\/p>\n<\/div><\/div>\n<\/div><\/div><\/div>\n<style>#kt-layout-id_469bb4-72 > .kt-row-column-wrap{align-content:start;}:where(#kt-layout-id_469bb4-72 > .kt-row-column-wrap) > .wp-block-kadence-column{justify-content:start;}#kt-layout-id_469bb4-72 > .kt-row-column-wrap{column-gap:var(--global-kb-gap-md, 2rem);row-gap:var(--global-kb-gap-md, 2rem);padding-top:var( --global-kb-row-default-top, 25px );padding-bottom:var( --global-kb-row-default-bottom, 25px );padding-top:var(--global-kb-spacing-sm, 1.5rem);padding-bottom:var(--global-kb-spacing-sm, 1.5rem);grid-template-columns:minmax(0, 1fr);}#kt-layout-id_469bb4-72 > .kt-row-layout-overlay{opacity:0.30;}@media all and (max-width: 1024px){#kt-layout-id_469bb4-72 > .kt-row-column-wrap{grid-template-columns:minmax(0, 1fr);}}@media all and (max-width: 767px){#kt-layout-id_469bb4-72 > .kt-row-column-wrap{grid-template-columns:minmax(0, 1fr);}}<\/style>\n<div class=\"wp-block-kadence-rowlayout alignfull\"><div id=\"kt-layout-id_469bb4-72\" class=\"kt-row-layout-inner kt-layout-id_469bb4-72\"><div class=\"kt-row-column-wrap kt-has-1-columns kt-gutter-default kt-v-gutter-default kt-row-valign-top kt-row-layout-equal kt-tab-layout-inherit kt-m-colapse-left-to-right kt-mobile-layout-row\"><style>.kadence-column_b33073-69 > .kt-inside-inner-col{border-top-width:0px;border-right-width:0px;border-bottom-width:0px;border-left-width:0px;}.kadence-column_b33073-69 > .kt-inside-inner-col,.kadence-column_b33073-69 > .kt-inside-inner-col:before{border-top-left-radius:0px;border-top-right-radius:0px;border-bottom-right-radius:0px;border-bottom-left-radius:0px;}.kadence-column_b33073-69 > .kt-inside-inner-col{column-gap:var(--global-kb-gap-sm, 1rem);}.kadence-column_b33073-69 > .kt-inside-inner-col{flex-direction:column;}.kadence-column_b33073-69 > .kt-inside-inner-col > .aligncenter{width:100%;}.kadence-column_b33073-69 > .kt-inside-inner-col:before{opacity:0.3;}.kadence-column_b33073-69{position:relative;}@media all and (max-width: 1024px){.kadence-column_b33073-69 > .kt-inside-inner-col{flex-direction:column;justify-content:center;}}@media all and (max-width: 767px){.kadence-column_b33073-69 > .kt-inside-inner-col{flex-direction:column;justify-content:center;}}<\/style>\n<div class=\"wp-block-kadence-column inner-column-1 kadence-column_b33073-69\"><div class=\"kt-inside-inner-col\"><div class=\"goals__container\">\n        <div class=\"goals__vak\">\n        <div class=\"imgbox border-yellow\">\n            <img loading=\"lazy\" decoding=\"async\" width=\"200\" height=\"133\" src=\"https:\/\/danoneregag.s3.eu-west-3.amazonaws.com\/2021\/02\/juanjose2%402x.jpg\" class=\"attachment-goal size-goal wp-post-image\" alt=\"\" srcset=\"https:\/\/danoneregag.s3.eu-west-3.amazonaws.com\/2021\/02\/juanjose2%402x.jpg 538w, https:\/\/danoneregag.s3.eu-west-3.amazonaws.com\/2021\/02\/juanjose2%402x-300x200.jpg 300w\" sizes=\"auto, (max-width: 200px) 100vw, 200px\" \/>        <\/div>\n        <h3 class=\"yellow\">Productores<\/h3>\n        <p><p>Aportamos valor a nuestros productores proporcion\u00e1ndoles conocimiento y las herramientas que necesitan para migrar hacia la agricultura regenerativa, asegur\u00e1ndonos de que sus explotaciones sean econ\u00f3micamente viables y protegiendo a sus trabajadores.<\/p>\n<\/p>\n        <a data-id=\"1523\">\n            <span class=\"yellow\">Leer m\u00e1s<\/span>\n            <span class=\"icon-plus yellow\"><\/span>\n        <\/a>\n    <\/div>        \n        <div class=\"goals__vak\">\n        <div class=\"imgbox border-green\">\n            <img loading=\"lazy\" decoding=\"async\" width=\"200\" height=\"157\" src=\"https:\/\/danoneregag.s3.eu-west-3.amazonaws.com\/2021\/02\/discoverourprojects%402x-1.jpg\" class=\"attachment-goal size-goal wp-post-image\" alt=\"\" srcset=\"https:\/\/danoneregag.s3.eu-west-3.amazonaws.com\/2021\/02\/discoverourprojects%402x-1.jpg 662w, https:\/\/danoneregag.s3.eu-west-3.amazonaws.com\/2021\/02\/discoverourprojects%402x-1-300x235.jpg 300w\" sizes=\"auto, (max-width: 200px) 100vw, 200px\" \/>        <\/div>\n        <h3 class=\"green\">Entorno<\/h3>\n        <p><p>Restauramos la salud del suelo para reconstruir los ciclos naturales de carbono que se han roto con los m\u00e9todos agr\u00edcolas convencionales, fortaleciendo la biodiversidad y protegiendo nuestros recursos h\u00eddricos.<\/p>\n<\/p>\n        <a data-id=\"1527\">\n            <span class=\"green\">Leer m\u00e1s<\/span>\n            <span class=\"icon-plus green\"><\/span>\n        <\/a>\n    <\/div>        \n        <div class=\"goals__vak\">\n        <div class=\"imgbox border-orange\">\n            <img loading=\"lazy\" decoding=\"async\" width=\"200\" height=\"80\" src=\"https:\/\/danoneregag.s3.eu-west-3.amazonaws.com\/2021\/02\/cows%402x-1.jpg\" class=\"attachment-goal size-goal wp-post-image\" alt=\"\" srcset=\"https:\/\/danoneregag.s3.eu-west-3.amazonaws.com\/2021\/02\/cows%402x-1.jpg 1322w, https:\/\/danoneregag.s3.eu-west-3.amazonaws.com\/2021\/02\/cows%402x-1-300x120.jpg 300w, https:\/\/danoneregag.s3.eu-west-3.amazonaws.com\/2021\/02\/cows%402x-1-1024x411.jpg 1024w, https:\/\/danoneregag.s3.eu-west-3.amazonaws.com\/2021\/02\/cows%402x-1-768x308.jpg 768w\" sizes=\"auto, (max-width: 200px) 100vw, 200px\" \/>        <\/div>\n        <h3 class=\"orange\">Animales<\/h3>\n        <p><p>Proporcionamos bienestar a los animales, desde polinizadores hasta vacas lecheras, que tienen un papel clave en los ecosistemas saludables. <\/p>\n<\/p>\n        <a data-id=\"1535\">\n            <span class=\"orange\">Leer m\u00e1s<\/span>\n            <span class=\"icon-plus orange\"><\/span>\n        <\/a>\n    <\/div>        \n    <\/div>\n<\/div><\/div>\n<\/div><\/div><\/div>\n<style>#kt-layout-id_3ba540-08 > .kt-row-column-wrap{align-content:start;}:where(#kt-layout-id_3ba540-08 > .kt-row-column-wrap) > .wp-block-kadence-column{justify-content:start;}#kt-layout-id_3ba540-08 > .kt-row-column-wrap{column-gap:var(--global-kb-gap-md, 2rem);row-gap:var(--global-kb-gap-md, 2rem);padding-top:var( --global-kb-row-default-top, 25px );padding-bottom:var( --global-kb-row-default-bottom, 25px );padding-top:var(--global-kb-spacing-sm, 1.5rem);padding-bottom:var(--global-kb-spacing-sm, 1.5rem);grid-template-columns:minmax(0, 1fr);}#kt-layout-id_3ba540-08 > .kt-row-layout-overlay{opacity:0.30;}@media all and (max-width: 1024px){#kt-layout-id_3ba540-08 > .kt-row-column-wrap{grid-template-columns:minmax(0, 1fr);}}@media all and (max-width: 767px){#kt-layout-id_3ba540-08 > .kt-row-column-wrap{grid-template-columns:minmax(0, 1fr);}}<\/style>\n<div class=\"wp-block-kadence-rowlayout alignfull\"><div id=\"kt-layout-id_3ba540-08\" class=\"kt-row-layout-inner kt-layout-id_3ba540-08\"><div class=\"kt-row-column-wrap kt-has-1-columns kt-gutter-default kt-v-gutter-default kt-row-valign-top kt-row-layout-equal kt-tab-layout-inherit kt-m-colapse-left-to-right kt-mobile-layout-row\"><style>.kadence-column_734a7c-db > .kt-inside-inner-col{border-top-width:0px;border-right-width:0px;border-bottom-width:0px;border-left-width:0px;}.kadence-column_734a7c-db > .kt-inside-inner-col,.kadence-column_734a7c-db > .kt-inside-inner-col:before{border-top-left-radius:0px;border-top-right-radius:0px;border-bottom-right-radius:0px;border-bottom-left-radius:0px;}.kadence-column_734a7c-db > .kt-inside-inner-col{column-gap:var(--global-kb-gap-sm, 1rem);}.kadence-column_734a7c-db > .kt-inside-inner-col{flex-direction:column;}.kadence-column_734a7c-db > .kt-inside-inner-col > .aligncenter{width:100%;}.kadence-column_734a7c-db > .kt-inside-inner-col:before{opacity:0.3;}.kadence-column_734a7c-db{position:relative;}@media all and (max-width: 1024px){.kadence-column_734a7c-db > .kt-inside-inner-col{flex-direction:column;justify-content:center;}}@media all and (max-width: 767px){.kadence-column_734a7c-db > .kt-inside-inner-col{flex-direction:column;justify-content:center;}}<\/style>\n<div class=\"wp-block-kadence-column inner-column-1 kadence-column_734a7c-db\"><div class=\"kt-inside-inner-col\">                                  <section class=\"linkbox\">\n                <div class=\"linkbox__anchor\">\n                    <div class=\"linkbox__left\">\n                        <img loading=\"lazy\" decoding=\"async\" width=\"665\" height=\"530\" src=\"https:\/\/danoneregag.s3.eu-west-3.amazonaws.com\/2021\/02\/Ginggs-2018_haying-IMG_0959-665x530.jpg\" class=\"attachment-cta size-cta wp-post-image\" alt=\"\" \/>                    <\/div>\n                    <div class=\"linkbox__right img-purple\">\n                        <h3>Conocer a nuestros productores<\/h3>\n                        <p>Trabajamos codo con codo con los productores, favoreciendo su migraci\u00f3n hacia las pr\u00e1cticas de agricultura regenerativa, apoy\u00e1ndoles en su actividad y uni\u00e9ndonos en la lucha contra el cambio clim\u00e1tico.<\/p>\n                                                <a class=\"btn purple\" href=\"\/farmers\" target=\"_self\">Saber m\u00e1s<\/a>\n                                            <\/div>\n                <\/div>\n            <\/section> \n                                <\/div><\/div>\n<\/div><\/div><\/div>\n<style>#kt-layout-id_565ad2-1c > .kt-row-column-wrap{align-content:start;}:where(#kt-layout-id_565ad2-1c > .kt-row-column-wrap) > .wp-block-kadence-column{justify-content:start;}#kt-layout-id_565ad2-1c > .kt-row-column-wrap{column-gap:var(--global-kb-gap-md, 2rem);row-gap:var(--global-kb-gap-md, 2rem);padding-top:var( --global-kb-row-default-top, 25px );padding-bottom:var( --global-kb-row-default-bottom, 25px );padding-top:var(--global-kb-spacing-sm, 1.5rem);padding-bottom:var(--global-kb-spacing-sm, 1.5rem);grid-template-columns:minmax(0, 1fr);}#kt-layout-id_565ad2-1c > .kt-row-layout-overlay{opacity:0.30;}@media all and (max-width: 1024px){#kt-layout-id_565ad2-1c > .kt-row-column-wrap{grid-template-columns:minmax(0, 1fr);}}@media all and (max-width: 767px){#kt-layout-id_565ad2-1c > .kt-row-column-wrap{grid-template-columns:minmax(0, 1fr);}}<\/style>\n<div class=\"wp-block-kadence-rowlayout alignfull\"><div id=\"kt-layout-id_565ad2-1c\" class=\"kt-row-layout-inner kt-layout-id_565ad2-1c\"><div class=\"kt-row-column-wrap kt-has-1-columns kt-gutter-default kt-v-gutter-default kt-row-valign-top kt-row-layout-equal kt-tab-layout-inherit kt-m-colapse-left-to-right kt-mobile-layout-row\"><style>.kadence-column_9b5ba1-32 > .kt-inside-inner-col{border-top-width:0px;border-right-width:0px;border-bottom-width:0px;border-left-width:0px;}.kadence-column_9b5ba1-32 > .kt-inside-inner-col,.kadence-column_9b5ba1-32 > .kt-inside-inner-col:before{border-top-left-radius:0px;border-top-right-radius:0px;border-bottom-right-radius:0px;border-bottom-left-radius:0px;}.kadence-column_9b5ba1-32 > .kt-inside-inner-col{column-gap:var(--global-kb-gap-sm, 1rem);}.kadence-column_9b5ba1-32 > .kt-inside-inner-col{flex-direction:column;}.kadence-column_9b5ba1-32 > .kt-inside-inner-col > .aligncenter{width:100%;}.kadence-column_9b5ba1-32 > .kt-inside-inner-col:before{opacity:0.3;}.kadence-column_9b5ba1-32{position:relative;}@media all and (max-width: 1024px){.kadence-column_9b5ba1-32 > .kt-inside-inner-col{flex-direction:column;justify-content:center;}}@media all and (max-width: 767px){.kadence-column_9b5ba1-32 > .kt-inside-inner-col{flex-direction:column;justify-content:center;}}<\/style>\n<div class=\"wp-block-kadence-column inner-column-1 kadence-column_9b5ba1-32\"><div class=\"kt-inside-inner-col\">                                  <section class=\"linkbox\">\n                <div class=\"linkbox__anchor\">\n                    <div class=\"linkbox__left\">\n                        <img loading=\"lazy\" decoding=\"async\" width=\"662\" height=\"519\" src=\"https:\/\/danoneregag.s3.eu-west-3.amazonaws.com\/2021\/02\/discoverourprojects%402x-1.jpg\" class=\"attachment-cta size-cta wp-post-image\" alt=\"\" srcset=\"https:\/\/danoneregag.s3.eu-west-3.amazonaws.com\/2021\/02\/discoverourprojects%402x-1.jpg 662w, https:\/\/danoneregag.s3.eu-west-3.amazonaws.com\/2021\/02\/discoverourprojects%402x-1-300x235.jpg 300w\" sizes=\"auto, (max-width: 662px) 100vw, 662px\" \/>                    <\/div>\n                    <div class=\"linkbox__right img-apblue\">\n                        <h3>Descubra nuestras mejores pr\u00e1cticas<\/h3>\n                        <p>Trabajamos activamente por todo el mundo. Y dedicamos nuestra energ\u00eda al apoyo a los ganaderos que trabajan por la agricultura regenerativa. Explore nuestras mejores pr\u00e1cticas y aprenda c\u00f3mo marcamos la diferencia.<\/p>\n                                                <a class=\"btn apblue\" href=\"\/projects\" target=\"_self\">Saber m\u00e1s<\/a>\n                                            <\/div>\n                <\/div>\n            <\/section> \n                                <\/div><\/div>\n<\/div><\/div><\/div>\n<style>#kt-layout-id_73de53-a4 > .kt-row-column-wrap{align-content:start;}:where(#kt-layout-id_73de53-a4 > .kt-row-column-wrap) > .wp-block-kadence-column{justify-content:start;}#kt-layout-id_73de53-a4 > .kt-row-column-wrap{column-gap:var(--global-kb-gap-md, 2rem);row-gap:var(--global-kb-gap-md, 2rem);padding-top:var( --global-kb-row-default-top, 25px );padding-bottom:var( --global-kb-row-default-bottom, 25px );padding-top:var(--global-kb-spacing-sm, 1.5rem);padding-bottom:var(--global-kb-spacing-sm, 1.5rem);grid-template-columns:minmax(0, 1fr);}#kt-layout-id_73de53-a4 > .kt-row-layout-overlay{opacity:0.30;}@media all and (max-width: 1024px){#kt-layout-id_73de53-a4 > .kt-row-column-wrap{grid-template-columns:minmax(0, 1fr);}}@media all and (max-width: 767px){#kt-layout-id_73de53-a4 > .kt-row-column-wrap{grid-template-columns:minmax(0, 1fr);}}<\/style>\n<div class=\"wp-block-kadence-rowlayout alignfull\"><div id=\"kt-layout-id_73de53-a4\" class=\"kt-row-layout-inner kt-layout-id_73de53-a4\"><div class=\"kt-row-column-wrap kt-has-1-columns kt-gutter-default kt-v-gutter-default kt-row-valign-top kt-row-layout-equal kt-tab-layout-inherit kt-m-colapse-left-to-right kt-mobile-layout-row\"><style>.kadence-column_61166f-4c > .kt-inside-inner-col{border-top-width:0px;border-right-width:0px;border-bottom-width:0px;border-left-width:0px;}.kadence-column_61166f-4c > .kt-inside-inner-col,.kadence-column_61166f-4c > .kt-inside-inner-col:before{border-top-left-radius:0px;border-top-right-radius:0px;border-bottom-right-radius:0px;border-bottom-left-radius:0px;}.kadence-column_61166f-4c > .kt-inside-inner-col{column-gap:var(--global-kb-gap-sm, 1rem);}.kadence-column_61166f-4c > .kt-inside-inner-col{flex-direction:column;}.kadence-column_61166f-4c > .kt-inside-inner-col > .aligncenter{width:100%;}.kadence-column_61166f-4c > .kt-inside-inner-col:before{opacity:0.3;}.kadence-column_61166f-4c{position:relative;}@media all and (max-width: 1024px){.kadence-column_61166f-4c > .kt-inside-inner-col{flex-direction:column;justify-content:center;}}@media all and (max-width: 767px){.kadence-column_61166f-4c > .kt-inside-inner-col{flex-direction:column;justify-content:center;}}<\/style>\n<div class=\"wp-block-kadence-column inner-column-1 kadence-column_61166f-4c\"><div class=\"kt-inside-inner-col\"><\/div><\/div>\n<\/div><\/div><\/div>\n","protected":false},"excerpt":{"rendered":"<p>Agricultura regenerativa Como empresa de alimentos, una de las formas m\u00e1s importantes de lograr impacto social es a trav\u00e9s del modelo agr\u00edcola y ganadero que elegimos. La agricultura actual representa 2\/3 de nuestras emisiones de [&hellip;]<\/p>\n","protected":false},"author":1,"featured_media":1538,"parent":0,"menu_order":98,"comment_status":"closed","ping_status":"closed","template":"","meta":{"_acf_changed":false,"footnotes":""},"class_list":["post-1536","page","type-page","status-publish","has-post-thumbnail","hentry"],"acf":[],"_links":{"self":[{"href":"https:\/\/regenerative-agriculture.danone.com\/es\/wp-json\/wp\/v2\/pages\/1536","targetHints":{"allow":["GET"]}}],"collection":[{"href":"https:\/\/regenerative-agriculture.danone.com\/es\/wp-json\/wp\/v2\/pages"}],"about":[{"href":"https:\/\/regenerative-agriculture.danone.com\/es\/wp-json\/wp\/v2\/types\/page"}],"author":[{"embeddable":true,"href":"https:\/\/regenerative-agriculture.danone.com\/es\/wp-json\/wp\/v2\/users\/1"}],"replies":[{"embeddable":true,"href":"https:\/\/regenerative-agriculture.danone.com\/es\/wp-json\/wp\/v2\/comments?post=1536"}],"version-history":[{"count":3,"href":"https:\/\/regenerative-agriculture.danone.com\/es\/wp-json\/wp\/v2\/pages\/1536\/revisions"}],"predecessor-version":[{"id":2162,"href":"https:\/\/regenerative-agriculture.danone.com\/es\/wp-json\/wp\/v2\/pages\/1536\/revisions\/2162"}],"wp:featuredmedia":[{"embeddable":true,"href":"https:\/\/regenerative-agriculture.danone.com\/es\/wp-json\/wp\/v2\/media\/1538"}],"wp:attachment":[{"href":"https:\/\/regenerative-agriculture.danone.com\/es\/wp-json\/wp\/v2\/media?parent=1536"}],"curies":[{"name":"wp","href":"https:\/\/api.w.org\/{rel}","templated":true}]}}