{"id":34529,"date":"2022-04-05T14:20:33","date_gmt":"2022-04-05T14:20:33","guid":{"rendered":"https:\/\/regenerative-agriculture.danone.com\/faq\/"},"modified":"2022-04-05T14:20:34","modified_gmt":"2022-04-05T14:20:34","slug":"faq","status":"publish","type":"page","link":"https:\/\/regenerative-agriculture.danone.com\/de\/faq\/","title":{"rendered":"FAQ"},"content":{"rendered":"\n<h1 class=\"wp-block-heading\">\u00a0F&amp;A\u00a0<\/h1>\n\n<div style=\"height:50px\" aria-hidden=\"true\" class=\"wp-block-spacer\"><\/div>\n<style>.kt-accordion-id_554655-0a .kt-accordion-inner-wrap{column-gap:var(--global-kb-gap-md, 2rem);row-gap:0px;}.kt-accordion-id_554655-0a .kt-accordion-panel-inner{border-top-width:0px;border-right-width:0px;border-bottom-width:0px;border-left-width:0px;padding-top:var(--global-kb-spacing-sm, 1.5rem);padding-right:var(--global-kb-spacing-sm, 1.5rem);padding-bottom:var(--global-kb-spacing-sm, 1.5rem);padding-left:var(--global-kb-spacing-sm, 1.5rem);}.kt-accordion-id_554655-0a > .kt-accordion-inner-wrap > .wp-block-kadence-pane > .kt-accordion-header-wrap > .kt-blocks-accordion-header{border-top-color:#555555;border-right-color:#555555;border-bottom-color:#555555;border-left-color:#555555;border-top-width:0px;border-right-width:0px;border-bottom-width:0px;border-left-width:0px;border-top-left-radius:0px;border-top-right-radius:0px;border-bottom-right-radius:0px;border-bottom-left-radius:0px;background:#f2f2f2;font-size:18px;line-height:24px;color:#555555;padding-top:10px;padding-right:14px;padding-bottom:10px;padding-left:14px;}.kt-accordion-id_554655-0a:not( .kt-accodion-icon-style-basiccircle ):not( .kt-accodion-icon-style-xclosecircle ):not( .kt-accodion-icon-style-arrowcircle )  > .kt-accordion-inner-wrap > .wp-block-kadence-pane > .kt-accordion-header-wrap .kt-blocks-accordion-icon-trigger:after, .kt-accordion-id_554655-0a:not( .kt-accodion-icon-style-basiccircle ):not( .kt-accodion-icon-style-xclosecircle ):not( .kt-accodion-icon-style-arrowcircle )  > .kt-accordion-inner-wrap > .wp-block-kadence-pane > .kt-accordion-header-wrap .kt-blocks-accordion-icon-trigger:before{background:#555555;}.kt-accordion-id_554655-0a:not( .kt-accodion-icon-style-basic ):not( .kt-accodion-icon-style-xclose ):not( .kt-accodion-icon-style-arrow ) .kt-blocks-accordion-icon-trigger{background:#555555;}.kt-accordion-id_554655-0a:not( .kt-accodion-icon-style-basic ):not( .kt-accodion-icon-style-xclose ):not( .kt-accodion-icon-style-arrow ) .kt-blocks-accordion-icon-trigger:after, .kt-accordion-id_554655-0a:not( .kt-accodion-icon-style-basic ):not( .kt-accodion-icon-style-xclose ):not( .kt-accodion-icon-style-arrow ) .kt-blocks-accordion-icon-trigger:before{background:#f2f2f2;}.kt-accordion-id_554655-0a > .kt-accordion-inner-wrap > .wp-block-kadence-pane > .kt-accordion-header-wrap > .kt-blocks-accordion-header:hover, \n\t\t\t\tbody:not(.hide-focus-outline) .kt-accordion-id_554655-0a .kt-blocks-accordion-header:focus-visible{color:#444444;background:#eeeeee;border-top-color:#eeeeee;border-right-color:#eeeeee;border-bottom-color:#eeeeee;border-left-color:#eeeeee;}.kt-accordion-id_554655-0a:not( .kt-accodion-icon-style-basiccircle ):not( .kt-accodion-icon-style-xclosecircle ):not( .kt-accodion-icon-style-arrowcircle ) .kt-accordion-header-wrap .kt-blocks-accordion-header:hover .kt-blocks-accordion-icon-trigger:after, .kt-accordion-id_554655-0a:not( .kt-accodion-icon-style-basiccircle ):not( .kt-accodion-icon-style-xclosecircle ):not( .kt-accodion-icon-style-arrowcircle ) .kt-accordion-header-wrap .kt-blocks-accordion-header:hover .kt-blocks-accordion-icon-trigger:before, body:not(.hide-focus-outline) .kt-accordion-id_554655-0a:not( .kt-accodion-icon-style-basiccircle ):not( .kt-accodion-icon-style-xclosecircle ):not( .kt-accodion-icon-style-arrowcircle ) .kt-blocks-accordion--visible .kt-blocks-accordion-icon-trigger:after, body:not(.hide-focus-outline) .kt-accordion-id_554655-0a:not( .kt-accodion-icon-style-basiccircle ):not( .kt-accodion-icon-style-xclosecircle ):not( .kt-accodion-icon-style-arrowcircle ) .kt-blocks-accordion-header:focus-visible .kt-blocks-accordion-icon-trigger:before{background:#444444;}.kt-accordion-id_554655-0a:not( .kt-accodion-icon-style-basic ):not( .kt-accodion-icon-style-xclose ):not( .kt-accodion-icon-style-arrow ) .kt-accordion-header-wrap .kt-blocks-accordion-header:hover .kt-blocks-accordion-icon-trigger, body:not(.hide-focus-outline) .kt-accordion-id_554655-0a:not( .kt-accodion-icon-style-basic ):not( .kt-accodion-icon-style-xclose ):not( .kt-accodion-icon-style-arrow ) .kt-accordion-header-wrap .kt-blocks-accordion-header:focus-visible .kt-blocks-accordion-icon-trigger{background:#444444;}.kt-accordion-id_554655-0a:not( .kt-accodion-icon-style-basic ):not( .kt-accodion-icon-style-xclose ):not( .kt-accodion-icon-style-arrow ) .kt-accordion-header-wrap .kt-blocks-accordion-header:hover .kt-blocks-accordion-icon-trigger:after, .kt-accordion-id_554655-0a:not( .kt-accodion-icon-style-basic ):not( .kt-accodion-icon-style-xclose ):not( .kt-accodion-icon-style-arrow ) .kt-accordion-header-wrap .kt-blocks-accordion-header:hover .kt-blocks-accordion-icon-trigger:before, body:not(.hide-focus-outline) .kt-accordion-id_554655-0a:not( .kt-accodion-icon-style-basic ):not( .kt-accodion-icon-style-xclose ):not( .kt-accodion-icon-style-arrow ) .kt-accordion-header-wrap .kt-blocks-accordion-header:focus-visible .kt-blocks-accordion-icon-trigger:after, body:not(.hide-focus-outline) .kt-accordion-id_554655-0a:not( .kt-accodion-icon-style-basic ):not( .kt-accodion-icon-style-xclose ):not( .kt-accodion-icon-style-arrow ) .kt-accordion-header-wrap .kt-blocks-accordion-header:focus-visible .kt-blocks-accordion-icon-trigger:before{background:#eeeeee;}.kt-accordion-id_554655-0a .kt-accordion-header-wrap .kt-blocks-accordion-header:focus-visible,\n\t\t\t\t.kt-accordion-id_554655-0a > .kt-accordion-inner-wrap > .wp-block-kadence-pane > .kt-accordion-header-wrap > .kt-blocks-accordion-header.kt-accordion-panel-active{color:#ffffff;background:#444444;border-top-color:#444444;border-right-color:#444444;border-bottom-color:#444444;border-left-color:#444444;}.kt-accordion-id_554655-0a:not( .kt-accodion-icon-style-basiccircle ):not( .kt-accodion-icon-style-xclosecircle ):not( .kt-accodion-icon-style-arrowcircle )  > .kt-accordion-inner-wrap > .wp-block-kadence-pane > .kt-accordion-header-wrap > .kt-blocks-accordion-header.kt-accordion-panel-active .kt-blocks-accordion-icon-trigger:after, .kt-accordion-id_554655-0a:not( .kt-accodion-icon-style-basiccircle ):not( .kt-accodion-icon-style-xclosecircle ):not( .kt-accodion-icon-style-arrowcircle )  > .kt-accordion-inner-wrap > .wp-block-kadence-pane > .kt-accordion-header-wrap > .kt-blocks-accordion-header.kt-accordion-panel-active .kt-blocks-accordion-icon-trigger:before{background:#ffffff;}.kt-accordion-id_554655-0a:not( .kt-accodion-icon-style-basic ):not( .kt-accodion-icon-style-xclose ):not( .kt-accodion-icon-style-arrow ) .kt-blocks-accordion-header.kt-accordion-panel-active .kt-blocks-accordion-icon-trigger{background:#ffffff;}.kt-accordion-id_554655-0a:not( .kt-accodion-icon-style-basic ):not( .kt-accodion-icon-style-xclose ):not( .kt-accodion-icon-style-arrow ) .kt-blocks-accordion-header.kt-accordion-panel-active .kt-blocks-accordion-icon-trigger:after, .kt-accordion-id_554655-0a:not( .kt-accodion-icon-style-basic ):not( .kt-accodion-icon-style-xclose ):not( .kt-accodion-icon-style-arrow ) .kt-blocks-accordion-header.kt-accordion-panel-active .kt-blocks-accordion-icon-trigger:before{background:#444444;}@media all and (max-width: 767px){.kt-accordion-id_554655-0a .kt-accordion-inner-wrap{display:block;}.kt-accordion-id_554655-0a .kt-accordion-inner-wrap .kt-accordion-pane:not(:first-child){margin-top:0px;}}<\/style>\n<div class=\"wp-block-kadence-accordion alignnone\"><div class=\"kt-accordion-wrap kt-accordion-wrap kt-accordion-id_554655-0a kt-accordion-has-20-panes kt-active-pane-0 kt-accordion-block kt-pane-header-alignment-left kt-accodion-icon-style-basic kt-accodion-icon-side-right\" style=\"max-width:none\"><div class=\"kt-accordion-inner-wrap\" data-allow-multiple-open=\"false\" data-start-open=\"0\">\n<div class=\"wp-block-kadence-pane kt-accordion-pane kt-accordion-pane-17 kt-pane_3ddc90-37\"><div class=\"kt-accordion-header-wrap\"><button class=\"kt-blocks-accordion-header kt-acccordion-button-label-show\"><span class=\"kt-blocks-accordion-title-wrap\"><span class=\"kt-blocks-accordion-title\">1. Ist die Regenerative Landwirtschaft einfach nur eine R\u00fcckkehr zu alter Landwirtschaft?<\/span><\/span><span class=\"kt-blocks-accordion-icon-trigger\"><\/span><\/button><\/div><div class=\"kt-accordion-panel kt-accordion-panel-hidden\"><div class=\"kt-accordion-panel-inner\">\n<p>Regenerative Landwirtschaft kombiniert traditionelle landwirtschaftliche Methoden mit modernen und technologischen Entwicklungen, um die Nahrungsproduktion respektvoll und nachhaltig zu optimieren. Regenerative Landwirtschaft f\u00f6rdert Methoden, die eine wachsende Bev\u00f6lkerung mit gesunden, hochwertigen Lebensmitteln versorgen und gleichzeitig die Ressourcen unseres Planeten schonen, den Tierschutz respektieren und die langfristige Lebensf\u00e4higkeit der landwirtschaftlichen Betriebe gew\u00e4hrleisten.<\/p>\n\n\n\n<p><strong>Innovation ist ein Schl\u00fcsselelement, um die Landwirtschaft pr\u00e4ziser und effizienter zu machen.<\/strong><\/p>\n\n\n\n<p>Was wir bereits umsetzen:<\/p>\n\n\n\n<p>\u2022 Verbesserung des Tierschutzes und der Produktivit\u00e4t in der Landwirtschaft mit Sensoren und vernetzten Halsb\u00e4ndern f\u00fcr K\u00fche (Margarita in Mexiko, mit IDB)<br\/> \u2022 Einsatz von Satellitenbildern und maschinellem Lernen zur Erfassung und Verarbeitung von Daten \u00fcber die Bodengesundheit und zur Verfolgung landwirtschaftlicher Methoden (in den USA, mit Sustainable Environment Consultants)<br\/>\u2022 Unterst\u00fctzung von Start-ups (Connectera, Sowit), die Landwirten neue datengest\u00fctzte Instrumente f\u00fcr die Entscheidungsfindung zur Verf\u00fcgung stellen.<\/p>\n<\/div><\/div><\/div>\n\n\n\n<div class=\"wp-block-kadence-pane kt-accordion-pane kt-accordion-pane-18 kt-pane_98ef4a-51\"><div class=\"kt-accordion-header-wrap\"><button class=\"kt-blocks-accordion-header kt-acccordion-button-label-show\"><span class=\"kt-blocks-accordion-title-wrap\"><span class=\"kt-blocks-accordion-title\">Glyphosat und Neonikotinoide \u2014 Was ist Danones wahre Position dazu?<\/span><\/span><span class=\"kt-blocks-accordion-icon-trigger\"><\/span><\/button><\/div><div class=\"kt-accordion-panel kt-accordion-panel-hidden\"><div class=\"kt-accordion-panel-inner\">\n<p>Wir definieren regenerative Landwirtschaft als eine Gruppe von Praktiken, die:<\/p>\n\n\n\n<p>\u2022 den Boden, das Wasser und die biologische Vielfalt sch\u00fctzt<br\/> \u2022 den Tierschutz respektiert<br\/>\u2022 die Schl\u00fcsselrolle der Landwirte und die positiven Auswirkungen der Landwirtschaft anerkennt und gleichzeitig ihre wirtschaftliche Lebensf\u00e4higkeit ber\u00fccksichtigt.<\/p>\n\n\n\n<p>Zu den regenerativen landwirtschaftlichen Praktiken geh\u00f6ren die Verringerung der Bodenbearbeitung und des Einsatzes von Chemikalien (wie Pestizide und Herbizide), die Verbesserung des Wassermanagements durch Verringerung des Wasserverbrauchs und Verbesserung der Wasserqualit\u00e4t, die Ausweitung der Fruchtfolge und des Anbaus von Deckfr\u00fcchten sowie die Einrichtung von Pufferzonen und Hecken. Wenn diese Praktiken gemeinsam implementiert werden, stellen sie die Bodengesundheit wieder her und erm\u00f6glichen es der Landwirtschaft, als Kohlenstoffsenke zu fungieren.<\/p>\n\n\n\n<p>Um sie dabei zu unterst\u00fctzen, das richtige Gleichgewicht zwischen der Verringerung der Bodenbearbeitung und der Reduzierung des Chemikalieneinsatzes zu finden, arbeiten wir mit Landwirten und anderen Partnern zusammen. Manchmal m\u00fcssen die Landwirte je nach Kultur, Bodenart und Klima in begrenzten Mengen Herbizide einsetzen. Jeder Betrieb ist anders, und unser Ziel ist es, die Landwirte bei der Umstellung auf eine regenerative Landwirtschaft auf eine Weise zu unterst\u00fctzen, die in ihrem eigenen Kontext ausgewogen und nachhaltig ist.<\/p>\n<\/div><\/div><\/div>\n\n\n\n<div class=\"wp-block-kadence-pane kt-accordion-pane kt-accordion-pane-19 kt-pane_5fb624-a6\"><div class=\"kt-accordion-header-wrap\"><button class=\"kt-blocks-accordion-header kt-acccordion-button-label-show\"><span class=\"kt-blocks-accordion-title-wrap\"><span class=\"kt-blocks-accordion-title\">3. Regenerative Agriculture \u2014 great for farmers, but does it interest<br\/>consumers?<\/span><\/span><span class=\"kt-blocks-accordion-icon-trigger\"><\/span><\/button><\/div><div class=\"kt-accordion-panel kt-accordion-panel-hidden\"><div class=\"kt-accordion-panel-inner\">\n<p>Es ist kein Geheimnis \u2013 immer mehr Verbraucher wenden sich Produkten zu, die sie wieder mit der Natur verbinden. Dieser Trend schreitet vor allem im momemtanen Kontext voran.<\/p>\n\n\n\n<p>Im vergangenen Jahr haben 22 % der europ\u00e4ischen Verbraucher ihre Kaufgewohnheiten ge\u00e4ndert und ihre Ausgaben vermehrt auf nat\u00fcrliche und biologische Produkte ausgerichtet. Dar\u00fcber hinaus \u00e4u\u00dferten 19 % von ihnen den Wunsch nach nachhaltigeren Produkten (Quelle: Verbraucherbericht von McKinsey).<\/p>\n\n\n\n<p>Um dem Wunsch der Verbraucher nach Nachhaltigkeit und lokalem Bezug zu den Lebensmitteln, die sie essen, nachzukommen, ist Regenerative Landwirtschaft daher ein einzigartiger Vorteil f\u00fcr Marken.<\/p>\n\n\n\n<p>So hat beispielsweise Bl\u00e9dina, die franz\u00f6sische Marke von Danone f\u00fcr die ersten Lebensjahre, stark in regenerative und biologische Verfahren investiert. Heute steht sie an der Spitze der Rangliste f\u00fcr die Wertsch\u00e4tzung der Verbraucher \u2013 dieser Erfolg spricht B\u00e4nde \u00fcber das Potenzial von Investitionen in Naturkapital.<\/p>\n<\/div><\/div><\/div>\n\n\n\n<div class=\"wp-block-kadence-pane kt-accordion-pane kt-accordion-pane-20 kt-pane_5e42c3-45\"><div class=\"kt-accordion-header-wrap\"><button class=\"kt-blocks-accordion-header kt-acccordion-button-label-show\"><span class=\"kt-blocks-accordion-title-wrap\"><span class=\"kt-blocks-accordion-title\">4. Bedroht die Regenerative Landwirtschaft das Bewusstsein f\u00fcr lokale Gegebenheiten?<\/span><\/span><span class=\"kt-blocks-accordion-icon-trigger\"><\/span><\/button><\/div><div class=\"kt-accordion-panel kt-accordion-panel-hidden\"><div class=\"kt-accordion-panel-inner\">\n<p>Regenerative Landwirtschaft und der Wunsch nach lokal angebauten Lebensmitteln sind eigentlich zwei Seiten einer Medaille: Die Verbraucher wollen sich mit den Lebensmitteln, die sie essen, wieder identifizieren, weil sie wissen, dass sie nachhaltig angebaut wurden. Das bedeutet, dass sich sowohl die Art und Weise, wie Lebensmittel angebaut werden, wie auch der Weg vom Erzeuger zum Verbraucher \u00e4ndern m\u00fcssen.<\/p>\n\n\n\n<p>Unser Lebensmittelsystem ist f\u00fcr etwa 26 % der weltweiten Treibhausgasemissionen verantwortlich \u2014 davon entfallen etwa ein Viertel auf den Transport (6 %) und die Versorgungsketten (18 %), w\u00e4hrend die Lebensmittelproduktion selbst (einschlie\u00dflich Viehzucht, Fischerei und Pflanzenbau) 60 % der Emissionen ausmacht.[ https:\/\/ourworldindata.org\/environmental-impacts-of-food]<\/p>\n\n\n\n<p>Nur einer H\u00e4lfte der Medaille zu erf\u00fcllen (lokal produzierte, aber treibhausgasintensive Lebensmittel \/ nachhaltig produzierte, aber \u00fcber gro\u00dfe Entfernungen transportierte Lebensmittel), wird den wahren W\u00fcnschen der Verbraucher nicht gerecht. Der Weg, die Herzen, den Verstand und die Loyalit\u00e4t der Verbraucher gewinnt man, indem man beide Herausforderungen frontal angeht \u2014 die Lebensmittelproduktion auf regenerative Verfahren umstellt und gleichzeitig die Zutaten so lokal wie m\u00f6glich bezieht.<\/p>\n<\/div><\/div><\/div>\n\n\n\n<div class=\"wp-block-kadence-pane kt-accordion-pane kt-accordion-pane-20 kt-pane_68d0e5-5b\"><div class=\"kt-accordion-header-wrap\"><button class=\"kt-blocks-accordion-header kt-acccordion-button-label-show\"><span class=\"kt-blocks-accordion-title-wrap\"><span class=\"kt-blocks-accordion-title\">5. Wer stemt die Kosten dieser massiven Umwandlung? Mit welchen Werkzeugen?<\/span><\/span><span class=\"kt-blocks-accordion-icon-trigger\"><\/span><\/button><\/div><div class=\"kt-accordion-panel kt-accordion-panel-hidden\"><div class=\"kt-accordion-panel-inner\">\n<p><strong>Wir ben\u00f6tigen die Beteiligung von Akteuren entlang der gesamten Versorgungskette, <br\/>um den \u00dcbergang zu einer regenerativen Landwirtschaft zu finanzieren.<\/strong><\/p>\n\n\n\n<p>Danone tr\u00e4gt seinen Teil bei, dank:<\/p>\n\n\n\n<p>\u2022 Eines speziellen internen Fonds zur Unterst\u00fctzung der Einf\u00fchrung neuer Verfahren<br\/>\u2022 Partnerschaften mit Banken, NRO und Crowdfunding-Plattformen zur gemeinsamen Entwicklung neuer Finanzierungsinstrumente<\/p>\n\n\n\n<p>In Frankreich beispielsweise haben wir seit 2016 \u00fcber 40 Millionen Euro investiert, um die Kosten zu decken, die entstehen, wenn immer mehr Landwirte auf regenerative Verfahren umstellen. Wir sind auf dem besten Weg, bis 2025 100 Prozent der Zutaten in Frankreich \u2014 einschlie\u00dflich Frischmilch, Obst und Gem\u00fcse sowie Zuckerr\u00fcben \u2014 aus regenerativer Landwirtschaft zu beziehen.<\/p>\n\n\n\n<p>In Mexiko arbeiten wir gemeinsam mit der Interamerikanischen Entwicklungsbank an der Umstellung der Milchviehhaltung und statten 2 000 K\u00fche in 40 Betrieben mit Sensoren und vernetzten Halsb\u00e4ndern aus. Zur Optimierung ihres Wohlbefindens und ihrer Produktivit\u00e4t. Auch mit Erdbeerbauern arbeiten wir zusammen, um ihnen den \u00dcbergang zu regenerativen Praktiken zu erm\u00f6glichen. Bis heute hat das Projekt zu einem um 30 % h\u00f6heren Einkommen der Landwirte, zu 50 % mehr Bodenschutz und zu 15 % weniger Pestiziden gef\u00fchrt.<\/p>\n<\/div><\/div><\/div>\n\n\n\n<div class=\"wp-block-kadence-pane kt-accordion-pane kt-accordion-pane-20 kt-pane_c5d3c0-4a\"><div class=\"kt-accordion-header-wrap\"><button class=\"kt-blocks-accordion-header kt-acccordion-button-label-show\"><span class=\"kt-blocks-accordion-title-wrap\"><span class=\"kt-blocks-accordion-title\">6. What\u2019s the difference between Regenerative Agriculture and<br\/>Sustainable agriculture?<\/span><\/span><span class=\"kt-blocks-accordion-icon-trigger\"><\/span><\/button><\/div><div class=\"kt-accordion-panel kt-accordion-panel-hidden\"><div class=\"kt-accordion-panel-inner\">\n<p>Der Hauptunterschied liegt im Ziel der regenerativen Landwirtschaft, die Produktivit\u00e4t und das Wachstumspotenzial des entsprechenden Bereichs zu regenerieren (oder zu erneuern). Nachhaltige Praktiken zielen per Definition darauf ab, zu erhalten. Regenerative Praktiken erkennen, dass nat\u00fcrliche Systeme derzeit beeintr\u00e4chtigt sind, und wenden Managementtechniken an, um das System wiederherzustellen.<sup><a href=\"https:\/\/ourworldindata.org\/environmental-impacts-of-food\" data-type=\"URL\" data-id=\"https:\/\/ourworldindata.org\/environmental-impacts-of-food\" target=\"_blank\" rel=\"noreferrer noopener\">1<\/a><\/sup>. <\/p>\n<\/div><\/div><\/div>\n\n\n\n<div class=\"wp-block-kadence-pane kt-accordion-pane kt-accordion-pane-20 kt-pane_9f1fe2-81\"><div class=\"kt-accordion-header-wrap\"><button class=\"kt-blocks-accordion-header kt-acccordion-button-label-show\"><span class=\"kt-blocks-accordion-title-wrap\"><span class=\"kt-blocks-accordion-title\">7. Ist regenerative Landwirtschaft anders als \u00f6kologische Landwirtschaft?<\/span><\/span><span class=\"kt-blocks-accordion-icon-trigger\"><\/span><\/button><\/div><div class=\"kt-accordion-panel kt-accordion-panel-hidden\"><div class=\"kt-accordion-panel-inner\">\n<p>Die Einstellung ist eine andere. Die \u00f6kologische Landwirtschaft ist bestrebt, negative Einfl\u00fcsse (Chemikalien, GVO usw.) zu reduzieren. Die regenerative Landwirtschaft geht noch weiter, indem sie die Bodengesundheit (Reduzierung der Bodenbearbeitung, F\u00f6rderung von Deckfr\u00fcchten und Fruchtfolge), die biologische Vielfalt und den richtigen Umgang mit Wasser (einschlie\u00dflich der Menge) f\u00f6rdert.<\/p>\n\n\n\n<p>Einige Methoden sind \u00e4hnlich, aber die regenerative Landwirtschaft ist dimensionsreicher.<\/p>\n<\/div><\/div><\/div>\n\n\n\n<div class=\"wp-block-kadence-pane kt-accordion-pane kt-accordion-pane-20 kt-pane_642a19-eb\"><div class=\"kt-accordion-header-wrap\"><button class=\"kt-blocks-accordion-header kt-acccordion-button-label-show\"><span class=\"kt-blocks-accordion-title-wrap\"><span class=\"kt-blocks-accordion-title\">8. Sch\u00e4digt Viehlandwirtschaft nicht die Umwelt?<\/span><\/span><span class=\"kt-blocks-accordion-icon-trigger\"><\/span><\/button><\/div><div class=\"kt-accordion-panel kt-accordion-panel-hidden\"><div class=\"kt-accordion-panel-inner\">\n<p>Die Auswirkungen der Viehhaltung auf den Klimawandel und die biologische Vielfalt sind abh\u00e4ngig vom jeweiligen Landwirtschaftssystem und der Art der Viehhaltung. Die industrielle Viehzucht f\u00fchrt zu einer enormen Nachfrage nach Futtermitteln, die eine intensive Landnutzung erfordern und oft eine Vielzahl von Umweltsch\u00e4den verursachen, von der Abholzung der W\u00e4lder, der Bodenerosion, dem Verlust der Bodenfruchtbarkeit und der biologischen Vielfalt bis hin zur Verschmutzung des Grundwassers, dem Abfluss landwirtschaftlicher Abw\u00e4sser in Fl\u00fcsse und Seen und verkehrsbedingten Emissionen.<sup><a href=\"https:\/\/link.springer.com\/chapter\/10.1007\/978-3-319-18002-1_1\" data-type=\"URL\" data-id=\"https:\/\/link.springer.com\/chapter\/10.1007\/978-3-319-18002-1_1\" target=\"_blank\" rel=\"noreferrer noopener\">2<\/a><\/sup><\/p>\n\n\n\n<p>Vieh kann aber auch positive Auswirkungen haben, wenn es in nachhaltige Landwirtschaftssysteme integriert wird. Weiden auf Deckfr\u00fcchten, Dung, der als nat\u00fcrlicher D\u00fcnger verwendet werden kann, und wird sogar zur Unkrautbek\u00e4mpfung eingesetzt wird. Die nachhaltige Integration von Nutztieren in einen landwirtschaftlichen Betrieb kann den Bedarf an chemischen Mitteln und Herbiziden verringern.<sup><a href=\"http:\/\/www.fao.org\/3\/V8180T\/v8180T14.htm#integrated%20livestockagriculture%20production%20systems)\" data-type=\"URL\" data-id=\"http:\/\/www.fao.org\/3\/V8180T\/v8180T14.htm#integrated%20livestockagriculture%20production%20systems)\" target=\"_blank\" rel=\"noreferrer noopener\">3<\/a><\/sup> Das ist es, was Danone mit seinem Ansatz der regenerativen Landwirtschaft anstrebt.<\/p>\n\n\n\n<p>Bestimmte Methoden haben das Potenzial, die Treibhausgasemissionen der Tierhaltung zu reduzieren, auch wenn sie heute noch nicht weit verbreitet sind (Gerber et al., 2013). Einige der technischen Optionen zur Abschw\u00e4chung der Auswirkungen der Viehzucht auf den Klimawandel sind die Kohlenstoffbindung, die Verbesserung der Ern\u00e4hrung zur Verringerung der enterischen Fermentation, die Verbesserung des Dungmanagements und die effizientere Verwendung von D\u00fcngemitteln (Steinfeld et al., 2006, Thornton und Gerber, 2010, UNFCCC, 2008).<\/p>\n<\/div><\/div><\/div>\n<\/div><\/div><\/div>\n\n<div style=\"height:50px\" aria-hidden=\"true\" class=\"wp-block-spacer\"><\/div>\n","protected":false},"excerpt":{"rendered":"<p>\u00a0F&amp;A\u00a0<\/p>\n","protected":false},"author":1,"featured_media":0,"parent":0,"menu_order":38,"comment_status":"closed","ping_status":"closed","template":"","meta":{"_acf_changed":false,"footnotes":""},"class_list":["post-34529","page","type-page","status-publish","hentry"],"acf":[],"_links":{"self":[{"href":"https:\/\/regenerative-agriculture.danone.com\/de\/wp-json\/wp\/v2\/pages\/34529","targetHints":{"allow":["GET"]}}],"collection":[{"href":"https:\/\/regenerative-agriculture.danone.com\/de\/wp-json\/wp\/v2\/pages"}],"about":[{"href":"https:\/\/regenerative-agriculture.danone.com\/de\/wp-json\/wp\/v2\/types\/page"}],"author":[{"embeddable":true,"href":"https:\/\/regenerative-agriculture.danone.com\/de\/wp-json\/wp\/v2\/users\/1"}],"replies":[{"embeddable":true,"href":"https:\/\/regenerative-agriculture.danone.com\/de\/wp-json\/wp\/v2\/comments?post=34529"}],"version-history":[{"count":1,"href":"https:\/\/regenerative-agriculture.danone.com\/de\/wp-json\/wp\/v2\/pages\/34529\/revisions"}],"predecessor-version":[{"id":34530,"href":"https:\/\/regenerative-agriculture.danone.com\/de\/wp-json\/wp\/v2\/pages\/34529\/revisions\/34530"}],"wp:attachment":[{"href":"https:\/\/regenerative-agriculture.danone.com\/de\/wp-json\/wp\/v2\/media?parent=34529"}],"curies":[{"name":"wp","href":"https:\/\/api.w.org\/{rel}","templated":true}]}}